{"id":3699,"date":"2022-05-16T17:54:32","date_gmt":"2022-05-16T15:54:32","guid":{"rendered":"https:\/\/wp.gihmm.webofficeserver.info\/?page_id=3699"},"modified":"2022-07-19T09:16:58","modified_gmt":"2022-07-19T07:16:58","slug":"radon-messen-lassen","status":"publish","type":"page","link":"https:\/\/wp.gihmm.webofficeserver.info\/radon-messen-lassen\/","title":{"rendered":"Radon messen lassen"},"content":{"rendered":"<p>[vc_row css=&#8220;.vc_custom_1657268679052{padding-top: 30px !important;padding-bottom: 40px !important;background-color: #f1f1f1 !important;}&#8220;][vc_column width=&#8220;2\/3&#8243; offset=&#8220;vc_col-lg-offset-2 vc_col-md-offset-2 vc_col-sm-offset-2 vc_col-xs-12&#8243;][vc_custom_heading text=&#8220;Radon messen lassen: Optionen im Vergleich<br \/>\n&#8220; font_container=&#8220;tag:h1|text_align:center&#8220; use_theme_fonts=&#8220;yes&#8220; css=&#8220;.vc_custom_1657639634574{margin-top: 10px !important;margin-bottom: 20px !important;border-top-width: 0px !important;border-bottom-width: 0px !important;padding-top: 0px !important;padding-bottom: 0px !important;}&#8220;][vc_column_text css=&#8220;.vc_custom_1657639672642{margin-bottom: 30px !important;}&#8220; el_class=&#8220;max80&#8243;]<\/p>\n<h2 style=\"text-align: center;\"><span style=\"color: #d0011b;\">Wir bieten 4 Optionen zur Messung der Radonbelastung. Wir messen f\u00fcr Sie und werten aus.<\/span><\/h2>\n<p>[\/vc_column_text][vc_column_text css=&#8220;.vc_custom_1657787207881{margin-bottom: 30px !important;}&#8220; el_class=&#8220;max70&#8243;]<\/p>\n<p style=\"text-align: center;\">Das akkreditierte Pr\u00fcflabor der Firma GIHMM wurde durch das Bundesministerium f\u00fcr Klimaschutz erm\u00e4chtigt, Radonmessungen gem\u00e4\u00df der Radonschutzverordnung durchzuf\u00fchren. Wir verf\u00fcgen \u00fcber einen modernen Messger\u00e4tepark zur Messung der Aktivit\u00e4tskonzentration von Radon und werten die Daten f\u00fcr Sie \u00fcbersichtlich aus.<\/p>\n<p style=\"text-align: center;\"><strong>Durch unsere langj\u00e4hrige Erfahrung im Bereich Strahlenmesstechnik k\u00f6nnen wir unsere Unternehmen bei der Erf\u00fcllung der Radonschutzverordnung bestm\u00f6glich unterst\u00fctzen.<\/strong><\/p>\n<p>&nbsp;<\/p>\n<p style=\"text-align: center;\">Mehr Informationen \u00fcber die <a href=\"https:\/\/wp.gihmm.webofficeserver.info\/radon-messen\/\">Messung von Radon in \u00d6sterreich laut Strahlenschutzverordnung<\/a>.<\/p>\n<p>[\/vc_column_text][\/vc_column][\/vc_row][vc_row css=&#8220;.vc_custom_1657268651791{padding-top: 30px !important;padding-bottom: 40px !important;}&#8220;][vc_column width=&#8220;2\/3&#8243; offset=&#8220;vc_col-lg-offset-2 vc_col-md-offset-2 vc_col-sm-offset-2 vc_col-xs-12&#8243;][vc_column_text css=&#8220;.vc_custom_1658129124874{margin-bottom: 30px !important;}&#8220; el_class=&#8220;max80&#8243;]<\/p>\n<h2 style=\"text-align: center;\"><span style=\"color: #d0011b;\">Radonbelastung von Gihmm messen lassen \u2013 Optionen:<\/span><\/h2>\n<p>[\/vc_column_text][vc_column_text css=&#8220;.vc_custom_1657639023851{margin-bottom: 30px !important;}&#8220; el_class=&#8220;max70&#8243;]<\/p>\n<p style=\"text-align: center;\">Lassen Sie eine professionelle Radon Messung von uns durchf\u00fchren und Sie erhalten die Daten \u00fcbersichtlich ausgewertet und gepr\u00fcft. Im Anschluss besprechen wir m\u00f6gliche Ma\u00dfnahmen, wenn Grenzwerte \u00fcberschritten wurden.<\/p>\n<p>[\/vc_column_text][vc_column_text css=&#8220;.vc_custom_1658129776448{margin-bottom: 65px !important;}&#8220;]<\/p>\n<div class=\"resptable\">\n<table class=\"newtable newtablebig\" border=\"0\" width=\"100%\">\n<tbody>\n<tr>\n<td><\/td>\n<td class=\"newtablebg1\"><img decoding=\"async\" loading=\"lazy\" class=\"mb10px wp-image-3791 size-full aligncenter\" src=\"https:\/\/wp.gihmm.webofficeserver.info\/wp-content\/uploads\/2022\/07\/Gihmm_Radon_Messen_Icons.png\" alt=\"\" width=\"106\" height=\"106\" srcset=\"https:\/\/wp.gihmm.webofficeserver.info\/wp-content\/uploads\/2022\/07\/Gihmm_Radon_Messen_Icons.png 106w, https:\/\/wp.gihmm.webofficeserver.info\/wp-content\/uploads\/2022\/07\/Gihmm_Radon_Messen_Icons-50x50.png 50w, https:\/\/wp.gihmm.webofficeserver.info\/wp-content\/uploads\/2022\/07\/Gihmm_Radon_Messen_Icons-75x75.png 75w, https:\/\/wp.gihmm.webofficeserver.info\/wp-content\/uploads\/2022\/07\/Gihmm_Radon_Messen_Icons-85x85.png 85w, https:\/\/wp.gihmm.webofficeserver.info\/wp-content\/uploads\/2022\/07\/Gihmm_Radon_Messen_Icons-80x80.png 80w\" sizes=\"(max-width: 106px) 100vw, 106px\" \/><\/td>\n<td class=\"newtableborder1\"><img decoding=\"async\" loading=\"lazy\" class=\"aligncenter wp-image-3794 size-thumbnail\" title=\"einfache Radon Messung\" src=\"https:\/\/wp.gihmm.webofficeserver.info\/wp-content\/uploads\/2022\/07\/Gihmm_Radon_Messoptionen-1-150x150.jpg\" alt=\"akkreditierte einfache Radon-Messung\" width=\"150\" height=\"150\" srcset=\"https:\/\/wp.gihmm.webofficeserver.info\/wp-content\/uploads\/2022\/07\/Gihmm_Radon_Messoptionen-1-150x150.jpg 150w, https:\/\/wp.gihmm.webofficeserver.info\/wp-content\/uploads\/2022\/07\/Gihmm_Radon_Messoptionen-1-85x85.jpg 85w, https:\/\/wp.gihmm.webofficeserver.info\/wp-content\/uploads\/2022\/07\/Gihmm_Radon_Messoptionen-1-80x80.jpg 80w\" sizes=\"(max-width: 150px) 100vw, 150px\" \/><\/td>\n<td class=\"newtableborder1\"><img decoding=\"async\" loading=\"lazy\" class=\"aligncenter wp-image-3785 size-thumbnail\" title=\"akkreditierte erweiterte Radon-Messung\" src=\"https:\/\/wp.gihmm.webofficeserver.info\/wp-content\/uploads\/2022\/07\/Gihmm_Radon_Messoptionen2-150x150.jpg\" alt=\"akkreditierte erweiterte Radon-Messung\" width=\"150\" height=\"150\" srcset=\"https:\/\/wp.gihmm.webofficeserver.info\/wp-content\/uploads\/2022\/07\/Gihmm_Radon_Messoptionen2-150x150.jpg 150w, https:\/\/wp.gihmm.webofficeserver.info\/wp-content\/uploads\/2022\/07\/Gihmm_Radon_Messoptionen2-85x85.jpg 85w, https:\/\/wp.gihmm.webofficeserver.info\/wp-content\/uploads\/2022\/07\/Gihmm_Radon_Messoptionen2-80x80.jpg 80w\" sizes=\"(max-width: 150px) 100vw, 150px\" \/><\/td>\n<td class=\"newtableborder1\"><img decoding=\"async\" loading=\"lazy\" class=\"aligncenter wp-image-3785 size-thumbnail\" title=\"Radon Orientierungs-Messung\" src=\"https:\/\/wp.gihmm.webofficeserver.info\/wp-content\/uploads\/2022\/07\/Gihmm_Radon_Messoptionen2-150x150.jpg\" alt=\"Radon Orientierungs-Messung\" width=\"150\" height=\"150\" srcset=\"https:\/\/wp.gihmm.webofficeserver.info\/wp-content\/uploads\/2022\/07\/Gihmm_Radon_Messoptionen2-150x150.jpg 150w, https:\/\/wp.gihmm.webofficeserver.info\/wp-content\/uploads\/2022\/07\/Gihmm_Radon_Messoptionen2-85x85.jpg 85w, https:\/\/wp.gihmm.webofficeserver.info\/wp-content\/uploads\/2022\/07\/Gihmm_Radon_Messoptionen2-80x80.jpg 80w\" sizes=\"(max-width: 150px) 100vw, 150px\" \/><\/td>\n<td class=\"newtableborder1\"><img decoding=\"async\" loading=\"lazy\" class=\"aligncenter wp-image-3783 size-thumbnail\" title=\"Raumluftqualit\u00e4ts-Messung\" src=\"https:\/\/wp.gihmm.webofficeserver.info\/wp-content\/uploads\/2022\/07\/Gihmm_Radon_Messoptionen3-150x150.jpg\" alt=\"Raumluftqualit\u00e4ts-Messung inkl. Radon\" width=\"150\" height=\"150\" srcset=\"https:\/\/wp.gihmm.webofficeserver.info\/wp-content\/uploads\/2022\/07\/Gihmm_Radon_Messoptionen3-150x150.jpg 150w, https:\/\/wp.gihmm.webofficeserver.info\/wp-content\/uploads\/2022\/07\/Gihmm_Radon_Messoptionen3-85x85.jpg 85w, https:\/\/wp.gihmm.webofficeserver.info\/wp-content\/uploads\/2022\/07\/Gihmm_Radon_Messoptionen3-80x80.jpg 80w\" sizes=\"(max-width: 150px) 100vw, 150px\" \/><\/td>\n<\/tr>\n<tr>\n<td><\/td>\n<td class=\"newtablelab1\" style=\"text-align: center;\">\u201eDoserl\u201c Anbieter<\/td>\n<td class=\"newtablelab2 borderightwhite\" style=\"text-align: center;\">Gihmm Option 1<br \/>\nakkreditierte einfache Radon-Messung<\/td>\n<td class=\"newtablelab2 borderightwhite\" style=\"text-align: center;\">Gihmm Option 2<br \/>\nakkreditierte erweiterte Radon-Messung<\/td>\n<td class=\"newtablelab2 borderightwhite\" style=\"text-align: center;\">Gihmm Option 3<br \/>\nRadon-Orientierungs-Messung<\/td>\n<td class=\"newtablelab2\" style=\"text-align: center;\">Gihmm Option 4<br \/>\nRaumluftqualit\u00e4ts-Messung (inkl. Radon)<\/td>\n<\/tr>\n<tr>\n<td><\/td>\n<td class=\"newtablebg1 borderbot\"><\/td>\n<td class=\"newtablelab3 borderightwhite\" style=\"text-align: center;\">Ideal f\u00fcr Messungen gem\u00e4\u00df Radonschutzverordnung<\/td>\n<td class=\"newtablelab3 borderightwhite\" style=\"text-align: center;\">Ideal f\u00fcr Messungen gem\u00e4\u00df Radonschutzverordnung<\/td>\n<td class=\"newtablelab3 borderightwhite\" style=\"text-align: center;\">Ideal f\u00fcr den schnellen \u00dcberblick<\/td>\n<td class=\"newtablelab3\" style=\"text-align: center;\">Ideal f\u00fcr Raumluft-\u00dcberwachung<\/td>\n<\/tr>\n<tr class=\"borderbot\">\n<td>zeitaufl\u00f6send<\/td>\n<td class=\"newtablebg1\"><img decoding=\"async\" loading=\"lazy\" class=\"wp-image-3718 size-full aligncenter\" src=\"https:\/\/wp.gihmm.webofficeserver.info\/wp-content\/uploads\/2022\/05\/Gihmm_uncheck.png\" alt=\"\" width=\"39\" height=\"42\" \/><\/td>\n<td><img decoding=\"async\" loading=\"lazy\" class=\"wp-image-3718 size-full aligncenter\" src=\"https:\/\/wp.gihmm.webofficeserver.info\/wp-content\/uploads\/2022\/05\/Gihmm_uncheck.png\" alt=\"\" width=\"39\" height=\"42\" \/><\/td>\n<td><img decoding=\"async\" loading=\"lazy\" class=\"wp-image-3716 size-full aligncenter\" src=\"https:\/\/wp.gihmm.webofficeserver.info\/wp-content\/uploads\/2022\/05\/Gihmm_check.png\" alt=\"\" width=\"39\" height=\"42\" \/><\/td>\n<td><img decoding=\"async\" loading=\"lazy\" class=\"wp-image-3716 size-full aligncenter\" src=\"https:\/\/wp.gihmm.webofficeserver.info\/wp-content\/uploads\/2022\/05\/Gihmm_check.png\" alt=\"\" width=\"39\" height=\"42\" \/><\/td>\n<td><img decoding=\"async\" loading=\"lazy\" class=\"wp-image-3716 size-full aligncenter\" src=\"https:\/\/wp.gihmm.webofficeserver.info\/wp-content\/uploads\/2022\/05\/Gihmm_check.png\" alt=\"\" width=\"39\" height=\"42\" \/><\/td>\n<\/tr>\n<tr class=\"borderbot\">\n<td>Stundenmittelwerte<\/td>\n<td class=\"newtablebg1\"><img decoding=\"async\" loading=\"lazy\" class=\"wp-image-3718 size-full aligncenter\" src=\"https:\/\/wp.gihmm.webofficeserver.info\/wp-content\/uploads\/2022\/05\/Gihmm_uncheck.png\" alt=\"\" width=\"39\" height=\"42\" \/><\/td>\n<td><img decoding=\"async\" loading=\"lazy\" class=\"wp-image-3718 size-full aligncenter\" src=\"https:\/\/wp.gihmm.webofficeserver.info\/wp-content\/uploads\/2022\/05\/Gihmm_uncheck.png\" alt=\"\" width=\"39\" height=\"42\" \/><\/td>\n<td><img decoding=\"async\" loading=\"lazy\" class=\"wp-image-3716 size-full aligncenter\" src=\"https:\/\/wp.gihmm.webofficeserver.info\/wp-content\/uploads\/2022\/05\/Gihmm_check.png\" alt=\"\" width=\"39\" height=\"42\" \/><\/td>\n<td><img decoding=\"async\" loading=\"lazy\" class=\"wp-image-3716 size-full aligncenter\" src=\"https:\/\/wp.gihmm.webofficeserver.info\/wp-content\/uploads\/2022\/05\/Gihmm_check.png\" alt=\"\" width=\"39\" height=\"42\" \/><\/td>\n<td><img decoding=\"async\" loading=\"lazy\" class=\"wp-image-3718 size-full aligncenter\" src=\"https:\/\/wp.gihmm.webofficeserver.info\/wp-content\/uploads\/2022\/05\/Gihmm_uncheck.png\" alt=\"\" width=\"39\" height=\"42\" \/><\/td>\n<\/tr>\n<tr class=\"borderbot\">\n<td>Anzeige<\/td>\n<td class=\"newtablebg1\"><img decoding=\"async\" loading=\"lazy\" class=\"wp-image-3718 size-full aligncenter\" src=\"https:\/\/wp.gihmm.webofficeserver.info\/wp-content\/uploads\/2022\/05\/Gihmm_uncheck.png\" alt=\"\" width=\"39\" height=\"42\" \/><\/td>\n<td><img decoding=\"async\" loading=\"lazy\" class=\"wp-image-3716 size-full aligncenter\" src=\"https:\/\/wp.gihmm.webofficeserver.info\/wp-content\/uploads\/2022\/05\/Gihmm_check.png\" alt=\"\" width=\"39\" height=\"42\" \/><\/td>\n<td><img decoding=\"async\" loading=\"lazy\" class=\"wp-image-3718 size-full aligncenter\" src=\"https:\/\/wp.gihmm.webofficeserver.info\/wp-content\/uploads\/2022\/05\/Gihmm_uncheck.png\" alt=\"\" width=\"39\" height=\"42\" \/><\/td>\n<td><img decoding=\"async\" loading=\"lazy\" class=\"wp-image-3718 size-full aligncenter\" src=\"https:\/\/wp.gihmm.webofficeserver.info\/wp-content\/uploads\/2022\/05\/Gihmm_uncheck.png\" alt=\"\" width=\"39\" height=\"42\" \/><\/td>\n<td><img decoding=\"async\" loading=\"lazy\" class=\"wp-image-3716 size-full aligncenter\" src=\"https:\/\/wp.gihmm.webofficeserver.info\/wp-content\/uploads\/2022\/05\/Gihmm_check.png\" alt=\"\" width=\"39\" height=\"42\" \/><\/td>\n<\/tr>\n<tr class=\"borderbot\">\n<td>ausschlie\u00dfliche Ber\u00fccksichtigung der Arbeitszeit m\u00f6glich<\/td>\n<td class=\"newtablebg1\"><img decoding=\"async\" loading=\"lazy\" class=\"wp-image-3718 size-full aligncenter\" src=\"https:\/\/wp.gihmm.webofficeserver.info\/wp-content\/uploads\/2022\/05\/Gihmm_uncheck.png\" alt=\"\" width=\"39\" height=\"42\" \/><\/td>\n<td><img decoding=\"async\" loading=\"lazy\" class=\"wp-image-3718 size-full aligncenter\" src=\"https:\/\/wp.gihmm.webofficeserver.info\/wp-content\/uploads\/2022\/05\/Gihmm_uncheck.png\" alt=\"\" width=\"39\" height=\"42\" \/><\/td>\n<td><img decoding=\"async\" loading=\"lazy\" class=\"wp-image-3716 size-full aligncenter\" src=\"https:\/\/wp.gihmm.webofficeserver.info\/wp-content\/uploads\/2022\/05\/Gihmm_check.png\" alt=\"\" width=\"39\" height=\"42\" \/><\/td>\n<td><img decoding=\"async\" loading=\"lazy\" class=\"wp-image-3716 size-full aligncenter\" src=\"https:\/\/wp.gihmm.webofficeserver.info\/wp-content\/uploads\/2022\/05\/Gihmm_check.png\" alt=\"\" width=\"39\" height=\"42\" \/><\/td>\n<td><img decoding=\"async\" loading=\"lazy\" class=\"wp-image-3718 size-full aligncenter\" src=\"https:\/\/wp.gihmm.webofficeserver.info\/wp-content\/uploads\/2022\/05\/Gihmm_uncheck.png\" alt=\"\" width=\"39\" height=\"42\" \/><\/td>\n<\/tr>\n<tr class=\"borderbot\">\n<td>Vermeidung nicht notwendiger Sanierungsma\u00dfnahmen<\/td>\n<td class=\"newtablebg1\"><img decoding=\"async\" loading=\"lazy\" class=\"wp-image-3718 size-full aligncenter\" src=\"https:\/\/wp.gihmm.webofficeserver.info\/wp-content\/uploads\/2022\/05\/Gihmm_uncheck.png\" alt=\"\" width=\"39\" height=\"42\" \/><\/td>\n<td><img decoding=\"async\" loading=\"lazy\" class=\"wp-image-3718 size-full aligncenter\" src=\"https:\/\/wp.gihmm.webofficeserver.info\/wp-content\/uploads\/2022\/05\/Gihmm_uncheck.png\" alt=\"\" width=\"39\" height=\"42\" \/><\/td>\n<td><img decoding=\"async\" loading=\"lazy\" class=\"wp-image-3716 size-full aligncenter\" src=\"https:\/\/wp.gihmm.webofficeserver.info\/wp-content\/uploads\/2022\/05\/Gihmm_check.png\" alt=\"\" width=\"39\" height=\"42\" \/><\/td>\n<td><img decoding=\"async\" loading=\"lazy\" class=\"wp-image-3716 size-full aligncenter\" src=\"https:\/\/wp.gihmm.webofficeserver.info\/wp-content\/uploads\/2022\/05\/Gihmm_check.png\" alt=\"\" width=\"39\" height=\"42\" \/><\/td>\n<td><img decoding=\"async\" loading=\"lazy\" class=\"wp-image-3718 size-full aligncenter\" src=\"https:\/\/wp.gihmm.webofficeserver.info\/wp-content\/uploads\/2022\/05\/Gihmm_uncheck.png\" alt=\"\" width=\"39\" height=\"42\" \/><\/td>\n<\/tr>\n<tr class=\"borderbot\">\n<td>umfassende Raumluft-Qualit\u00e4ts\u00fcberwachung<\/td>\n<td class=\"newtablebg1\"><img decoding=\"async\" loading=\"lazy\" class=\"wp-image-3718 size-full aligncenter\" src=\"https:\/\/wp.gihmm.webofficeserver.info\/wp-content\/uploads\/2022\/05\/Gihmm_uncheck.png\" alt=\"\" width=\"39\" height=\"42\" \/><\/td>\n<td><img decoding=\"async\" loading=\"lazy\" class=\"wp-image-3718 size-full aligncenter\" src=\"https:\/\/wp.gihmm.webofficeserver.info\/wp-content\/uploads\/2022\/05\/Gihmm_uncheck.png\" alt=\"\" width=\"39\" height=\"42\" \/><\/td>\n<td><img decoding=\"async\" loading=\"lazy\" class=\"wp-image-3718 size-full aligncenter\" src=\"https:\/\/wp.gihmm.webofficeserver.info\/wp-content\/uploads\/2022\/05\/Gihmm_uncheck.png\" alt=\"\" width=\"39\" height=\"42\" \/><\/td>\n<td><img decoding=\"async\" loading=\"lazy\" class=\"wp-image-3718 size-full aligncenter\" src=\"https:\/\/wp.gihmm.webofficeserver.info\/wp-content\/uploads\/2022\/05\/Gihmm_uncheck.png\" alt=\"\" width=\"39\" height=\"42\" \/><\/td>\n<td><img decoding=\"async\" loading=\"lazy\" class=\"wp-image-3716 size-full aligncenter\" src=\"https:\/\/wp.gihmm.webofficeserver.info\/wp-content\/uploads\/2022\/05\/Gihmm_check.png\" alt=\"\" width=\"39\" height=\"42\" \/><\/td>\n<\/tr>\n<tr class=\"borderbot\">\n<td>Messzeit<\/td>\n<td class=\"newtablebg1\"><\/td>\n<td style=\"text-align: center;\">6 Monate<\/td>\n<td style=\"text-align: center;\">6 Monate<\/td>\n<td style=\"text-align: center;\">1\u20132 Wochen<\/td>\n<td style=\"text-align: center;\">nach Vereinbarung<\/td>\n<\/tr>\n<tr class=\"borderbot\">\n<td>Toleranz (7 Tage Messzeit)<\/td>\n<td class=\"newtablebg1\"><\/td>\n<td style=\"text-align: center;\">10%<\/td>\n<td style=\"text-align: center;\">5%<\/td>\n<td style=\"text-align: center;\">5%<\/td>\n<td style=\"text-align: center;\">10%<\/td>\n<\/tr>\n<tr>\n<td><\/td>\n<td><\/td>\n<td class=\"newtablelab2 borderightwhite\" style=\"text-align: center;\"><a href=\"https:\/\/wp.gihmm.webofficeserver.info\/support\/\">Option 1 anfragen<\/a><\/td>\n<td class=\"newtablelab2 borderightwhite\" style=\"text-align: center;\"><a href=\"https:\/\/wp.gihmm.webofficeserver.info\/support\/\">Option 2 anfragen<\/a><\/td>\n<td class=\"newtablelab2 borderightwhite\" style=\"text-align: center;\"><a href=\"https:\/\/wp.gihmm.webofficeserver.info\/support\/\">Option 3 anfragen<\/a><\/td>\n<td class=\"newtablelab2\" style=\"text-align: center;\"><a href=\"https:\/\/wp.gihmm.webofficeserver.info\/support\/\">Option 4 anfragen<\/a><\/td>\n<\/tr>\n<\/tbody>\n<\/table>\n<\/div>\n<p>[\/vc_column_text][\/vc_column][\/vc_row][vc_row][vc_column][vc_column_text]<\/p>\n<p style=\"text-align: center;\"><a class=\"redbtn3\" href=\"https:\/\/wp.gihmm.webofficeserver.info\/radon-messen\/\">Fragen und Antworten zur Messung von Radon am Arbeitsplatz.\u00a0<\/a><\/p>\n<p style=\"text-align: center;\"><a class=\"redbtn3\" href=\"https:\/\/wp.gihmm.webofficeserver.info\/radon-messen\/radon-mess-geraete\/\">Radonmessger\u00e4te kaufen<\/a><\/p>\n<p>[\/vc_column_text][\/vc_column][\/vc_row][vc_row el_class=&#8220;call-to-action&#8220; css=&#8220;.vc_custom_1494944009560{background-color: #d0011b !important;}&#8220;][vc_column width=&#8220;5\/6&#8243; offset=&#8220;vc_col-md-offset-2 vc_col-md-8 vc_col-sm-offset-1 vc_col-xs-offset-1 vc_col-xs-10&#8243;][vc_cta h2=&#8220;KONTAKTIEREN SIE UNS!&#8220; h4=&#8220;WIR FREUEN UNS AUF IHRE ANFRAGE&#8220; shape=&#8220;square&#8220; style=&#8220;custom&#8220; add_button=&#8220;right&#8220; btn_title=&#8220;KONTAKT&#8220; btn_style=&#8220;classic&#8220; btn_color=&#8220;white&#8220; btn_size=&#8220;lg&#8220; btn_i_align=&#8220;right&#8220; btn_i_icon_fontawesome=&#8220;fa fa-arrow-circle-right&#8220; btn_add_icon=&#8220;true&#8220; custom_background=&#8220;#d0011b&#8220; btn_link=&#8220;url:https%3A%2F%2Fwp.gihmm.webofficeserver.info%2Fsupport%2F|title:SUPPORT%20UND%20KONTAKT||&#8220; custom_text=&#8220;#ffffff&#8220;][\/vc_cta][\/vc_column][\/vc_row]<\/p>\n","protected":false},"excerpt":{"rendered":"<p>[vc_row css=&#8220;.vc_custom_1657268679052{padding-top: 30px !important;padding-bottom: 40px !important;background-color: #f1f1f1 !important;}&#8220;][vc_column width=&#8220;2\/3&#8243; offset=&#8220;vc_col-lg-offset-2 vc_col-md-offset-2 vc_col-sm-offset-2 vc_col-xs-12&#8243;][vc_custom_heading text=&#8220;Radon messen lassen: Optionen im Vergleich &#8220; font_container=&#8220;tag:h1|text_align:center&#8220; use_theme_fonts=&#8220;yes&#8220; css=&#8220;.vc_custom_1657639634574{margin-top: 10px !important;margin-bottom: 20px<span class=\"excerpt-hellip\"> [\u2026]<\/span><\/p>\n","protected":false},"author":6,"featured_media":0,"parent":0,"menu_order":0,"comment_status":"closed","ping_status":"closed","template":"","meta":[],"yoast_head":"<!-- This site is optimized with the Yoast SEO plugin v19.10 - https:\/\/yoast.com\/wordpress\/plugins\/seo\/ -->\n<title>Radon messen lassen - Radonbelastung professionell messen<\/title>\n<meta name=\"description\" content=\"Ghimm bieten Ihnen verschiedene Optionen zur Messung der Radonbelastung. Lassen Sie Radon vom Experten messen und auswerten. &gt;&gt; Optionen ansehen\" \/>\n<meta name=\"robots\" content=\"index, follow, max-snippet:-1, max-image-preview:large, max-video-preview:-1\" \/>\n<link rel=\"canonical\" href=\"https:\/\/wp.gihmm.webofficeserver.info\/radon-messen-lassen\/\" \/>\n<meta property=\"og:locale\" content=\"de_DE\" \/>\n<meta property=\"og:type\" content=\"article\" \/>\n<meta property=\"og:title\" content=\"Radon messen lassen - Radonbelastung professionell messen\" \/>\n<meta property=\"og:description\" content=\"Ghimm bieten Ihnen verschiedene Optionen zur Messung der Radonbelastung. Lassen Sie Radon vom Experten messen und auswerten. &gt;&gt; Optionen ansehen\" \/>\n<meta property=\"og:url\" content=\"https:\/\/wp.gihmm.webofficeserver.info\/radon-messen-lassen\/\" \/>\n<meta property=\"og:site_name\" content=\"Gihmm\" \/>\n<meta property=\"article:modified_time\" content=\"2022-07-19T07:16:58+00:00\" \/>\n<meta property=\"og:image\" content=\"https:\/\/wp.gihmm.webofficeserver.info\/wp-content\/uploads\/2022\/07\/Gihmm_Radon_Messen_Icons.png\" \/>\n<meta name=\"twitter:card\" content=\"summary_large_image\" \/>\n<meta name=\"twitter:label1\" content=\"Gesch\u00e4tzte Lesezeit\" \/>\n\t<meta name=\"twitter:data1\" content=\"3\u00a0Minuten\" \/>\n<script type=\"application\/ld+json\" class=\"yoast-schema-graph\">{\"@context\":\"https:\/\/schema.org\",\"@graph\":[{\"@type\":\"WebPage\",\"@id\":\"https:\/\/wp.gihmm.webofficeserver.info\/radon-messen-lassen\/\",\"url\":\"https:\/\/wp.gihmm.webofficeserver.info\/radon-messen-lassen\/\",\"name\":\"Radon messen lassen - Radonbelastung professionell messen\",\"isPartOf\":{\"@id\":\"https:\/\/wp.gihmm.webofficeserver.info\/#website\"},\"datePublished\":\"2022-05-16T15:54:32+00:00\",\"dateModified\":\"2022-07-19T07:16:58+00:00\",\"description\":\"Ghimm bieten Ihnen verschiedene Optionen zur Messung der Radonbelastung. Lassen Sie Radon vom Experten messen und auswerten. >> Optionen ansehen\",\"breadcrumb\":{\"@id\":\"https:\/\/wp.gihmm.webofficeserver.info\/radon-messen-lassen\/#breadcrumb\"},\"inLanguage\":\"de\",\"potentialAction\":[{\"@type\":\"ReadAction\",\"target\":[\"https:\/\/wp.gihmm.webofficeserver.info\/radon-messen-lassen\/\"]}]},{\"@type\":\"BreadcrumbList\",\"@id\":\"https:\/\/wp.gihmm.webofficeserver.info\/radon-messen-lassen\/#breadcrumb\",\"itemListElement\":[{\"@type\":\"ListItem\",\"position\":1,\"name\":\"Home\",\"item\":\"https:\/\/wp.gihmm.webofficeserver.info\/\"},{\"@type\":\"ListItem\",\"position\":2,\"name\":\"Radon messen lassen\"}]},{\"@type\":\"WebSite\",\"@id\":\"https:\/\/wp.gihmm.webofficeserver.info\/#website\",\"url\":\"https:\/\/wp.gihmm.webofficeserver.info\/\",\"name\":\"Gihmm\",\"description\":\"Face the invisibility\",\"potentialAction\":[{\"@type\":\"SearchAction\",\"target\":{\"@type\":\"EntryPoint\",\"urlTemplate\":\"https:\/\/wp.gihmm.webofficeserver.info\/?s={search_term_string}\"},\"query-input\":\"required name=search_term_string\"}],\"inLanguage\":\"de\"}]}<\/script>\n<!-- \/ Yoast SEO plugin. -->","yoast_head_json":{"title":"Radon messen lassen - Radonbelastung professionell messen","description":"Ghimm bieten Ihnen verschiedene Optionen zur Messung der Radonbelastung. Lassen Sie Radon vom Experten messen und auswerten. >> Optionen ansehen","robots":{"index":"index","follow":"follow","max-snippet":"max-snippet:-1","max-image-preview":"max-image-preview:large","max-video-preview":"max-video-preview:-1"},"canonical":"https:\/\/wp.gihmm.webofficeserver.info\/radon-messen-lassen\/","og_locale":"de_DE","og_type":"article","og_title":"Radon messen lassen - Radonbelastung professionell messen","og_description":"Ghimm bieten Ihnen verschiedene Optionen zur Messung der Radonbelastung. Lassen Sie Radon vom Experten messen und auswerten. >> Optionen ansehen","og_url":"https:\/\/wp.gihmm.webofficeserver.info\/radon-messen-lassen\/","og_site_name":"Gihmm","article_modified_time":"2022-07-19T07:16:58+00:00","og_image":[{"url":"https:\/\/wp.gihmm.webofficeserver.info\/wp-content\/uploads\/2022\/07\/Gihmm_Radon_Messen_Icons.png"}],"twitter_card":"summary_large_image","twitter_misc":{"Gesch\u00e4tzte Lesezeit":"3\u00a0Minuten"},"schema":{"@context":"https:\/\/schema.org","@graph":[{"@type":"WebPage","@id":"https:\/\/wp.gihmm.webofficeserver.info\/radon-messen-lassen\/","url":"https:\/\/wp.gihmm.webofficeserver.info\/radon-messen-lassen\/","name":"Radon messen lassen - Radonbelastung professionell messen","isPartOf":{"@id":"https:\/\/wp.gihmm.webofficeserver.info\/#website"},"datePublished":"2022-05-16T15:54:32+00:00","dateModified":"2022-07-19T07:16:58+00:00","description":"Ghimm bieten Ihnen verschiedene Optionen zur Messung der Radonbelastung. Lassen Sie Radon vom Experten messen und auswerten. >> Optionen ansehen","breadcrumb":{"@id":"https:\/\/wp.gihmm.webofficeserver.info\/radon-messen-lassen\/#breadcrumb"},"inLanguage":"de","potentialAction":[{"@type":"ReadAction","target":["https:\/\/wp.gihmm.webofficeserver.info\/radon-messen-lassen\/"]}]},{"@type":"BreadcrumbList","@id":"https:\/\/wp.gihmm.webofficeserver.info\/radon-messen-lassen\/#breadcrumb","itemListElement":[{"@type":"ListItem","position":1,"name":"Home","item":"https:\/\/wp.gihmm.webofficeserver.info\/"},{"@type":"ListItem","position":2,"name":"Radon messen lassen"}]},{"@type":"WebSite","@id":"https:\/\/wp.gihmm.webofficeserver.info\/#website","url":"https:\/\/wp.gihmm.webofficeserver.info\/","name":"Gihmm","description":"Face the invisibility","potentialAction":[{"@type":"SearchAction","target":{"@type":"EntryPoint","urlTemplate":"https:\/\/wp.gihmm.webofficeserver.info\/?s={search_term_string}"},"query-input":"required name=search_term_string"}],"inLanguage":"de"}]}},"_links":{"self":[{"href":"https:\/\/wp.gihmm.webofficeserver.info\/wordpress\/wp-json\/wp\/v2\/pages\/3699"}],"collection":[{"href":"https:\/\/wp.gihmm.webofficeserver.info\/wordpress\/wp-json\/wp\/v2\/pages"}],"about":[{"href":"https:\/\/wp.gihmm.webofficeserver.info\/wordpress\/wp-json\/wp\/v2\/types\/page"}],"author":[{"embeddable":true,"href":"https:\/\/wp.gihmm.webofficeserver.info\/wordpress\/wp-json\/wp\/v2\/users\/6"}],"replies":[{"embeddable":true,"href":"https:\/\/wp.gihmm.webofficeserver.info\/wordpress\/wp-json\/wp\/v2\/comments?post=3699"}],"version-history":[{"count":45,"href":"https:\/\/wp.gihmm.webofficeserver.info\/wordpress\/wp-json\/wp\/v2\/pages\/3699\/revisions"}],"predecessor-version":[{"id":3820,"href":"https:\/\/wp.gihmm.webofficeserver.info\/wordpress\/wp-json\/wp\/v2\/pages\/3699\/revisions\/3820"}],"wp:attachment":[{"href":"https:\/\/wp.gihmm.webofficeserver.info\/wordpress\/wp-json\/wp\/v2\/media?parent=3699"}],"curies":[{"name":"wp","href":"https:\/\/api.w.org\/{rel}","templated":true}]}}