{"id":3405,"date":"2021-09-06T12:45:44","date_gmt":"2021-09-06T10:45:44","guid":{"rendered":"https:\/\/wp.gihmm.webofficeserver.info\/?page_id=3405"},"modified":"2021-09-06T12:59:09","modified_gmt":"2021-09-06T10:59:09","slug":"news","status":"publish","type":"page","link":"https:\/\/wp.gihmm.webofficeserver.info\/news\/","title":{"rendered":"News"},"content":{"rendered":"<p>[vc_row][vc_column][\/vc_column][\/vc_row][vc_row el_id=&#8220;newportfolio&#8220; css=&#8220;.vc_custom_1630925188633{margin-top: 50px !important;margin-bottom: 50px !important;}&#8220; el_class=&#8220;productdetail&#8220;][vc_column width=&#8220;1\/2&#8243; offset=&#8220;vc_col-lg-offset-2 vc_col-md-offset-2 vc_col-sm-offset-2 vc_col-xs-offset-1 vc_col-xs-10&#8243; css=&#8220;.vc_custom_1556478811787{margin-bottom: 0px !important;}&#8220;][vc_column_text css=&#8220;.vc_custom_1630925122374{margin-bottom: 30px !important;}&#8220;]<\/p>\n<h1 style=\"text-align: left;\">Aktuelles<\/h1>\n<p>Coming soon[\/vc_column_text][vc_masonry_grid post_type=&#8220;post&#8220; max_items=&#8220;-1&#8243; orderby=&#8220;title&#8220; order=&#8220;ASC&#8220; grid_id=&#8220;vc_gid:1630925928776-f1122591-74d7-3&#8243; taxonomies=&#8220;1&#8243; css=&#8220;.vc_custom_1630925944882{margin-top: 0px !important;margin-bottom: 0px !important;}&#8220;][\/vc_column][vc_column width=&#8220;1\/6&#8243; css=&#8220;.vc_custom_1556480310713{padding-top: 30px !important;}&#8220;][vc_column_text]<strong>PERS\u00d6NLICHE BERATUNG<\/strong><\/p>\n<p style=\"text-align: left;\">Da wir gro\u00dfen Wert auf eine ausf\u00fchrliche und fachlich kompetente Beratung legen, z\u00f6gern Sie bitte nicht, uns bei Fragen jeder Art zu kontaktieren.<\/p>\n<p><a class=\"redlink\" href=\"tel:+43226680216218\">+43 (0) 2266 80216 218<\/a><br \/>\n<a class=\"redlink\" href=\"&#x6d;&#97;i&#x6c;&#116;o&#x3a;&#105;n&#x66;&#111;&#64;&#x67;&#105;h&#x6d;&#109;&#46;&#x63;&#111;m\">E-MAIL SCHICKEN<\/a>[\/vc_column_text][\/vc_column][\/vc_row][vc_row el_class=&#8220;call-to-action&#8220; css=&#8220;.vc_custom_1556480183137{background-color: #d0011b !important;}&#8220;][vc_column width=&#8220;5\/6&#8243; offset=&#8220;vc_col-md-offset-2 vc_col-md-8 vc_col-sm-offset-1 vc_col-xs-offset-1 vc_col-xs-10&#8243;][vc_cta h2=&#8220;KONTAKTIEREN SIE UNS!&#8220; h4=&#8220;WIR FREUEN UNS AUF IHRE ANFRAGE&#8220; shape=&#8220;square&#8220; style=&#8220;custom&#8220; add_button=&#8220;right&#8220; btn_title=&#8220;KONTAKT&#8220; btn_style=&#8220;classic&#8220; btn_color=&#8220;white&#8220; btn_size=&#8220;lg&#8220; btn_i_align=&#8220;right&#8220; btn_i_icon_fontawesome=&#8220;fa fa-arrow-circle-right&#8220; btn_add_icon=&#8220;true&#8220; custom_background=&#8220;#d0011b&#8220; btn_link=&#8220;url:https%3A%2F%2Fwp.gihmm.webofficeserver.info%2Fsupport%2F|||&#8220; custom_text=&#8220;#ffffff&#8220;][\/vc_cta][\/vc_column][\/vc_row]<\/p>\n","protected":false},"excerpt":{"rendered":"<p>[vc_row][vc_column][\/vc_column][\/vc_row][vc_row el_id=&#8220;newportfolio&#8220; css=&#8220;.vc_custom_1630925188633{margin-top: 50px !important;margin-bottom: 50px !important;}&#8220; el_class=&#8220;productdetail&#8220;][vc_column width=&#8220;1\/2&#8243; offset=&#8220;vc_col-lg-offset-2 vc_col-md-offset-2 vc_col-sm-offset-2 vc_col-xs-offset-1 vc_col-xs-10&#8243; css=&#8220;.vc_custom_1556478811787{margin-bottom: 0px !important;}&#8220;][vc_column_text css=&#8220;.vc_custom_1630925122374{margin-bottom: 30px !important;}&#8220;] Aktuelles Coming soon[\/vc_column_text][vc_masonry_grid post_type=&#8220;post&#8220; max_items=&#8220;-1&#8243; orderby=&#8220;title&#8220;<span class=\"excerpt-hellip\"> [\u2026]<\/span><\/p>\n","protected":false},"author":6,"featured_media":0,"parent":0,"menu_order":0,"comment_status":"closed","ping_status":"closed","template":"","meta":[],"yoast_head":"<!-- This site is optimized with the Yoast SEO plugin v19.10 - https:\/\/yoast.com\/wordpress\/plugins\/seo\/ -->\n<title>News<\/title>\n<meta name=\"description\" content=\"Als Komplettanbieter f\u00fcr Ger\u00e4te zur Messung von Radioaktivit\u00e4t bietet Gihmm auch passendes Zubeh\u00f6r wie z.B. Solarstationen, Wandschr\u00e4nke oder Datalogger.\" \/>\n<meta name=\"robots\" content=\"index, follow, max-snippet:-1, max-image-preview:large, max-video-preview:-1\" \/>\n<link rel=\"canonical\" href=\"https:\/\/wp.gihmm.webofficeserver.info\/news\/\" \/>\n<meta property=\"og:locale\" content=\"de_DE\" \/>\n<meta property=\"og:type\" content=\"article\" \/>\n<meta property=\"og:title\" content=\"News\" \/>\n<meta property=\"og:description\" content=\"Als Komplettanbieter f\u00fcr Ger\u00e4te zur Messung von Radioaktivit\u00e4t bietet Gihmm auch passendes Zubeh\u00f6r wie z.B. Solarstationen, Wandschr\u00e4nke oder Datalogger.\" \/>\n<meta property=\"og:url\" content=\"https:\/\/wp.gihmm.webofficeserver.info\/news\/\" \/>\n<meta property=\"og:site_name\" content=\"Gihmm\" \/>\n<meta property=\"article:modified_time\" content=\"2021-09-06T10:59:09+00:00\" \/>\n<meta name=\"twitter:card\" content=\"summary_large_image\" \/>\n<meta name=\"twitter:label1\" content=\"Gesch\u00e4tzte Lesezeit\" \/>\n\t<meta name=\"twitter:data1\" content=\"1\u00a0Minute\" \/>\n<script type=\"application\/ld+json\" class=\"yoast-schema-graph\">{\"@context\":\"https:\/\/schema.org\",\"@graph\":[{\"@type\":\"WebPage\",\"@id\":\"https:\/\/wp.gihmm.webofficeserver.info\/news\/\",\"url\":\"https:\/\/wp.gihmm.webofficeserver.info\/news\/\",\"name\":\"News\",\"isPartOf\":{\"@id\":\"https:\/\/wp.gihmm.webofficeserver.info\/#website\"},\"datePublished\":\"2021-09-06T10:45:44+00:00\",\"dateModified\":\"2021-09-06T10:59:09+00:00\",\"description\":\"Als Komplettanbieter f\u00fcr Ger\u00e4te zur Messung von Radioaktivit\u00e4t bietet Gihmm auch passendes Zubeh\u00f6r wie z.B. Solarstationen, Wandschr\u00e4nke oder Datalogger.\",\"breadcrumb\":{\"@id\":\"https:\/\/wp.gihmm.webofficeserver.info\/news\/#breadcrumb\"},\"inLanguage\":\"de\",\"potentialAction\":[{\"@type\":\"ReadAction\",\"target\":[\"https:\/\/wp.gihmm.webofficeserver.info\/news\/\"]}]},{\"@type\":\"BreadcrumbList\",\"@id\":\"https:\/\/wp.gihmm.webofficeserver.info\/news\/#breadcrumb\",\"itemListElement\":[{\"@type\":\"ListItem\",\"position\":1,\"name\":\"Home\",\"item\":\"https:\/\/wp.gihmm.webofficeserver.info\/\"},{\"@type\":\"ListItem\",\"position\":2,\"name\":\"News\"}]},{\"@type\":\"WebSite\",\"@id\":\"https:\/\/wp.gihmm.webofficeserver.info\/#website\",\"url\":\"https:\/\/wp.gihmm.webofficeserver.info\/\",\"name\":\"Gihmm\",\"description\":\"Face the invisibility\",\"potentialAction\":[{\"@type\":\"SearchAction\",\"target\":{\"@type\":\"EntryPoint\",\"urlTemplate\":\"https:\/\/wp.gihmm.webofficeserver.info\/?s={search_term_string}\"},\"query-input\":\"required name=search_term_string\"}],\"inLanguage\":\"de\"}]}<\/script>\n<!-- \/ Yoast SEO plugin. -->","yoast_head_json":{"title":"News","description":"Als Komplettanbieter f\u00fcr Ger\u00e4te zur Messung von Radioaktivit\u00e4t bietet Gihmm auch passendes Zubeh\u00f6r wie z.B. Solarstationen, Wandschr\u00e4nke oder Datalogger.","robots":{"index":"index","follow":"follow","max-snippet":"max-snippet:-1","max-image-preview":"max-image-preview:large","max-video-preview":"max-video-preview:-1"},"canonical":"https:\/\/wp.gihmm.webofficeserver.info\/news\/","og_locale":"de_DE","og_type":"article","og_title":"News","og_description":"Als Komplettanbieter f\u00fcr Ger\u00e4te zur Messung von Radioaktivit\u00e4t bietet Gihmm auch passendes Zubeh\u00f6r wie z.B. Solarstationen, Wandschr\u00e4nke oder Datalogger.","og_url":"https:\/\/wp.gihmm.webofficeserver.info\/news\/","og_site_name":"Gihmm","article_modified_time":"2021-09-06T10:59:09+00:00","twitter_card":"summary_large_image","twitter_misc":{"Gesch\u00e4tzte Lesezeit":"1\u00a0Minute"},"schema":{"@context":"https:\/\/schema.org","@graph":[{"@type":"WebPage","@id":"https:\/\/wp.gihmm.webofficeserver.info\/news\/","url":"https:\/\/wp.gihmm.webofficeserver.info\/news\/","name":"News","isPartOf":{"@id":"https:\/\/wp.gihmm.webofficeserver.info\/#website"},"datePublished":"2021-09-06T10:45:44+00:00","dateModified":"2021-09-06T10:59:09+00:00","description":"Als Komplettanbieter f\u00fcr Ger\u00e4te zur Messung von Radioaktivit\u00e4t bietet Gihmm auch passendes Zubeh\u00f6r wie z.B. Solarstationen, Wandschr\u00e4nke oder Datalogger.","breadcrumb":{"@id":"https:\/\/wp.gihmm.webofficeserver.info\/news\/#breadcrumb"},"inLanguage":"de","potentialAction":[{"@type":"ReadAction","target":["https:\/\/wp.gihmm.webofficeserver.info\/news\/"]}]},{"@type":"BreadcrumbList","@id":"https:\/\/wp.gihmm.webofficeserver.info\/news\/#breadcrumb","itemListElement":[{"@type":"ListItem","position":1,"name":"Home","item":"https:\/\/wp.gihmm.webofficeserver.info\/"},{"@type":"ListItem","position":2,"name":"News"}]},{"@type":"WebSite","@id":"https:\/\/wp.gihmm.webofficeserver.info\/#website","url":"https:\/\/wp.gihmm.webofficeserver.info\/","name":"Gihmm","description":"Face the invisibility","potentialAction":[{"@type":"SearchAction","target":{"@type":"EntryPoint","urlTemplate":"https:\/\/wp.gihmm.webofficeserver.info\/?s={search_term_string}"},"query-input":"required name=search_term_string"}],"inLanguage":"de"}]}},"_links":{"self":[{"href":"https:\/\/wp.gihmm.webofficeserver.info\/wordpress\/wp-json\/wp\/v2\/pages\/3405"}],"collection":[{"href":"https:\/\/wp.gihmm.webofficeserver.info\/wordpress\/wp-json\/wp\/v2\/pages"}],"about":[{"href":"https:\/\/wp.gihmm.webofficeserver.info\/wordpress\/wp-json\/wp\/v2\/types\/page"}],"author":[{"embeddable":true,"href":"https:\/\/wp.gihmm.webofficeserver.info\/wordpress\/wp-json\/wp\/v2\/users\/6"}],"replies":[{"embeddable":true,"href":"https:\/\/wp.gihmm.webofficeserver.info\/wordpress\/wp-json\/wp\/v2\/comments?post=3405"}],"version-history":[{"count":4,"href":"https:\/\/wp.gihmm.webofficeserver.info\/wordpress\/wp-json\/wp\/v2\/pages\/3405\/revisions"}],"predecessor-version":[{"id":3421,"href":"https:\/\/wp.gihmm.webofficeserver.info\/wordpress\/wp-json\/wp\/v2\/pages\/3405\/revisions\/3421"}],"wp:attachment":[{"href":"https:\/\/wp.gihmm.webofficeserver.info\/wordpress\/wp-json\/wp\/v2\/media?parent=3405"}],"curies":[{"name":"wp","href":"https:\/\/api.w.org\/{rel}","templated":true}]}}