{"id":2450,"date":"2019-06-21T08:37:27","date_gmt":"2019-06-21T06:37:27","guid":{"rendered":"https:\/\/wp.gihmm.webofficeserver.info\/?page_id=2450"},"modified":"2019-12-12T21:42:10","modified_gmt":"2019-12-12T20:42:10","slug":"support","status":"publish","type":"page","link":"https:\/\/wp.gihmm.webofficeserver.info\/support\/","title":{"rendered":"SUPPORT UND KONTAKT"},"content":{"rendered":"<p>[vc_row][vc_column]<link href=\"\/\/Open+Sans:600\" rel=\"stylesheet\" property=\"stylesheet\" type=\"text\/css\" media=\"all\">\n<div id=\"rev_slider_14_1_wrapper\" class=\"rev_slider_wrapper fullwidthbanner-container\" data-source=\"gallery\" style=\"margin:0px auto;background:transparent;padding:0px;margin-top:0px;margin-bottom:0px;\">\n<!-- START REVOLUTION SLIDER 5.4.1 fullwidth mode -->\n\t<div id=\"rev_slider_14_1\" class=\"rev_slider fullwidthabanner\" style=\"display:none;\" data-version=\"5.4.1\">\n<ul>\t<!-- SLIDE  -->\n\t<li data-index=\"rs-27\" data-transition=\"fade,slideleft\" data-slotamount=\"default,default\" data-hideafterloop=\"0\" data-hideslideonmobile=\"off\"  data-easein=\"default,default\" data-easeout=\"default,default\" data-masterspeed=\"default,default\"  data-rotate=\"0,0\"  data-saveperformance=\"off\"  data-title=\"Slide\" data-param1=\"\" data-param2=\"\" data-param3=\"\" data-param4=\"\" data-param5=\"\" data-param6=\"\" data-param7=\"\" data-param8=\"\" data-param9=\"\" data-param10=\"\" data-description=\"\">\n\t\t<!-- MAIN IMAGE -->\n\t\t<img src=\"https:\/\/wp.gihmm.webofficeserver.info\/wp-content\/uploads\/2019\/07\/Gihmm_Kontakt_Headerbild-1.jpg\"  alt=\"\" title=\"Gihmm_Kontakt_Headerbild\"  width=\"2000\" height=\"509\" data-bgposition=\"center center\" data-bgfit=\"cover\" data-bgrepeat=\"no-repeat\" class=\"rev-slidebg\" data-no-retina>\n\t\t<!-- LAYERS -->\n\n\t\t<!-- LAYER NR. 1 -->\n\t\t<div class=\"tp-caption   tp-resizeme  text-center\" \n\t\t\t id=\"slide-27-layer-2\" \n\t\t\t data-x=\"center\" data-hoffset=\"\" \n\t\t\t data-y=\"center\" data-voffset=\"30\" \n\t\t\t\t\t\tdata-width=\"['954']\"\n\t\t\tdata-height=\"['auto']\"\n \n\t\t\tdata-type=\"text\" \n\t\t\tdata-responsive_offset=\"on\" \n\n\t\t\tdata-frames='[{\"delay\":10,\"speed\":300,\"frame\":\"0\",\"from\":\"opacity:0;\",\"to\":\"o:1;\",\"ease\":\"Power3.easeInOut\"},{\"delay\":\"wait\",\"speed\":300,\"frame\":\"999\",\"to\":\"opacity:0;\",\"ease\":\"Power3.easeInOut\"}]'\n\t\t\tdata-textAlign=\"['inherit','inherit','inherit','inherit']\"\n\t\t\tdata-paddingtop=\"[0,0,0,0]\"\n\t\t\tdata-paddingright=\"[0,0,0,0]\"\n\t\t\tdata-paddingbottom=\"[0,0,0,0]\"\n\t\t\tdata-paddingleft=\"[0,0,0,0]\"\n\n\t\t\tstyle=\"z-index: 5; min-width: 954px; max-width: 954px; white-space: normal; font-size: 30px; line-height: 48px; font-weight: 600; color: #000000; letter-spacing: 0px;font-family:Open Sans;\"><center><i><\/i><\/center> <\/div>\n\t<\/li>\n<\/ul>\n<div class=\"tp-bannertimer tp-bottom\" style=\"visibility: hidden !important;\"><\/div>\t<\/div>\n<script>var htmlDiv = document.getElementById(\"rs-plugin-settings-inline-css\"); var htmlDivCss=\"\";\r\n\t\t\t\tif(htmlDiv) {\r\n\t\t\t\t\thtmlDiv.innerHTML = htmlDiv.innerHTML + htmlDivCss;\r\n\t\t\t\t}else{\r\n\t\t\t\t\tvar htmlDiv = document.createElement(\"div\");\r\n\t\t\t\t\thtmlDiv.innerHTML = \"<style>\" + htmlDivCss + \"<\/style>\";\r\n\t\t\t\t\tdocument.getElementsByTagName(\"head\")[0].appendChild(htmlDiv.childNodes[0]);\r\n\t\t\t\t}\r\n\t\t\t<\/script>\n\t\t<script type=\"text\/javascript\">\r\n\t\t\t\t\t\t\/******************************************\r\n\t\t\t\t-\tPREPARE PLACEHOLDER FOR SLIDER\t-\r\n\t\t\t******************************************\/\r\n\r\n\t\t\tvar setREVStartSize=function(){\r\n\t\t\t\ttry{var e=new Object,i=jQuery(window).width(),t=9999,r=0,n=0,l=0,f=0,s=0,h=0;\r\n\t\t\t\t\te.c = jQuery('#rev_slider_14_1');\r\n\t\t\t\t\te.gridwidth = [1240];\r\n\t\t\t\t\te.gridheight = [400];\r\n\t\t\t\t\t\t\t\r\n\t\t\t\t\te.sliderLayout = \"fullwidth\";\r\n\t\t\t\t\tif(e.responsiveLevels&&(jQuery.each(e.responsiveLevels,function(e,f){f>i&&(t=r=f,l=e),i>f&&f>r&&(r=f,n=e)}),t>r&&(l=n)),f=e.gridheight[l]||e.gridheight[0]||e.gridheight,s=e.gridwidth[l]||e.gridwidth[0]||e.gridwidth,h=i\/s,h=h>1?1:h,f=Math.round(h*f),\"fullscreen\"==e.sliderLayout){var u=(e.c.width(),jQuery(window).height());if(void 0!=e.fullScreenOffsetContainer){var c=e.fullScreenOffsetContainer.split(\",\");if (c) jQuery.each(c,function(e,i){u=jQuery(i).length>0?u-jQuery(i).outerHeight(!0):u}),e.fullScreenOffset.split(\"%\").length>1&&void 0!=e.fullScreenOffset&&e.fullScreenOffset.length>0?u-=jQuery(window).height()*parseInt(e.fullScreenOffset,0)\/100:void 0!=e.fullScreenOffset&&e.fullScreenOffset.length>0&&(u-=parseInt(e.fullScreenOffset,0))}f=u}else void 0!=e.minHeight&&f<e.minHeight&&(f=e.minHeight);e.c.closest(\".rev_slider_wrapper\").css({height:f})\r\n\t\t\t\t\t\r\n\t\t\t\t}catch(d){console.log(\"Failure at Presize of Slider:\"+d)}\r\n\t\t\t};\r\n\t\t\t\r\n\t\t\tsetREVStartSize();\r\n\t\t\t\r\n\t\t\t\t\t\tvar tpj=jQuery;\r\n\t\t\t\r\n\t\t\tvar revapi14;\r\n\t\t\ttpj(document).ready(function() {\n\t\t\t\tif(tpj(\"#rev_slider_14_1\").revolution == undefined){\n\t\t\t\t\trevslider_showDoubleJqueryError(\"#rev_slider_14_1\");\n\t\t\t\t}else{\n\t\t\t\t\trevapi14 = tpj(\"#rev_slider_14_1\").show().revolution({\n\t\t\t\t\t\tsliderType:\"standard\",\njsFileLocation:\"\/\/wp.gihmm.webofficeserver.info\/wp-content\/plugins\/revslider\/public\/assets\/js\/\",\n\t\t\t\t\t\tsliderLayout:\"fullwidth\",\n\t\t\t\t\t\tdottedOverlay:\"none\",\n\t\t\t\t\t\tdelay:9000,\n\t\t\t\t\t\tnavigation: {\n\t\t\t\t\t\t\tkeyboardNavigation:\"on\",\n\t\t\t\t\t\t\tkeyboard_direction: \"horizontal\",\n\t\t\t\t\t\t\tmouseScrollNavigation:\"off\",\n \t\t\t\t\t\t\tmouseScrollReverse:\"default\",\n\t\t\t\t\t\t\tonHoverStop:\"off\",\n\t\t\t\t\t\t\ttouch:{\n\t\t\t\t\t\t\t\ttouchenabled:\"on\",\n\t\t\t\t\t\t\t\ttouchOnDesktop:\"on\",\n\t\t\t\t\t\t\t\tswipe_threshold: 75,\n\t\t\t\t\t\t\t\tswipe_min_touches: 1,\n\t\t\t\t\t\t\t\tswipe_direction: \"horizontal\",\n\t\t\t\t\t\t\t\tdrag_block_vertical: false\n\t\t\t\t\t\t\t}\n\t\t\t\t\t\t},\n\t\t\t\t\t\tvisibilityLevels:[1240,1024,778,480],\n\t\t\t\t\t\tgridwidth:1240,\n\t\t\t\t\t\tgridheight:400,\n\t\t\t\t\t\tlazyType:\"none\",\n\t\t\t\t\t\tshadow:0,\n\t\t\t\t\t\tspinner:\"spinner0\",\n\t\t\t\t\t\tstopLoop:\"off\",\n\t\t\t\t\t\tstopAfterLoops:-1,\n\t\t\t\t\t\tstopAtSlide:-1,\n\t\t\t\t\t\tshuffle:\"off\",\n\t\t\t\t\t\tautoHeight:\"off\",\n\t\t\t\t\t\tdisableProgressBar:\"on\",\n\t\t\t\t\t\thideThumbsOnMobile:\"off\",\n\t\t\t\t\t\thideSliderAtLimit:0,\n\t\t\t\t\t\thideCaptionAtLimit:0,\n\t\t\t\t\t\thideAllCaptionAtLilmit:0,\n\t\t\t\t\t\tdebugMode:false,\n\t\t\t\t\t\tfallbacks: {\n\t\t\t\t\t\t\tsimplifyAll:\"off\",\n\t\t\t\t\t\t\tnextSlideOnWindowFocus:\"off\",\n\t\t\t\t\t\t\tdisableFocusListener:false,\n\t\t\t\t\t\t}\n\t\t\t\t\t});\n\t\t\t\t}\n\t\t\t});\t\/*ready*\/\n\t\t<\/script>\r\n\t\t<\/div><!-- END REVOLUTION SLIDER -->[\/vc_column][\/vc_row][vc_row][vc_column width=&#8220;1\/2&#8243; offset=&#8220;vc_col-md-offset-2 vc_col-md-8 vc_col-sm-offset-3 vc_col-xs-offset-1 vc_col-xs-10&#8243; css=&#8220;.vc_custom_1561101520473{padding-top: 64px !important;padding-bottom: 14px !important;}&#8220;][vc_column_text]<\/p>\n<h1 style=\"text-align: center;\">Kontakt, Fragen &amp; Support<\/h1>\n<p style=\"text-align: center;\">Sie haben Fragen zur Messung von Radioaktivit\u00e4t und Radon oder zu unserem Kalibrierlabor? Oder brauchen Sie Beratung zu unseren Radioaktivit\u00e4tsmessger\u00e4ten und den angebotenen Schulungen? Gerne sind wir via E-mail, Telefon oder pers\u00f6nlich f\u00fcr Sie da:<\/p>\n<p>[\/vc_column_text][\/vc_column][vc_column width=&#8220;1\/3&#8243; offset=&#8220;vc_col-lg-offset-4 vc_col-lg-4 vc_col-md-offset-4 vc_col-md-4 vc_col-sm-offset-4 vc_col-xs-12&#8243; el_class=&#8220;contact_address&#8220;][vc_row_inner][vc_column_inner offset=&#8220;vc_col-lg-offset-0 vc_col-lg-12 vc_col-md-offset-0 vc_col-md-12 vc_col-sm-offset-0 vc_col-xs-12&#8243;]<div class=\"get_in_touch\" ><h3>GIHMM GMBH<\/h3><div class=\"get_in_touch_wrapper\"><ul><li class=\"address\"><span class=\"icon\"><i class=\"icon-location\" aria-label=\"address\"><\/i><\/span><span class=\"address_wrapper\">Wienerstra\u00dfe 70<br \/>\nAustria - 2104 Spillern<\/span><\/li><li class=\"phone phone-1\"><span class=\"icon\"><i class=\"icon-phone\" aria-label=\"phone\"><\/i><\/span><p><a href=\"tel:phone+43226680216-0\">phone +43 2266 802 16-0<\/a><\/p><\/li><li class=\"phone fax\"><span class=\"icon\"><i class=\"icon-print\" aria-label=\"fax\"><\/i><\/span><p><a href=\"fax:fax+43226680216-12\">fax +43 2266 802 16-12<\/a><\/p><\/li><li class=\"mail\"><span class=\"icon\"><i class=\"icon-mail\" aria-label=\"mail\"><\/i><\/span><p><a href=\"&#109;&#x61;i&#x6c;&#x74;&#111;&#x3a;i&#110;&#x66;&#111;&#x40;g&#105;&#x68;m&#x6d;&#46;&#99;&#x6f;m\">info&#64;&#103;&#105;&#104;&#109;&#109;&#46;&#x63;&#x6f;&#x6d;<\/a><\/p><\/li><\/ul><\/div><\/div>\n[\/vc_column_inner][\/vc_row_inner][\/vc_column][\/vc_row][vc_row][vc_column width=&#8220;1\/2&#8243; offset=&#8220;vc_col-md-offset-2 vc_col-md-8 vc_col-sm-offset-3 vc_col-xs-offset-1 vc_col-xs-10&#8243; css=&#8220;.vc_custom_1561979354589{margin-top: 20px !important;padding-top: 10px !important;}&#8220;][vc_column_text]<\/p>\n<h2 style=\"text-align: center;\">Unsere Ansprechpartner bei Gihmm<\/h2>\n<p>[\/vc_column_text][\/vc_column][\/vc_row][vc_row css=&#8220;.vc_custom_1561101225449{padding-top: 50px !important;padding-bottom: 50px !important;}&#8220; el_id=&#8220;intro3&#8243;][vc_column width=&#8220;2\/3&#8243; offset=&#8220;vc_col-lg-offset-2 vc_col-lg-8 vc_col-md-offset-2 vc_col-md-8 vc_col-sm-offset-2 vc_col-xs-12&#8243;][vc_row_inner][vc_column_inner el_class=&#8220;teamentry&#8220; width=&#8220;1\/2&#8243; offset=&#8220;vc_col-lg-4 vc_col-md-6 vc_col-xs-12&#8243; css=&#8220;.vc_custom_1562321080931{margin-bottom: 20px !important;}&#8220;][vc_single_image image=&#8220;2562&#8243; img_size=&#8220;full&#8220; alignment=&#8220;center&#8220; css=&#8220;.vc_custom_1562321154491{margin-bottom: 0px !important;border-bottom-width: 0px !important;padding-bottom: 0px !important;background-color: #f1f1f1 !important;}&#8220;][vc_column_text css=&#8220;.vc_custom_1562319091846{margin-top: 0px !important;border-top-width: 0px !important;padding-top: 20px !important;padding-right: 20px !important;padding-bottom: 20px !important;padding-left: 20px !important;background-color: #f1f1f1 !important;}&#8220;]<\/p>\n<h3 style=\"text-align: left;\">G\u00fcnter Kemminger<\/h3>\n<p>Gesch\u00e4ftsf\u00fchrung, Produktentwicklung, Qualit\u00e4tssicherung<\/p>\n<p><a class=\"redlink\" href=\"tel:+43226680216210\">+43 2266 802 16-210<\/a> <a class=\"redlink\" href=\"&#109;&#x61;&#105;&#x6c;&#116;&#x6f;:&#x67;u&#101;&#x6e;&#116;&#x65;&#114;&#x2e;k&#x65;m&#109;&#x69;&#110;&#x67;&#101;&#x72;&#64;&#x67;i&#x68;m&#109;&#x2e;&#99;&#x6f;&#109;\">E-MAIL SCHICKEN<\/a>[\/vc_column_text][\/vc_column_inner][vc_column_inner el_class=&#8220;teamentry&#8220; width=&#8220;1\/2&#8243; offset=&#8220;vc_col-lg-4 vc_col-md-6 vc_col-xs-12&#8243; css=&#8220;.vc_custom_1562321087131{margin-bottom: 20px !important;}&#8220;][vc_single_image image=&#8220;2564&#8243; img_size=&#8220;full&#8220; alignment=&#8220;center&#8220; css=&#8220;.vc_custom_1562321158814{margin-bottom: 0px !important;border-bottom-width: 0px !important;padding-bottom: 0px !important;background-color: #f1f1f1 !important;}&#8220;][vc_column_text css=&#8220;.vc_custom_1561987593023{margin-top: 0px !important;border-top-width: 0px !important;padding-top: 20px !important;padding-right: 20px !important;padding-bottom: 20px !important;padding-left: 20px !important;background-color: #f1f1f1 !important;}&#8220;]<\/p>\n<h3 style=\"text-align: left;\">Adelheid Fochler<\/h3>\n<p>Gesch\u00e4ftsf\u00fchrung, Organisation,\u00a0Finanz- und Rechnungswesen<\/p>\n<p><a class=\"redlink\" href=\"tel:+43226680216213\">+43 2266 802 16-213<\/a> <a class=\"redlink\" href=\"&#x6d;a&#x69;l&#x74;&#111;&#x3a;&#104;e&#x69;d&#x69;&#46;&#x66;&#111;&#x63;&#104;l&#x65;r&#x40;&#103;&#x69;&#104;&#x6d;&#x6d;&#46;&#x63;o&#x6d;\">E-MAIL SCHICKEN<\/a>[\/vc_column_text][\/vc_column_inner][vc_column_inner el_class=&#8220;teamentry&#8220; width=&#8220;1\/2&#8243; offset=&#8220;vc_col-lg-4 vc_col-md-6 vc_col-xs-12&#8243; css=&#8220;.vc_custom_1562321094771{margin-bottom: 20px !important;}&#8220;][vc_single_image image=&#8220;2560&#8243; img_size=&#8220;full&#8220; alignment=&#8220;center&#8220; css=&#8220;.vc_custom_1562321162766{margin-bottom: 0px !important;border-bottom-width: 0px !important;padding-bottom: 0px !important;background-color: #f1f1f1 !important;}&#8220;][vc_column_text css=&#8220;.vc_custom_1561987607687{margin-top: 0px !important;border-top-width: 0px !important;padding-top: 20px !important;padding-right: 20px !important;padding-bottom: 20px !important;padding-left: 20px !important;background-color: #f1f1f1 !important;}&#8220;]<\/p>\n<h3 style=\"text-align: left;\">Richard M\u00fcller<\/h3>\n<p>Verkauf, Kundenbetreuung,<br \/>\nSchulungen<\/p>\n<p><a class=\"redlink\" href=\"tel:+43226680216218\">+43 2266 802 16-218<\/a> <a class=\"redlink\" href=\"m&#97;&#x69;&#x6c;&#x74;o&#58;&#114;&#x69;&#x63;h&#97;&#114;&#x64;&#x2e;mu&#101;&#x6c;&#x6c;&#x65;r&#64;&#x67;&#x69;&#x68;m&#109;&#46;&#x63;&#x6f;m\">E-MAIL SCHICKEN<\/a>[\/vc_column_text][\/vc_column_inner][\/vc_row_inner][\/vc_column][\/vc_row][vc_row][vc_column width=&#8220;1\/2&#8243; offset=&#8220;vc_col-md-offset-2 vc_col-md-8 vc_col-sm-offset-3 vc_col-xs-offset-1 vc_col-xs-10&#8243; css=&#8220;.vc_custom_1561979247959{padding-top: 10px !important;}&#8220;][vc_column_text]<\/p>\n<h2 style=\"text-align: center;\">Unternehmensstandort Gihmm &amp; Lageplan<\/h2>\n<p>[\/vc_column_text][\/vc_column][\/vc_row][vc_row css=&#8220;.vc_custom_1561099881602{margin-bottom: 0px !important;border-bottom-width: 0px !important;padding-bottom: 0px !important;}&#8220;][vc_column][vc_gmaps link=&#8220;#E-8_JTNDaWZyYW1lJTIwc3JjJTNEJTIyaHR0cHMlM0ElMkYlMkZ3d3cuZ29vZ2xlLmNvbSUyRm1hcHMlMkZlbWJlZCUzRnBiJTNEJTIxMW0xOCUyMTFtMTIlMjExbTMlMjExZDI2NTAuMTY2OTE1NDI4NDQ1JTIxMmQxNi4yNjM4NDQ0MTYwMTQ3NjMlMjEzZDQ4LjM3NjUyOTc3OTI0MzI1NiUyMTJtMyUyMTFmMCUyMTJmMCUyMTNmMCUyMTNtMiUyMTFpMTAyNCUyMTJpNzY4JTIxNGYxMy4xJTIxM20zJTIxMW0yJTIxMXMweDQ3NmQxMjcxMDlkNDE0MjElMjUzQTB4NzE0YjZjY2IyNGMyZDFkOSUyMTJzR0lITU0lMkJHbWJIJTIxNWUwJTIxM20yJTIxMXNkZSUyMTJzYXQlMjE0djE0OTYxNjIyNzYwNDElMjIlMjB3aWR0aCUzRCUyMjYwMCUyMiUyMGhlaWdodCUzRCUyMjQ1MCUyMiUyMGZyYW1lYm9yZGVyJTNEJTIyMCUyMiUyMHN0eWxlJTNEJTIyYm9yZGVyJTNBMCUyMiUyMGFsbG93ZnVsbHNjcmVlbiUzRSUzQyUyRmlmcmFtZSUzRQ==&#8220; css=&#8220;.vc_custom_1561099936327{margin-bottom: 0px !important;border-bottom-width: 0px !important;padding-bottom: 0px !important;}&#8220;][\/vc_column][\/vc_row][vc_row css=&#8220;.vc_custom_1561099874121{margin-top: 0px !important;border-top-width: 0px !important;background-color: #d0011b !important;}&#8220; el_class=&#8220;call-to-action&#8220;][vc_column width=&#8220;5\/6&#8243; offset=&#8220;vc_col-md-offset-2 vc_col-md-8 vc_col-sm-offset-1 vc_col-xs-offset-1 vc_col-xs-10&#8243; css=&#8220;.vc_custom_1561099888910{margin-top: 0px !important;border-top-width: 0px !important;}&#8220;][vc_cta h2=&#8220;Kontaktieren Sie uns!&#8220; h4=&#8220;Wir freuen uns auf Ihre Anfrage&#8220; shape=&#8220;square&#8220; style=&#8220;custom&#8220; add_button=&#8220;right&#8220; btn_title=&#8220;KONTAKT&#8220; btn_style=&#8220;classic&#8220; btn_color=&#8220;white&#8220; btn_size=&#8220;lg&#8220; btn_i_align=&#8220;right&#8220; btn_i_icon_fontawesome=&#8220;fa fa-arrow-circle-o-right&#8220; btn_add_icon=&#8220;true&#8220; btn_link=&#8220;url:http%3A%2F%2Fwp.gihmm.webofficeserver.info%2Fblog%2Fsupport%2F|||&#8220; custom_background=&#8220;#d0011b&#8220; custom_text=&#8220;#ffffff&#8220;][\/vc_cta][\/vc_column][\/vc_row]<\/p>\n","protected":false},"excerpt":{"rendered":"<p>[vc_row][vc_column][\/vc_column][\/vc_row][vc_row][vc_column width=&#8220;1\/2&#8243; offset=&#8220;vc_col-md-offset-2 vc_col-md-8 vc_col-sm-offset-3 vc_col-xs-offset-1 vc_col-xs-10&#8243; css=&#8220;.vc_custom_1561101520473{padding-top: 64px !important;padding-bottom: 14px !important;}&#8220;][vc_column_text] Kontakt, Fragen &amp; Support Sie haben Fragen zur Messung von Radioaktivit\u00e4t und Radon oder<span class=\"excerpt-hellip\"> [\u2026]<\/span><\/p>\n","protected":false},"author":6,"featured_media":0,"parent":0,"menu_order":0,"comment_status":"closed","ping_status":"closed","template":"","meta":[],"yoast_head":"<!-- This site is optimized with the Yoast SEO plugin v19.10 - https:\/\/yoast.com\/wordpress\/plugins\/seo\/ -->\n<title>Radioaktivit\u00e4t messen: Kontakt, Fragen &amp; Support<\/title>\n<meta name=\"description\" content=\"Fragen zur Messung von Radioaktivit\u00e4t, Radon oder zum Kalibrierlabor? Beratung zu unseren Radioaktivit\u00e4tsmessger\u00e4ten und Schulungen? \u25ba Kontaktieren Sie uns\" \/>\n<meta name=\"robots\" content=\"index, follow, max-snippet:-1, max-image-preview:large, max-video-preview:-1\" \/>\n<link rel=\"canonical\" href=\"https:\/\/wp.gihmm.webofficeserver.info\/support\/\" \/>\n<meta property=\"og:locale\" content=\"de_DE\" \/>\n<meta property=\"og:type\" content=\"article\" \/>\n<meta property=\"og:title\" content=\"Radioaktivit\u00e4t messen: Kontakt, Fragen &amp; Support\" \/>\n<meta property=\"og:description\" content=\"Fragen zur Messung von Radioaktivit\u00e4t, Radon oder zum Kalibrierlabor? Beratung zu unseren Radioaktivit\u00e4tsmessger\u00e4ten und Schulungen? \u25ba Kontaktieren Sie uns\" \/>\n<meta property=\"og:url\" content=\"https:\/\/wp.gihmm.webofficeserver.info\/support\/\" \/>\n<meta property=\"og:site_name\" content=\"Gihmm\" \/>\n<meta property=\"article:modified_time\" content=\"2019-12-12T20:42:10+00:00\" \/>\n<meta name=\"twitter:card\" content=\"summary_large_image\" \/>\n<meta name=\"twitter:label1\" content=\"Gesch\u00e4tzte Lesezeit\" \/>\n\t<meta name=\"twitter:data1\" content=\"4\u00a0Minuten\" \/>\n<script type=\"application\/ld+json\" class=\"yoast-schema-graph\">{\"@context\":\"https:\/\/schema.org\",\"@graph\":[{\"@type\":\"WebPage\",\"@id\":\"https:\/\/wp.gihmm.webofficeserver.info\/support\/\",\"url\":\"https:\/\/wp.gihmm.webofficeserver.info\/support\/\",\"name\":\"Radioaktivit\u00e4t messen: Kontakt, Fragen & Support\",\"isPartOf\":{\"@id\":\"https:\/\/wp.gihmm.webofficeserver.info\/#website\"},\"datePublished\":\"2019-06-21T06:37:27+00:00\",\"dateModified\":\"2019-12-12T20:42:10+00:00\",\"description\":\"Fragen zur Messung von Radioaktivit\u00e4t, Radon oder zum Kalibrierlabor? Beratung zu unseren Radioaktivit\u00e4tsmessger\u00e4ten und Schulungen? \u25ba Kontaktieren Sie uns\",\"breadcrumb\":{\"@id\":\"https:\/\/wp.gihmm.webofficeserver.info\/support\/#breadcrumb\"},\"inLanguage\":\"de\",\"potentialAction\":[{\"@type\":\"ReadAction\",\"target\":[\"https:\/\/wp.gihmm.webofficeserver.info\/support\/\"]}]},{\"@type\":\"BreadcrumbList\",\"@id\":\"https:\/\/wp.gihmm.webofficeserver.info\/support\/#breadcrumb\",\"itemListElement\":[{\"@type\":\"ListItem\",\"position\":1,\"name\":\"Home\",\"item\":\"https:\/\/wp.gihmm.webofficeserver.info\/\"},{\"@type\":\"ListItem\",\"position\":2,\"name\":\"SUPPORT UND KONTAKT\"}]},{\"@type\":\"WebSite\",\"@id\":\"https:\/\/wp.gihmm.webofficeserver.info\/#website\",\"url\":\"https:\/\/wp.gihmm.webofficeserver.info\/\",\"name\":\"Gihmm\",\"description\":\"Face the invisibility\",\"potentialAction\":[{\"@type\":\"SearchAction\",\"target\":{\"@type\":\"EntryPoint\",\"urlTemplate\":\"https:\/\/wp.gihmm.webofficeserver.info\/?s={search_term_string}\"},\"query-input\":\"required name=search_term_string\"}],\"inLanguage\":\"de\"}]}<\/script>\n<!-- \/ Yoast SEO plugin. -->","yoast_head_json":{"title":"Radioaktivit\u00e4t messen: Kontakt, Fragen & Support","description":"Fragen zur Messung von Radioaktivit\u00e4t, Radon oder zum Kalibrierlabor? Beratung zu unseren Radioaktivit\u00e4tsmessger\u00e4ten und Schulungen? \u25ba Kontaktieren Sie uns","robots":{"index":"index","follow":"follow","max-snippet":"max-snippet:-1","max-image-preview":"max-image-preview:large","max-video-preview":"max-video-preview:-1"},"canonical":"https:\/\/wp.gihmm.webofficeserver.info\/support\/","og_locale":"de_DE","og_type":"article","og_title":"Radioaktivit\u00e4t messen: Kontakt, Fragen & Support","og_description":"Fragen zur Messung von Radioaktivit\u00e4t, Radon oder zum Kalibrierlabor? Beratung zu unseren Radioaktivit\u00e4tsmessger\u00e4ten und Schulungen? \u25ba Kontaktieren Sie uns","og_url":"https:\/\/wp.gihmm.webofficeserver.info\/support\/","og_site_name":"Gihmm","article_modified_time":"2019-12-12T20:42:10+00:00","twitter_card":"summary_large_image","twitter_misc":{"Gesch\u00e4tzte Lesezeit":"4\u00a0Minuten"},"schema":{"@context":"https:\/\/schema.org","@graph":[{"@type":"WebPage","@id":"https:\/\/wp.gihmm.webofficeserver.info\/support\/","url":"https:\/\/wp.gihmm.webofficeserver.info\/support\/","name":"Radioaktivit\u00e4t messen: Kontakt, Fragen & Support","isPartOf":{"@id":"https:\/\/wp.gihmm.webofficeserver.info\/#website"},"datePublished":"2019-06-21T06:37:27+00:00","dateModified":"2019-12-12T20:42:10+00:00","description":"Fragen zur Messung von Radioaktivit\u00e4t, Radon oder zum Kalibrierlabor? Beratung zu unseren Radioaktivit\u00e4tsmessger\u00e4ten und Schulungen? \u25ba Kontaktieren Sie uns","breadcrumb":{"@id":"https:\/\/wp.gihmm.webofficeserver.info\/support\/#breadcrumb"},"inLanguage":"de","potentialAction":[{"@type":"ReadAction","target":["https:\/\/wp.gihmm.webofficeserver.info\/support\/"]}]},{"@type":"BreadcrumbList","@id":"https:\/\/wp.gihmm.webofficeserver.info\/support\/#breadcrumb","itemListElement":[{"@type":"ListItem","position":1,"name":"Home","item":"https:\/\/wp.gihmm.webofficeserver.info\/"},{"@type":"ListItem","position":2,"name":"SUPPORT UND KONTAKT"}]},{"@type":"WebSite","@id":"https:\/\/wp.gihmm.webofficeserver.info\/#website","url":"https:\/\/wp.gihmm.webofficeserver.info\/","name":"Gihmm","description":"Face the invisibility","potentialAction":[{"@type":"SearchAction","target":{"@type":"EntryPoint","urlTemplate":"https:\/\/wp.gihmm.webofficeserver.info\/?s={search_term_string}"},"query-input":"required name=search_term_string"}],"inLanguage":"de"}]}},"_links":{"self":[{"href":"https:\/\/wp.gihmm.webofficeserver.info\/wordpress\/wp-json\/wp\/v2\/pages\/2450"}],"collection":[{"href":"https:\/\/wp.gihmm.webofficeserver.info\/wordpress\/wp-json\/wp\/v2\/pages"}],"about":[{"href":"https:\/\/wp.gihmm.webofficeserver.info\/wordpress\/wp-json\/wp\/v2\/types\/page"}],"author":[{"embeddable":true,"href":"https:\/\/wp.gihmm.webofficeserver.info\/wordpress\/wp-json\/wp\/v2\/users\/6"}],"replies":[{"embeddable":true,"href":"https:\/\/wp.gihmm.webofficeserver.info\/wordpress\/wp-json\/wp\/v2\/comments?post=2450"}],"version-history":[{"count":76,"href":"https:\/\/wp.gihmm.webofficeserver.info\/wordpress\/wp-json\/wp\/v2\/pages\/2450\/revisions"}],"predecessor-version":[{"id":2615,"href":"https:\/\/wp.gihmm.webofficeserver.info\/wordpress\/wp-json\/wp\/v2\/pages\/2450\/revisions\/2615"}],"wp:attachment":[{"href":"https:\/\/wp.gihmm.webofficeserver.info\/wordpress\/wp-json\/wp\/v2\/media?parent=2450"}],"curies":[{"name":"wp","href":"https:\/\/api.w.org\/{rel}","templated":true}]}}