{"id":2440,"date":"2019-06-17T07:10:52","date_gmt":"2019-06-17T05:10:52","guid":{"rendered":"https:\/\/wp.gihmm.webofficeserver.info\/?page_id=2440"},"modified":"2019-12-12T21:40:21","modified_gmt":"2019-12-12T20:40:21","slug":"schulungen","status":"publish","type":"page","link":"https:\/\/wp.gihmm.webofficeserver.info\/schulungen\/","title":{"rendered":"SCHULUNGEN"},"content":{"rendered":"<p>[vc_row][vc_column]<link href=\"\/\/Open+Sans:600\" rel=\"stylesheet\" property=\"stylesheet\" type=\"text\/css\" media=\"all\">\n<div id=\"rev_slider_13_1_wrapper\" class=\"rev_slider_wrapper fullwidthbanner-container\" data-source=\"gallery\" style=\"margin:0px auto;background:transparent;padding:0px;margin-top:0px;margin-bottom:0px;\">\n<!-- START REVOLUTION SLIDER 5.4.1 fullwidth mode -->\n\t<div id=\"rev_slider_13_1\" class=\"rev_slider fullwidthabanner\" style=\"display:none;\" data-version=\"5.4.1\">\n<ul>\t<!-- SLIDE  -->\n\t<li data-index=\"rs-26\" data-transition=\"fade,slideleft\" data-slotamount=\"default,default\" data-hideafterloop=\"0\" data-hideslideonmobile=\"off\"  data-easein=\"default,default\" data-easeout=\"default,default\" data-masterspeed=\"default,default\"  data-rotate=\"0,0\"  data-saveperformance=\"off\"  data-title=\"Slide\" data-param1=\"\" data-param2=\"\" data-param3=\"\" data-param4=\"\" data-param5=\"\" data-param6=\"\" data-param7=\"\" data-param8=\"\" data-param9=\"\" data-param10=\"\" data-description=\"\">\n\t\t<!-- MAIN IMAGE -->\n\t\t<img src=\"https:\/\/wp.gihmm.webofficeserver.info\/wp-content\/uploads\/2019\/06\/Gihmm_Schulungen_Headerbild.jpg\"  alt=\"\" title=\"Gihmm_Schulungen_Headerbild\"  width=\"2000\" height=\"509\" data-bgposition=\"center center\" data-bgfit=\"cover\" data-bgrepeat=\"no-repeat\" class=\"rev-slidebg\" data-no-retina>\n\t\t<!-- LAYERS -->\n\n\t\t<!-- LAYER NR. 1 -->\n\t\t<div class=\"tp-caption   tp-resizeme  text-center\" \n\t\t\t id=\"slide-26-layer-2\" \n\t\t\t data-x=\"center\" data-hoffset=\"\" \n\t\t\t data-y=\"center\" data-voffset=\"30\" \n\t\t\t\t\t\tdata-width=\"['954']\"\n\t\t\tdata-height=\"['auto']\"\n \n\t\t\tdata-type=\"text\" \n\t\t\tdata-responsive_offset=\"on\" \n\n\t\t\tdata-frames='[{\"delay\":10,\"speed\":300,\"frame\":\"0\",\"from\":\"opacity:0;\",\"to\":\"o:1;\",\"ease\":\"Power3.easeInOut\"},{\"delay\":\"wait\",\"speed\":300,\"frame\":\"999\",\"to\":\"opacity:0;\",\"ease\":\"Power3.easeInOut\"}]'\n\t\t\tdata-textAlign=\"['inherit','inherit','inherit','inherit']\"\n\t\t\tdata-paddingtop=\"[0,0,0,0]\"\n\t\t\tdata-paddingright=\"[0,0,0,0]\"\n\t\t\tdata-paddingbottom=\"[0,0,0,0]\"\n\t\t\tdata-paddingleft=\"[0,0,0,0]\"\n\n\t\t\tstyle=\"z-index: 5; min-width: 954px; max-width: 954px; white-space: normal; font-size: 30px; line-height: 48px; font-weight: 600; color: #000000; letter-spacing: 0px;font-family:Open Sans;\"><center><i><\/i><\/center> <\/div>\n\t<\/li>\n<\/ul>\n<div class=\"tp-bannertimer tp-bottom\" style=\"visibility: hidden !important;\"><\/div>\t<\/div>\n<script>var htmlDiv = document.getElementById(\"rs-plugin-settings-inline-css\"); var htmlDivCss=\"\";\r\n\t\t\t\tif(htmlDiv) {\r\n\t\t\t\t\thtmlDiv.innerHTML = htmlDiv.innerHTML + htmlDivCss;\r\n\t\t\t\t}else{\r\n\t\t\t\t\tvar htmlDiv = document.createElement(\"div\");\r\n\t\t\t\t\thtmlDiv.innerHTML = \"<style>\" + htmlDivCss + \"<\/style>\";\r\n\t\t\t\t\tdocument.getElementsByTagName(\"head\")[0].appendChild(htmlDiv.childNodes[0]);\r\n\t\t\t\t}\r\n\t\t\t<\/script>\n\t\t<script type=\"text\/javascript\">\r\n\t\t\t\t\t\t\/******************************************\r\n\t\t\t\t-\tPREPARE PLACEHOLDER FOR SLIDER\t-\r\n\t\t\t******************************************\/\r\n\r\n\t\t\tvar setREVStartSize=function(){\r\n\t\t\t\ttry{var e=new Object,i=jQuery(window).width(),t=9999,r=0,n=0,l=0,f=0,s=0,h=0;\r\n\t\t\t\t\te.c = jQuery('#rev_slider_13_1');\r\n\t\t\t\t\te.gridwidth = [1240];\r\n\t\t\t\t\te.gridheight = [400];\r\n\t\t\t\t\t\t\t\r\n\t\t\t\t\te.sliderLayout = \"fullwidth\";\r\n\t\t\t\t\tif(e.responsiveLevels&&(jQuery.each(e.responsiveLevels,function(e,f){f>i&&(t=r=f,l=e),i>f&&f>r&&(r=f,n=e)}),t>r&&(l=n)),f=e.gridheight[l]||e.gridheight[0]||e.gridheight,s=e.gridwidth[l]||e.gridwidth[0]||e.gridwidth,h=i\/s,h=h>1?1:h,f=Math.round(h*f),\"fullscreen\"==e.sliderLayout){var u=(e.c.width(),jQuery(window).height());if(void 0!=e.fullScreenOffsetContainer){var c=e.fullScreenOffsetContainer.split(\",\");if (c) jQuery.each(c,function(e,i){u=jQuery(i).length>0?u-jQuery(i).outerHeight(!0):u}),e.fullScreenOffset.split(\"%\").length>1&&void 0!=e.fullScreenOffset&&e.fullScreenOffset.length>0?u-=jQuery(window).height()*parseInt(e.fullScreenOffset,0)\/100:void 0!=e.fullScreenOffset&&e.fullScreenOffset.length>0&&(u-=parseInt(e.fullScreenOffset,0))}f=u}else void 0!=e.minHeight&&f<e.minHeight&&(f=e.minHeight);e.c.closest(\".rev_slider_wrapper\").css({height:f})\r\n\t\t\t\t\t\r\n\t\t\t\t}catch(d){console.log(\"Failure at Presize of Slider:\"+d)}\r\n\t\t\t};\r\n\t\t\t\r\n\t\t\tsetREVStartSize();\r\n\t\t\t\r\n\t\t\t\t\t\tvar tpj=jQuery;\r\n\t\t\t\r\n\t\t\tvar revapi13;\r\n\t\t\ttpj(document).ready(function() {\n\t\t\t\tif(tpj(\"#rev_slider_13_1\").revolution == undefined){\n\t\t\t\t\trevslider_showDoubleJqueryError(\"#rev_slider_13_1\");\n\t\t\t\t}else{\n\t\t\t\t\trevapi13 = tpj(\"#rev_slider_13_1\").show().revolution({\n\t\t\t\t\t\tsliderType:\"standard\",\njsFileLocation:\"\/\/wp.gihmm.webofficeserver.info\/wp-content\/plugins\/revslider\/public\/assets\/js\/\",\n\t\t\t\t\t\tsliderLayout:\"fullwidth\",\n\t\t\t\t\t\tdottedOverlay:\"none\",\n\t\t\t\t\t\tdelay:9000,\n\t\t\t\t\t\tnavigation: {\n\t\t\t\t\t\t\tkeyboardNavigation:\"on\",\n\t\t\t\t\t\t\tkeyboard_direction: \"horizontal\",\n\t\t\t\t\t\t\tmouseScrollNavigation:\"off\",\n \t\t\t\t\t\t\tmouseScrollReverse:\"default\",\n\t\t\t\t\t\t\tonHoverStop:\"off\",\n\t\t\t\t\t\t\ttouch:{\n\t\t\t\t\t\t\t\ttouchenabled:\"on\",\n\t\t\t\t\t\t\t\ttouchOnDesktop:\"on\",\n\t\t\t\t\t\t\t\tswipe_threshold: 75,\n\t\t\t\t\t\t\t\tswipe_min_touches: 1,\n\t\t\t\t\t\t\t\tswipe_direction: \"horizontal\",\n\t\t\t\t\t\t\t\tdrag_block_vertical: false\n\t\t\t\t\t\t\t}\n\t\t\t\t\t\t},\n\t\t\t\t\t\tvisibilityLevels:[1240,1024,778,480],\n\t\t\t\t\t\tgridwidth:1240,\n\t\t\t\t\t\tgridheight:400,\n\t\t\t\t\t\tlazyType:\"none\",\n\t\t\t\t\t\tshadow:0,\n\t\t\t\t\t\tspinner:\"spinner0\",\n\t\t\t\t\t\tstopLoop:\"off\",\n\t\t\t\t\t\tstopAfterLoops:-1,\n\t\t\t\t\t\tstopAtSlide:-1,\n\t\t\t\t\t\tshuffle:\"off\",\n\t\t\t\t\t\tautoHeight:\"off\",\n\t\t\t\t\t\tdisableProgressBar:\"on\",\n\t\t\t\t\t\thideThumbsOnMobile:\"off\",\n\t\t\t\t\t\thideSliderAtLimit:0,\n\t\t\t\t\t\thideCaptionAtLimit:0,\n\t\t\t\t\t\thideAllCaptionAtLilmit:0,\n\t\t\t\t\t\tdebugMode:false,\n\t\t\t\t\t\tfallbacks: {\n\t\t\t\t\t\t\tsimplifyAll:\"off\",\n\t\t\t\t\t\t\tnextSlideOnWindowFocus:\"off\",\n\t\t\t\t\t\t\tdisableFocusListener:false,\n\t\t\t\t\t\t}\n\t\t\t\t\t});\n\t\t\t\t}\n\t\t\t});\t\/*ready*\/\n\t\t<\/script>\r\n\t\t<\/div><!-- END REVOLUTION SLIDER -->[\/vc_column][\/vc_row][vc_row css=&#8220;.vc_custom_1558961624918{margin-top: 60px !important;padding-top: 50px !important;padding-bottom: 50px !important;background-color: #f1f1f1 !important;}&#8220;][vc_column width=&#8220;2\/3&#8243; offset=&#8220;vc_col-lg-offset-2 vc_col-md-offset-2 vc_col-sm-offset-2 vc_col-xs-12&#8243;][vc_custom_heading text=&#8220;SCHULUNGEN<br \/>\n&#8220; font_container=&#8220;tag:h1|text_align:center&#8220; use_theme_fonts=&#8220;yes&#8220; css=&#8220;.vc_custom_1560748748906{margin-top: 10px !important;margin-bottom: 50px !important;border-top-width: 0px !important;border-bottom-width: 0px !important;padding-top: 0px !important;padding-bottom: 0px !important;}&#8220;][vc_column_text css=&#8220;.vc_custom_1562310952756{margin-bottom: 30px !important;}&#8220;]<\/p>\n<p style=\"text-align: center;\">Mit \u00fcber 45 Jahren Erfahrung haben wir zum Thema Messung von Radioakivit\u00e4t einiges zu sagen und geben dieses Wissen gerne in Schulungen weiter:<\/p>\n<p style=\"text-align: center;\">Basisschulungen zum Thema Radioaktivit\u00e4t, Strahlungsarten, Schutz vor Radioaktiv\u00e4t oder Messung von Radioaktivit\u00e4t in Luft, Wasser oder Stoffen.<br \/>\nPraxisorientierte Schulungen zur Messung von Radioaktivit\u00e4t anhand unserer Messger\u00e4te.<br \/>\nIndividuelle Schulungen ganz nach Ihren W\u00fcnschen.<\/p>\n<p style=\"text-align: center;\">Schulungen finden sowohl in unseren R\u00e4umlichkeiten, als auch in Seminarr\u00e4umen(Hotels) oder z.B. bei Individualschulungen direkt vor Ort bei interessierten Unternehmen statt.<\/p>\n<p>[\/vc_column_text][\/vc_column][\/vc_row][vc_row css=&#8220;.vc_custom_1562236540123{padding-top: 0px !important;background-color: #ffffff !important;}&#8220; el_class=&#8220;biggap mobileonly&#8220;][vc_column width=&#8220;2\/3&#8243; offset=&#8220;vc_col-lg-offset-2 vc_col-md-offset-2 vc_col-sm-offset-2 vc_col-xs-12&#8243; css=&#8220;.vc_custom_1559113707074{margin-top: 40px !important;}&#8220;][vc_row_inner equal_height=&#8220;yes&#8220; gap=&#8220;15&#8243;][vc_column_inner width=&#8220;1\/3&#8243; css=&#8220;.vc_custom_1561984730487{padding-top: 0px !important;padding-right: 0px !important;padding-bottom: 0px !important;padding-left: 0px !important;background-color: #ffffff !important;}&#8220;][vc_column_text css=&#8220;.vc_custom_1561985080256{margin-bottom: 65px !important;}&#8220;]<\/p>\n<h2 style=\"text-align: center;\">Basisschulungen<\/h2>\n<p>[\/vc_column_text][vc_column_text css=&#8220;.vc_custom_1561984636089{margin-bottom: 65px !important;}&#8220;]Erlangen Sie in Seminaren Wissen zu grundlegenden Themen der Radioaktivit\u00e4t, wie z.B.<\/p>\n<ul>\n<li>Physik der Radioaktivit\u00e4t (Atomaufbau, Nuklidarten, Strahlungsarten,..)<\/li>\n<li>Schutz vor Radioaktivit\u00e4t (Wirkung der Strahlenarten, physikalische Messgr\u00f6\u00dfen, Strahlenschutzma\u00dfnahmen..) usw<\/li>\n<li>RADON, \u00a0ein aktuelles Thema das uns alle betrifft.<\/li>\n<\/ul>\n<p>[\/vc_column_text][vc_btn title=&#8220;E-Mail schreiben&#8220; shape=&#8220;square&#8220; align=&#8220;center&#8220; link=&#8220;url:mailto%3Ainfo%40gihmm.com|title:Radon%20Mess%20Ger%C3%A4te||&#8220; el_class=&#8220;whitbtn&#8220;][\/vc_column_inner][vc_column_inner width=&#8220;1\/3&#8243; css=&#8220;.vc_custom_1561984912570{padding-top: 0px !important;padding-right: 0px !important;padding-bottom: 0px !important;padding-left: 0px !important;background-color: #ffffff !important;}&#8220;][vc_column_text css=&#8220;.vc_custom_1561984929289{margin-bottom: 65px !important;}&#8220;]<\/p>\n<h2 style=\"text-align: center;\">Produktschulungen<\/h2>\n<p>[\/vc_column_text][vc_column_text css=&#8220;.vc_custom_1561984937941{margin-bottom: 65px !important;}&#8220;]Als Hersteller von Messger\u00e4ten zur Radioaktivit\u00e4tsmessung in Luft, Wasser, Stoffen und Boden bieten wir anhand unserer Produkte praxisorientierte Schulungen f\u00fcr Kunden, Partner und Interessenten an.<\/p>\n<p>Die Schlungsinhalte werden auf Ihre Bed\u00fcrfnisse abgestimmt.[\/vc_column_text][vc_btn title=&#8220;E-Mail schreiben&#8220; shape=&#8220;square&#8220; align=&#8220;center&#8220; link=&#8220;url:mailto%3Ainfo%40gihmm.com|||&#8220; el_class=&#8220;whitbtn&#8220;][\/vc_column_inner][vc_column_inner width=&#8220;1\/3&#8243; css=&#8220;.vc_custom_1561985025645{padding-top: 0px !important;padding-right: 0px !important;padding-bottom: 0px !important;padding-left: 0px !important;background-color: #ffffff !important;}&#8220;][vc_column_text css=&#8220;.vc_custom_1561985086724{margin-bottom: 65px !important;}&#8220;]<\/p>\n<h2 style=\"text-align: center;\">Individualschulungen<\/h2>\n<p>[\/vc_column_text][vc_column_text css=&#8220;.vc_custom_1561977124687{margin-bottom: 65px !important;}&#8220;]Sie interessiert ein spezieller Aspekt des Themas Radioaktivit\u00e4t?\u00a0 Gerne stellen wir daf\u00fcr ein individuelles Schulungskonzept f\u00fcr Ihr Unternehmen oder Ihre Organisation zusammen.<\/p>\n<ul>\n<li>Individualschulungen k\u00f6nnen vor Ort in Unternehmen oder Organisationen durchgef\u00fchrt werden, um z.B. alle Mitarbeiter einzubinden.<\/li>\n<li>F\u00fcr Gemeinden oder interessierte Bewohner f\u00fchren wir gerne RADON Schulungen direkt in den Gemeinden durch.<\/li>\n<\/ul>\n<p>[\/vc_column_text][vc_btn title=&#8220;E-Mail schreiben&#8220; shape=&#8220;square&#8220; align=&#8220;center&#8220; link=&#8220;url:mailto%3Ainfo%40gihmm.com|||&#8220; el_class=&#8220;whitbtn&#8220;][\/vc_column_inner][\/vc_row_inner][\/vc_column][\/vc_row][vc_row css=&#8220;.vc_custom_1562236575539{margin-bottom: 0px !important;border-bottom-width: 0px !important;padding-top: 0px !important;padding-bottom: 0px !important;background-color: #ffffff !important;}&#8220; el_class=&#8220;biggap desktoponly&#8220;][vc_column width=&#8220;2\/3&#8243; offset=&#8220;vc_col-lg-offset-2 vc_col-md-offset-2 vc_col-sm-offset-2 vc_col-xs-12&#8243; css=&#8220;.vc_custom_1562236625843{margin-top: 40px !important;margin-bottom: 0px !important;border-bottom-width: 0px !important;padding-bottom: 0px !important;}&#8220;][vc_row_inner equal_height=&#8220;yes&#8220; gap=&#8220;15&#8243; css=&#8220;.vc_custom_1562236633254{margin-bottom: 0px !important;border-bottom-width: 0px !important;padding-bottom: 0px !important;}&#8220;][vc_column_inner width=&#8220;1\/3&#8243; css=&#8220;.vc_custom_1562236735485{margin-bottom: 0px !important;border-bottom-width: 0px !important;padding-top: 0px !important;padding-right: 0px !important;padding-bottom: 0px !important;padding-left: 0px !important;background-color: #ffffff !important;}&#8220;][vc_column_text css=&#8220;.vc_custom_1561985080256{margin-bottom: 65px !important;}&#8220;]<\/p>\n<h2 style=\"text-align: center;\">Basisschulungen<\/h2>\n<p>[\/vc_column_text][vc_column_text css=&#8220;.vc_custom_1562236756240{margin-bottom: 0px !important;border-bottom-width: 0px !important;padding-bottom: 0px !important;}&#8220;]Erlangen Sie in Seminaren Wissen zu grundlegenden Themen der Radioaktivit\u00e4t, wie z.B.<\/p>\n<ul>\n<li>Physik der Radioaktivit\u00e4t (Atomaufbau, Nuklidarten, Strahlungsarten,..)<\/li>\n<li>Schutz vor Radioaktivit\u00e4t (Wirkung der Strahlenarten, physikalische Messgr\u00f6\u00dfen, Strahlenschutzma\u00dfnahmen..) usw<\/li>\n<li>RADON, \u00a0ein aktuelles Thema das uns alle betrifft.<\/li>\n<\/ul>\n<p>[\/vc_column_text][\/vc_column_inner][vc_column_inner width=&#8220;1\/3&#8243; css=&#8220;.vc_custom_1562236643372{margin-bottom: 0px !important;border-bottom-width: 0px !important;padding-top: 0px !important;padding-right: 0px !important;padding-bottom: 0px !important;padding-left: 0px !important;background-color: #ffffff !important;}&#8220;][vc_column_text css=&#8220;.vc_custom_1561984929289{margin-bottom: 65px !important;}&#8220;]<\/p>\n<h2 style=\"text-align: center;\">Produktschulungen<\/h2>\n<p>[\/vc_column_text][vc_column_text css=&#8220;.vc_custom_1562236747837{margin-bottom: 0px !important;border-bottom-width: 0px !important;padding-bottom: 0px !important;}&#8220;]Als Hersteller von Messger\u00e4ten zur Radioaktivit\u00e4tsmessung in Luft, Wasser, Stoffen und Boden bieten wir anhand unserer Produkte praxisorientierte Schulungen f\u00fcr Kunden, Partner und Interessenten an.<\/p>\n<p>Die Schlungsinhalte werden auf Ihre Bed\u00fcrfnisse abgestimmt.<\/p>\n<p>[\/vc_column_text][\/vc_column_inner][vc_column_inner width=&#8220;1\/3&#8243; css=&#8220;.vc_custom_1562236648813{margin-bottom: 0px !important;border-bottom-width: 0px !important;padding-top: 0px !important;padding-right: 0px !important;padding-bottom: 0px !important;padding-left: 0px !important;background-color: #ffffff !important;}&#8220;][vc_column_text css=&#8220;.vc_custom_1561985086724{margin-bottom: 65px !important;}&#8220;]<\/p>\n<h2 style=\"text-align: center;\">Individualschulungen<\/h2>\n<p>[\/vc_column_text][vc_column_text css=&#8220;.vc_custom_1562236763544{margin-bottom: 0px !important;border-bottom-width: 0px !important;padding-bottom: 0px !important;}&#8220;]Sie interessiert ein spezieller Aspekt des Themas Radioaktivit\u00e4t?\u00a0 Gerne stellen wir daf\u00fcr ein individuelles Schulungskonzept f\u00fcr Ihr Unternehmen oder Ihre Organisation zusammen.<\/p>\n<ul>\n<li>Individualschulungen k\u00f6nnen vor Ort in Unternehmen oder Organisationen durchgef\u00fchrt werden, um z.B. alle Mitarbeiter einzubinden.<\/li>\n<li>F\u00fcr Gemeinden oder interessierte Bewohner f\u00fchren wir gerne RADON Schulungen direkt in den Gemeinden durch.<\/li>\n<\/ul>\n<p>[\/vc_column_text][\/vc_column_inner][\/vc_row_inner][\/vc_column][\/vc_row][vc_row css=&#8220;.vc_custom_1562236582408{margin-top: 0px !important;border-top-width: 0px !important;padding-top: 0px !important;background-color: #ffffff !important;}&#8220; el_class=&#8220;biggap desktoponly&#8220;][vc_column width=&#8220;2\/3&#8243; offset=&#8220;vc_col-lg-offset-2 vc_col-md-offset-2 vc_col-sm-offset-2 vc_col-xs-12&#8243; css=&#8220;.vc_custom_1562236663693{margin-top: 0px !important;border-top-width: 0px !important;padding-top: 0px !important;}&#8220;][vc_row_inner equal_height=&#8220;yes&#8220; gap=&#8220;15&#8243; css=&#8220;.vc_custom_1562236660309{margin-top: 0px !important;border-top-width: 0px !important;padding-top: 0px !important;}&#8220;][vc_column_inner width=&#8220;1\/3&#8243; css=&#8220;.vc_custom_1562236669661{margin-top: 0px !important;border-top-width: 0px !important;padding-top: 0px !important;padding-right: 0px !important;padding-bottom: 0px !important;padding-left: 0px !important;background-color: #ffffff !important;}&#8220;][vc_btn title=&#8220;E-Mail schreiben&#8220; shape=&#8220;square&#8220; align=&#8220;center&#8220; link=&#8220;url:mailto%3Ainfo%40gihmm.com|title:Radon%20Mess%20Ger%C3%A4te||&#8220; el_class=&#8220;whitbtn&#8220;][\/vc_column_inner][vc_column_inner width=&#8220;1\/3&#8243; css=&#8220;.vc_custom_1562236674748{margin-top: 0px !important;border-top-width: 0px !important;padding-top: 0px !important;padding-right: 0px !important;padding-bottom: 0px !important;padding-left: 0px !important;background-color: #ffffff !important;}&#8220;][vc_btn title=&#8220;E-Mail schreiben&#8220; shape=&#8220;square&#8220; align=&#8220;center&#8220; link=&#8220;url:mailto%3Ainfo%40gihmm.com|||&#8220; el_class=&#8220;whitbtn&#8220;][\/vc_column_inner][vc_column_inner width=&#8220;1\/3&#8243; css=&#8220;.vc_custom_1562236680101{margin-top: 0px !important;border-top-width: 0px !important;padding-top: 0px !important;padding-right: 0px !important;padding-bottom: 0px !important;padding-left: 0px !important;background-color: #ffffff !important;}&#8220;][vc_btn title=&#8220;E-Mail schreiben&#8220; shape=&#8220;square&#8220; align=&#8220;center&#8220; link=&#8220;url:mailto%3Ainfo%40gihmm.com|||&#8220; el_class=&#8220;whitbtn&#8220;][\/vc_column_inner][\/vc_row_inner][\/vc_column][\/vc_row][vc_row el_class=&#8220;call-to-action&#8220; css=&#8220;.vc_custom_1494944009560{background-color: #d0011b !important;}&#8220;][vc_column width=&#8220;5\/6&#8243; offset=&#8220;vc_col-md-offset-2 vc_col-md-8 vc_col-sm-offset-1 vc_col-xs-offset-1 vc_col-xs-10&#8243;][vc_cta h2=&#8220;KONTAKTIEREN SIE UNS!&#8220; h4=&#8220;WIR FREUEN UNS AUF IHRE ANFRAGE&#8220; shape=&#8220;square&#8220; style=&#8220;custom&#8220; add_button=&#8220;right&#8220; btn_title=&#8220;KONTAKT&#8220; btn_style=&#8220;classic&#8220; btn_color=&#8220;white&#8220; btn_size=&#8220;lg&#8220; btn_i_align=&#8220;right&#8220; btn_i_icon_fontawesome=&#8220;fa fa-arrow-circle-right&#8220; btn_add_icon=&#8220;true&#8220; custom_background=&#8220;#d0011b&#8220; btn_link=&#8220;url:https%3A%2F%2Fwp.gihmm.webofficeserver.info%2Fsupport%2F|title:SUPPORT%20UND%20KONTAKT||&#8220; custom_text=&#8220;#ffffff&#8220;][\/vc_cta][\/vc_column][\/vc_row]<\/p>\n","protected":false},"excerpt":{"rendered":"<p>[vc_row][vc_column][\/vc_column][\/vc_row][vc_row css=&#8220;.vc_custom_1558961624918{margin-top: 60px !important;padding-top: 50px !important;padding-bottom: 50px !important;background-color: #f1f1f1 !important;}&#8220;][vc_column width=&#8220;2\/3&#8243; offset=&#8220;vc_col-lg-offset-2 vc_col-md-offset-2 vc_col-sm-offset-2 vc_col-xs-12&#8243;][vc_custom_heading text=&#8220;SCHULUNGEN &#8220; font_container=&#8220;tag:h1|text_align:center&#8220; use_theme_fonts=&#8220;yes&#8220; css=&#8220;.vc_custom_1560748748906{margin-top: 10px !important;margin-bottom: 50px !important;border-top-width: 0px !important;border-bottom-width:<span class=\"excerpt-hellip\"> [\u2026]<\/span><\/p>\n","protected":false},"author":6,"featured_media":0,"parent":0,"menu_order":0,"comment_status":"closed","ping_status":"closed","template":"","meta":[],"yoast_head":"<!-- This site is optimized with the Yoast SEO plugin v19.10 - https:\/\/yoast.com\/wordpress\/plugins\/seo\/ -->\n<title>Schulungen Radioaktivit\u00e4t, Radon &amp; deren Messung<\/title>\n<meta name=\"description\" content=\"Wir bieten Schulungen zu Radioaktivit\u00e4t und Radon, Strahlungsarten, Schutz vor Radioaktiv\u00e4t oder Messung von Radioaktivit\u00e4t in Luft, Wasser, Stoffen, Boden.\" \/>\n<meta name=\"robots\" content=\"index, follow, max-snippet:-1, max-image-preview:large, max-video-preview:-1\" \/>\n<link rel=\"canonical\" href=\"https:\/\/wp.gihmm.webofficeserver.info\/schulungen\/\" \/>\n<meta property=\"og:locale\" content=\"de_DE\" \/>\n<meta property=\"og:type\" content=\"article\" \/>\n<meta property=\"og:title\" content=\"Schulungen Radioaktivit\u00e4t, Radon &amp; deren Messung\" \/>\n<meta property=\"og:description\" content=\"Wir bieten Schulungen zu Radioaktivit\u00e4t und Radon, Strahlungsarten, Schutz vor Radioaktiv\u00e4t oder Messung von Radioaktivit\u00e4t in Luft, Wasser, Stoffen, Boden.\" \/>\n<meta property=\"og:url\" content=\"https:\/\/wp.gihmm.webofficeserver.info\/schulungen\/\" \/>\n<meta property=\"og:site_name\" content=\"Gihmm\" \/>\n<meta property=\"article:modified_time\" content=\"2019-12-12T20:40:21+00:00\" \/>\n<meta name=\"twitter:card\" content=\"summary_large_image\" \/>\n<meta name=\"twitter:label1\" content=\"Gesch\u00e4tzte Lesezeit\" \/>\n\t<meta name=\"twitter:data1\" content=\"7\u00a0Minuten\" \/>\n<script type=\"application\/ld+json\" class=\"yoast-schema-graph\">{\"@context\":\"https:\/\/schema.org\",\"@graph\":[{\"@type\":\"WebPage\",\"@id\":\"https:\/\/wp.gihmm.webofficeserver.info\/schulungen\/\",\"url\":\"https:\/\/wp.gihmm.webofficeserver.info\/schulungen\/\",\"name\":\"Schulungen Radioaktivit\u00e4t, Radon & deren Messung\",\"isPartOf\":{\"@id\":\"https:\/\/wp.gihmm.webofficeserver.info\/#website\"},\"datePublished\":\"2019-06-17T05:10:52+00:00\",\"dateModified\":\"2019-12-12T20:40:21+00:00\",\"description\":\"Wir bieten Schulungen zu Radioaktivit\u00e4t und Radon, Strahlungsarten, Schutz vor Radioaktiv\u00e4t oder Messung von Radioaktivit\u00e4t in Luft, Wasser, Stoffen, Boden.\",\"breadcrumb\":{\"@id\":\"https:\/\/wp.gihmm.webofficeserver.info\/schulungen\/#breadcrumb\"},\"inLanguage\":\"de\",\"potentialAction\":[{\"@type\":\"ReadAction\",\"target\":[\"https:\/\/wp.gihmm.webofficeserver.info\/schulungen\/\"]}]},{\"@type\":\"BreadcrumbList\",\"@id\":\"https:\/\/wp.gihmm.webofficeserver.info\/schulungen\/#breadcrumb\",\"itemListElement\":[{\"@type\":\"ListItem\",\"position\":1,\"name\":\"Home\",\"item\":\"https:\/\/wp.gihmm.webofficeserver.info\/\"},{\"@type\":\"ListItem\",\"position\":2,\"name\":\"SCHULUNGEN\"}]},{\"@type\":\"WebSite\",\"@id\":\"https:\/\/wp.gihmm.webofficeserver.info\/#website\",\"url\":\"https:\/\/wp.gihmm.webofficeserver.info\/\",\"name\":\"Gihmm\",\"description\":\"Face the invisibility\",\"potentialAction\":[{\"@type\":\"SearchAction\",\"target\":{\"@type\":\"EntryPoint\",\"urlTemplate\":\"https:\/\/wp.gihmm.webofficeserver.info\/?s={search_term_string}\"},\"query-input\":\"required name=search_term_string\"}],\"inLanguage\":\"de\"}]}<\/script>\n<!-- \/ Yoast SEO plugin. -->","yoast_head_json":{"title":"Schulungen Radioaktivit\u00e4t, Radon & deren Messung","description":"Wir bieten Schulungen zu Radioaktivit\u00e4t und Radon, Strahlungsarten, Schutz vor Radioaktiv\u00e4t oder Messung von Radioaktivit\u00e4t in Luft, Wasser, Stoffen, Boden.","robots":{"index":"index","follow":"follow","max-snippet":"max-snippet:-1","max-image-preview":"max-image-preview:large","max-video-preview":"max-video-preview:-1"},"canonical":"https:\/\/wp.gihmm.webofficeserver.info\/schulungen\/","og_locale":"de_DE","og_type":"article","og_title":"Schulungen Radioaktivit\u00e4t, Radon & deren Messung","og_description":"Wir bieten Schulungen zu Radioaktivit\u00e4t und Radon, Strahlungsarten, Schutz vor Radioaktiv\u00e4t oder Messung von Radioaktivit\u00e4t in Luft, Wasser, Stoffen, Boden.","og_url":"https:\/\/wp.gihmm.webofficeserver.info\/schulungen\/","og_site_name":"Gihmm","article_modified_time":"2019-12-12T20:40:21+00:00","twitter_card":"summary_large_image","twitter_misc":{"Gesch\u00e4tzte Lesezeit":"7\u00a0Minuten"},"schema":{"@context":"https:\/\/schema.org","@graph":[{"@type":"WebPage","@id":"https:\/\/wp.gihmm.webofficeserver.info\/schulungen\/","url":"https:\/\/wp.gihmm.webofficeserver.info\/schulungen\/","name":"Schulungen Radioaktivit\u00e4t, Radon & deren Messung","isPartOf":{"@id":"https:\/\/wp.gihmm.webofficeserver.info\/#website"},"datePublished":"2019-06-17T05:10:52+00:00","dateModified":"2019-12-12T20:40:21+00:00","description":"Wir bieten Schulungen zu Radioaktivit\u00e4t und Radon, Strahlungsarten, Schutz vor Radioaktiv\u00e4t oder Messung von Radioaktivit\u00e4t in Luft, Wasser, Stoffen, Boden.","breadcrumb":{"@id":"https:\/\/wp.gihmm.webofficeserver.info\/schulungen\/#breadcrumb"},"inLanguage":"de","potentialAction":[{"@type":"ReadAction","target":["https:\/\/wp.gihmm.webofficeserver.info\/schulungen\/"]}]},{"@type":"BreadcrumbList","@id":"https:\/\/wp.gihmm.webofficeserver.info\/schulungen\/#breadcrumb","itemListElement":[{"@type":"ListItem","position":1,"name":"Home","item":"https:\/\/wp.gihmm.webofficeserver.info\/"},{"@type":"ListItem","position":2,"name":"SCHULUNGEN"}]},{"@type":"WebSite","@id":"https:\/\/wp.gihmm.webofficeserver.info\/#website","url":"https:\/\/wp.gihmm.webofficeserver.info\/","name":"Gihmm","description":"Face the invisibility","potentialAction":[{"@type":"SearchAction","target":{"@type":"EntryPoint","urlTemplate":"https:\/\/wp.gihmm.webofficeserver.info\/?s={search_term_string}"},"query-input":"required name=search_term_string"}],"inLanguage":"de"}]}},"_links":{"self":[{"href":"https:\/\/wp.gihmm.webofficeserver.info\/wordpress\/wp-json\/wp\/v2\/pages\/2440"}],"collection":[{"href":"https:\/\/wp.gihmm.webofficeserver.info\/wordpress\/wp-json\/wp\/v2\/pages"}],"about":[{"href":"https:\/\/wp.gihmm.webofficeserver.info\/wordpress\/wp-json\/wp\/v2\/types\/page"}],"author":[{"embeddable":true,"href":"https:\/\/wp.gihmm.webofficeserver.info\/wordpress\/wp-json\/wp\/v2\/users\/6"}],"replies":[{"embeddable":true,"href":"https:\/\/wp.gihmm.webofficeserver.info\/wordpress\/wp-json\/wp\/v2\/comments?post=2440"}],"version-history":[{"count":21,"href":"https:\/\/wp.gihmm.webofficeserver.info\/wordpress\/wp-json\/wp\/v2\/pages\/2440\/revisions"}],"predecessor-version":[{"id":2585,"href":"https:\/\/wp.gihmm.webofficeserver.info\/wordpress\/wp-json\/wp\/v2\/pages\/2440\/revisions\/2585"}],"wp:attachment":[{"href":"https:\/\/wp.gihmm.webofficeserver.info\/wordpress\/wp-json\/wp\/v2\/media?parent=2440"}],"curies":[{"name":"wp","href":"https:\/\/api.w.org\/{rel}","templated":true}]}}