{"id":2178,"date":"2019-05-28T15:59:51","date_gmt":"2019-05-28T13:59:51","guid":{"rendered":"https:\/\/wp.gihmm.webofficeserver.info\/?page_id=2178"},"modified":"2022-07-19T09:15:35","modified_gmt":"2022-07-19T07:15:35","slug":"radon-mess-geraete","status":"publish","type":"page","link":"https:\/\/wp.gihmm.webofficeserver.info\/radon-messen\/radon-mess-geraete\/","title":{"rendered":"Radon Mess Ger\u00e4te"},"content":{"rendered":"<p>[vc_row css=&#8220;.vc_custom_1556801491056{margin-bottom: 50px !important;}&#8220; el_class=&#8220;productdetail&#8220;][vc_column width=&#8220;1\/2&#8243; offset=&#8220;vc_col-lg-offset-2 vc_col-md-offset-2 vc_col-sm-offset-2 vc_col-xs-offset-1 vc_col-xs-10&#8243; css=&#8220;.vc_custom_1556478811787{margin-bottom: 0px !important;}&#8220;][\/vc_column][vc_column width=&#8220;1\/6&#8243; css=&#8220;.vc_custom_1556480310713{padding-top: 30px !important;}&#8220;][\/vc_column][\/vc_row][vc_row css=&#8220;.vc_custom_1556801491056{margin-bottom: 50px !important;}&#8220; el_class=&#8220;productdetail&#8220;][vc_column width=&#8220;1\/2&#8243; offset=&#8220;vc_col-lg-offset-2 vc_col-md-offset-2 vc_col-sm-offset-2 vc_col-xs-offset-1 vc_col-xs-10&#8243; css=&#8220;.vc_custom_1556478811787{margin-bottom: 0px !important;}&#8220;][vc_column_text css=&#8220;.vc_custom_1559567675863{margin-bottom: 30px !important;}&#8220;]<\/p>\n<h1 style=\"text-align: left;\">Radon Messger\u00e4te<\/h1>\n<p style=\"text-align: left;\">Mit unseren Radon Messger\u00e4te k\u00f6nnen Sie das Vorkommen von Radon in Innenr\u00e4umen von Geb\u00e4uden messen &#8211; z.B. in Wohnh\u00e4usern, Kellern, Schulen oder B\u00fcrogeb\u00e4uden. Wie bieten sowohl Ger\u00e4te f\u00fcr Profis wie Hausinspektoren, als auch Ger\u00e4te f\u00fcr Private. Gerne <a href=\"https:\/\/wp.gihmm.webofficeserver.info\/support\/\">beraten<\/a> wir Sie auch, welches Radon Messger\u00e4t f\u00fcr Sie passend ist und bieten dar\u00fcber hinaus Messungen vor Ort und Schulungen als Dienstleistung an.<\/p>\n<p>[\/vc_column_text][vc_masonry_grid post_type=&#8220;portfolio&#8220; max_items=&#8220;-1&#8243; orderby=&#8220;title&#8220; order=&#8220;ASC&#8220; grid_id=&#8220;vc_gid:1559883130720-6c7ef8fa-65d0-5&#8243; taxonomies=&#8220;33&#8243; css=&#8220;.vc_custom_1559054494434{margin-top: 30px !important;margin-bottom: 0px !important;}&#8220;][\/vc_column][vc_column width=&#8220;1\/6&#8243; css=&#8220;.vc_custom_1556480310713{padding-top: 30px !important;}&#8220;][vc_column_text]<strong>PERS\u00d6NLICHE BERATUNG<\/strong><\/p>\n<p style=\"text-align: left;\">Da wir gro\u00dfen Wert auf eine ausf\u00fchrliche und fachlich kompetente Beratung legen, z\u00f6gern Sie bitte nicht, uns bei Fragen jeder Art zu kontaktieren.<\/p>\n<p><a class=\"redlink\" href=\"tel:+43226680216218\">+43 (0) 2266 80216 218<\/a><br \/>\n<a class=\"redlink\" href=\"&#x6d;&#x61;&#x69;&#x6c;&#x74;&#111;&#58;&#105;&#110;fo&#64;&#x67;&#x69;&#x68;&#x6d;&#x6d;&#x2e;&#99;&#111;&#109;\">E-MAIL SCHICKEN<\/a>[\/vc_column_text][\/vc_column][\/vc_row][vc_row el_class=&#8220;call-to-action&#8220; css=&#8220;.vc_custom_1556480183137{background-color: #d0011b !important;}&#8220;][vc_column width=&#8220;5\/6&#8243; offset=&#8220;vc_col-md-offset-2 vc_col-md-8 vc_col-sm-offset-1 vc_col-xs-offset-1 vc_col-xs-10&#8243;][vc_cta h2=&#8220;KONTAKTIEREN SIE UNS!&#8220; h4=&#8220;WIR FREUEN UNS AUF IHRE ANFRAGE&#8220; shape=&#8220;square&#8220; style=&#8220;custom&#8220; add_button=&#8220;right&#8220; btn_title=&#8220;KONTAKT&#8220; btn_style=&#8220;classic&#8220; btn_color=&#8220;white&#8220; btn_size=&#8220;lg&#8220; btn_i_align=&#8220;right&#8220; btn_i_icon_fontawesome=&#8220;fa fa-arrow-circle-right&#8220; btn_add_icon=&#8220;true&#8220; custom_background=&#8220;#d0011b&#8220; btn_link=&#8220;url:https%3A%2F%2Fwp.gihmm.webofficeserver.info%2Fsupport%2F|title:SUPPORT%20UND%20KONTAKT||&#8220; custom_text=&#8220;#ffffff&#8220;][\/vc_cta][\/vc_column][\/vc_row]<\/p>\n","protected":false},"excerpt":{"rendered":"<p>[vc_row css=&#8220;.vc_custom_1556801491056{margin-bottom: 50px !important;}&#8220; el_class=&#8220;productdetail&#8220;][vc_column width=&#8220;1\/2&#8243; offset=&#8220;vc_col-lg-offset-2 vc_col-md-offset-2 vc_col-sm-offset-2 vc_col-xs-offset-1 vc_col-xs-10&#8243; css=&#8220;.vc_custom_1556478811787{margin-bottom: 0px !important;}&#8220;][\/vc_column][vc_column width=&#8220;1\/6&#8243; css=&#8220;.vc_custom_1556480310713{padding-top: 30px !important;}&#8220;][\/vc_column][\/vc_row][vc_row css=&#8220;.vc_custom_1556801491056{margin-bottom: 50px !important;}&#8220; el_class=&#8220;productdetail&#8220;][vc_column width=&#8220;1\/2&#8243; offset=&#8220;vc_col-lg-offset-2 vc_col-md-offset-2 vc_col-sm-offset-2<span class=\"excerpt-hellip\"> [\u2026]<\/span><\/p>\n","protected":false},"author":6,"featured_media":0,"parent":3592,"menu_order":0,"comment_status":"closed","ping_status":"closed","template":"","meta":[],"yoast_head":"<!-- This site is optimized with the Yoast SEO plugin v19.10 - https:\/\/yoast.com\/wordpress\/plugins\/seo\/ -->\n<title>Radon Messger\u00e4t kaufen | f\u00fcr Private und Profis<\/title>\n<meta name=\"description\" content=\"Mit unseren Radon Messger\u00e4te k\u00f6nnen Sie das Vorkommen von Radion in Geb\u00e4uden messen - z.B. in Wohnh\u00e4usern, Kellern, Schulen oder B\u00fcrogeb\u00e4uden.\" \/>\n<meta name=\"robots\" content=\"index, follow, max-snippet:-1, max-image-preview:large, max-video-preview:-1\" \/>\n<link rel=\"canonical\" href=\"https:\/\/wp.gihmm.webofficeserver.info\/radon-messen\/radon-mess-geraete\/\" \/>\n<meta property=\"og:locale\" content=\"de_DE\" \/>\n<meta property=\"og:type\" content=\"article\" \/>\n<meta property=\"og:title\" content=\"Radon Messger\u00e4t kaufen | f\u00fcr Private und Profis\" \/>\n<meta property=\"og:description\" content=\"Mit unseren Radon Messger\u00e4te k\u00f6nnen Sie das Vorkommen von Radion in Geb\u00e4uden messen - z.B. in Wohnh\u00e4usern, Kellern, Schulen oder B\u00fcrogeb\u00e4uden.\" \/>\n<meta property=\"og:url\" content=\"https:\/\/wp.gihmm.webofficeserver.info\/radon-messen\/radon-mess-geraete\/\" \/>\n<meta property=\"og:site_name\" content=\"Gihmm\" \/>\n<meta property=\"article:modified_time\" content=\"2022-07-19T07:15:35+00:00\" \/>\n<meta name=\"twitter:card\" content=\"summary_large_image\" \/>\n<meta name=\"twitter:label1\" content=\"Gesch\u00e4tzte Lesezeit\" \/>\n\t<meta name=\"twitter:data1\" content=\"2\u00a0Minuten\" \/>\n<script type=\"application\/ld+json\" class=\"yoast-schema-graph\">{\"@context\":\"https:\/\/schema.org\",\"@graph\":[{\"@type\":\"WebPage\",\"@id\":\"https:\/\/wp.gihmm.webofficeserver.info\/radon-messen\/radon-mess-geraete\/\",\"url\":\"https:\/\/wp.gihmm.webofficeserver.info\/radon-messen\/radon-mess-geraete\/\",\"name\":\"Radon Messger\u00e4t kaufen | f\u00fcr Private und Profis\",\"isPartOf\":{\"@id\":\"https:\/\/wp.gihmm.webofficeserver.info\/#website\"},\"datePublished\":\"2019-05-28T13:59:51+00:00\",\"dateModified\":\"2022-07-19T07:15:35+00:00\",\"description\":\"Mit unseren Radon Messger\u00e4te k\u00f6nnen Sie das Vorkommen von Radion in Geb\u00e4uden messen - z.B. in Wohnh\u00e4usern, Kellern, Schulen oder B\u00fcrogeb\u00e4uden.\",\"breadcrumb\":{\"@id\":\"https:\/\/wp.gihmm.webofficeserver.info\/radon-messen\/radon-mess-geraete\/#breadcrumb\"},\"inLanguage\":\"de\",\"potentialAction\":[{\"@type\":\"ReadAction\",\"target\":[\"https:\/\/wp.gihmm.webofficeserver.info\/radon-messen\/radon-mess-geraete\/\"]}]},{\"@type\":\"BreadcrumbList\",\"@id\":\"https:\/\/wp.gihmm.webofficeserver.info\/radon-messen\/radon-mess-geraete\/#breadcrumb\",\"itemListElement\":[{\"@type\":\"ListItem\",\"position\":1,\"name\":\"Home\",\"item\":\"https:\/\/wp.gihmm.webofficeserver.info\/\"},{\"@type\":\"ListItem\",\"position\":2,\"name\":\"Radon Messen\",\"item\":\"https:\/\/wp.gihmm.webofficeserver.info\/radon-messen\/\"},{\"@type\":\"ListItem\",\"position\":3,\"name\":\"Radon Mess Ger\u00e4te\"}]},{\"@type\":\"WebSite\",\"@id\":\"https:\/\/wp.gihmm.webofficeserver.info\/#website\",\"url\":\"https:\/\/wp.gihmm.webofficeserver.info\/\",\"name\":\"Gihmm\",\"description\":\"Face the invisibility\",\"potentialAction\":[{\"@type\":\"SearchAction\",\"target\":{\"@type\":\"EntryPoint\",\"urlTemplate\":\"https:\/\/wp.gihmm.webofficeserver.info\/?s={search_term_string}\"},\"query-input\":\"required name=search_term_string\"}],\"inLanguage\":\"de\"}]}<\/script>\n<!-- \/ Yoast SEO plugin. -->","yoast_head_json":{"title":"Radon Messger\u00e4t kaufen | f\u00fcr Private und Profis","description":"Mit unseren Radon Messger\u00e4te k\u00f6nnen Sie das Vorkommen von Radion in Geb\u00e4uden messen - z.B. in Wohnh\u00e4usern, Kellern, Schulen oder B\u00fcrogeb\u00e4uden.","robots":{"index":"index","follow":"follow","max-snippet":"max-snippet:-1","max-image-preview":"max-image-preview:large","max-video-preview":"max-video-preview:-1"},"canonical":"https:\/\/wp.gihmm.webofficeserver.info\/radon-messen\/radon-mess-geraete\/","og_locale":"de_DE","og_type":"article","og_title":"Radon Messger\u00e4t kaufen | f\u00fcr Private und Profis","og_description":"Mit unseren Radon Messger\u00e4te k\u00f6nnen Sie das Vorkommen von Radion in Geb\u00e4uden messen - z.B. in Wohnh\u00e4usern, Kellern, Schulen oder B\u00fcrogeb\u00e4uden.","og_url":"https:\/\/wp.gihmm.webofficeserver.info\/radon-messen\/radon-mess-geraete\/","og_site_name":"Gihmm","article_modified_time":"2022-07-19T07:15:35+00:00","twitter_card":"summary_large_image","twitter_misc":{"Gesch\u00e4tzte Lesezeit":"2\u00a0Minuten"},"schema":{"@context":"https:\/\/schema.org","@graph":[{"@type":"WebPage","@id":"https:\/\/wp.gihmm.webofficeserver.info\/radon-messen\/radon-mess-geraete\/","url":"https:\/\/wp.gihmm.webofficeserver.info\/radon-messen\/radon-mess-geraete\/","name":"Radon Messger\u00e4t kaufen | f\u00fcr Private und Profis","isPartOf":{"@id":"https:\/\/wp.gihmm.webofficeserver.info\/#website"},"datePublished":"2019-05-28T13:59:51+00:00","dateModified":"2022-07-19T07:15:35+00:00","description":"Mit unseren Radon Messger\u00e4te k\u00f6nnen Sie das Vorkommen von Radion in Geb\u00e4uden messen - z.B. in Wohnh\u00e4usern, Kellern, Schulen oder B\u00fcrogeb\u00e4uden.","breadcrumb":{"@id":"https:\/\/wp.gihmm.webofficeserver.info\/radon-messen\/radon-mess-geraete\/#breadcrumb"},"inLanguage":"de","potentialAction":[{"@type":"ReadAction","target":["https:\/\/wp.gihmm.webofficeserver.info\/radon-messen\/radon-mess-geraete\/"]}]},{"@type":"BreadcrumbList","@id":"https:\/\/wp.gihmm.webofficeserver.info\/radon-messen\/radon-mess-geraete\/#breadcrumb","itemListElement":[{"@type":"ListItem","position":1,"name":"Home","item":"https:\/\/wp.gihmm.webofficeserver.info\/"},{"@type":"ListItem","position":2,"name":"Radon Messen","item":"https:\/\/wp.gihmm.webofficeserver.info\/radon-messen\/"},{"@type":"ListItem","position":3,"name":"Radon Mess Ger\u00e4te"}]},{"@type":"WebSite","@id":"https:\/\/wp.gihmm.webofficeserver.info\/#website","url":"https:\/\/wp.gihmm.webofficeserver.info\/","name":"Gihmm","description":"Face the invisibility","potentialAction":[{"@type":"SearchAction","target":{"@type":"EntryPoint","urlTemplate":"https:\/\/wp.gihmm.webofficeserver.info\/?s={search_term_string}"},"query-input":"required name=search_term_string"}],"inLanguage":"de"}]}},"_links":{"self":[{"href":"https:\/\/wp.gihmm.webofficeserver.info\/wordpress\/wp-json\/wp\/v2\/pages\/2178"}],"collection":[{"href":"https:\/\/wp.gihmm.webofficeserver.info\/wordpress\/wp-json\/wp\/v2\/pages"}],"about":[{"href":"https:\/\/wp.gihmm.webofficeserver.info\/wordpress\/wp-json\/wp\/v2\/types\/page"}],"author":[{"embeddable":true,"href":"https:\/\/wp.gihmm.webofficeserver.info\/wordpress\/wp-json\/wp\/v2\/users\/6"}],"replies":[{"embeddable":true,"href":"https:\/\/wp.gihmm.webofficeserver.info\/wordpress\/wp-json\/wp\/v2\/comments?post=2178"}],"version-history":[{"count":16,"href":"https:\/\/wp.gihmm.webofficeserver.info\/wordpress\/wp-json\/wp\/v2\/pages\/2178\/revisions"}],"predecessor-version":[{"id":2429,"href":"https:\/\/wp.gihmm.webofficeserver.info\/wordpress\/wp-json\/wp\/v2\/pages\/2178\/revisions\/2429"}],"up":[{"embeddable":true,"href":"https:\/\/wp.gihmm.webofficeserver.info\/wordpress\/wp-json\/wp\/v2\/pages\/3592"}],"wp:attachment":[{"href":"https:\/\/wp.gihmm.webofficeserver.info\/wordpress\/wp-json\/wp\/v2\/media?parent=2178"}],"curies":[{"name":"wp","href":"https:\/\/api.w.org\/{rel}","templated":true}]}}