{"id":2085,"date":"2019-05-06T13:52:20","date_gmt":"2019-05-06T11:52:20","guid":{"rendered":"https:\/\/wp.gihmm.webofficeserver.info\/?page_id=2085"},"modified":"2021-09-06T12:34:42","modified_gmt":"2021-09-06T10:34:42","slug":"zubehoer","status":"publish","type":"page","link":"https:\/\/wp.gihmm.webofficeserver.info\/radioaktivitaet-messen\/zubehoer\/","title":{"rendered":"ZUBEH\u00d6R"},"content":{"rendered":"<p>[vc_row][vc_column][\/vc_column][\/vc_row][vc_row css=&#8220;.vc_custom_1556281899923{padding-top: 45px !important;padding-bottom: 15px !important;}&#8220;][vc_column width=&#8220;2\/3&#8243; offset=&#8220;vc_col-lg-offset-2 vc_col-md-offset-2 vc_col-sm-offset-2 vc_col-xs-12&#8243; el_id=&#8220;intro1&#8243;][vc_column_text css=&#8220;.vc_custom_1630924477966{margin-bottom: 30px !important;}&#8220;]<\/p>\n<ul class=\"productlist\">\n<li><a href=\"https:\/\/wp.gihmm.webofficeserver.info\/radioaktivitaet-messen\/aerosol-mess-systeme\/\">AEROSOL MESS-SYSTEME<\/a><\/li>\n<li><a href=\"https:\/\/wp.gihmm.webofficeserver.info\/radioaktivitaet-messen\/gamma-detektoren\/\">GAMMA DETEKTOREN<\/a><\/li>\n<li><a href=\"https:\/\/wp.gihmm.webofficeserver.info\/radioaktivitaet-messen\/software\/\">SOFTWARE<\/a><\/li>\n<li><a class=\"active\" href=\"https:\/\/wp.gihmm.webofficeserver.info\/radioaktivitaet-messen\/zubehoer\/\">ZUBEH\u00d6R<\/a><\/li>\n<li><a href=\"https:\/\/wp.gihmm.webofficeserver.info\/radioaktivitaet-messen\/loesungen\/\">L\u00d6SUNGEN<\/a><\/li>\n<\/ul>\n<p>[\/vc_column_text][\/vc_column][\/vc_row][vc_row el_id=&#8220;newportfolio&#8220; css=&#8220;.vc_custom_1556801491056{margin-bottom: 50px !important;}&#8220; el_class=&#8220;productdetail&#8220;][vc_column width=&#8220;1\/2&#8243; offset=&#8220;vc_col-lg-offset-2 vc_col-md-offset-2 vc_col-sm-offset-2 vc_col-xs-offset-1 vc_col-xs-10&#8243; css=&#8220;.vc_custom_1556478811787{margin-bottom: 0px !important;}&#8220;][vc_column_text css=&#8220;.vc_custom_1567514504325{margin-bottom: 30px !important;}&#8220;]<\/p>\n<h1 style=\"text-align: left;\">Zubeh\u00f6r f\u00fcr Radioaktivit\u00e4tsmessger\u00e4te<\/h1>\n<p>Als Komplett-Anbieter schl\u00fcsselfertiger L\u00f6sungen f\u00fcr Systeme und Ger\u00e4te zur Messung von Radioaktivit\u00e4t jeglicher Art bietet GIHMM auch geeignetes Zubeh\u00f6r an:<\/p>\n<ul>\n<li>Montages\u00e4tze<\/li>\n<li>autonome \u00dcberwachungsstationen mit Solarmodulen und kompletten Wetterstationen<\/li>\n<li>Wandhalterungen und -schr\u00e4nke<\/li>\n<li>Datenlogger<\/li>\n<\/ul>\n<p>Diese Produkte wurden im Laufe der Jahre st\u00e4ndig verbessert und entsprechen den h\u00f6chsten Anforderungen an Langlebigkeit, Eignung und Qualit\u00e4t.[\/vc_column_text][vc_masonry_grid post_type=&#8220;portfolio&#8220; max_items=&#8220;-1&#8243; orderby=&#8220;title&#8220; order=&#8220;ASC&#8220; grid_id=&#8220;vc_gid:1630924386526-da426f3d-f481-4&#8243; taxonomies=&#8220;7&#8243; css=&#8220;.vc_custom_1557143500038{margin-top: 0px !important;margin-bottom: 0px !important;}&#8220;][\/vc_column][vc_column width=&#8220;1\/6&#8243; css=&#8220;.vc_custom_1556480310713{padding-top: 30px !important;}&#8220;][vc_column_text]<strong>PERS\u00d6NLICHE BERATUNG<\/strong><\/p>\n<p style=\"text-align: left;\">Da wir gro\u00dfen Wert auf eine ausf\u00fchrliche und fachlich kompetente Beratung legen, z\u00f6gern Sie bitte nicht, uns bei Fragen jeder Art zu kontaktieren.<\/p>\n<p><a class=\"redlink\" href=\"tel:+43226680216218\">+43 (0) 2266 80216 218<\/a><br \/>\n<a class=\"redlink\" href=\"&#109;&#x61;&#105;&#x6c;t&#111;&#x3a;&#105;&#x6e;f&#x6f;&#64;&#103;&#x69;&#104;&#x6d;m&#x2e;&#x63;&#111;&#x6d;\">E-MAIL SCHICKEN<\/a>[\/vc_column_text][\/vc_column][\/vc_row][vc_row el_class=&#8220;call-to-action&#8220; css=&#8220;.vc_custom_1556480183137{background-color: #d0011b !important;}&#8220;][vc_column width=&#8220;5\/6&#8243; offset=&#8220;vc_col-md-offset-2 vc_col-md-8 vc_col-sm-offset-1 vc_col-xs-offset-1 vc_col-xs-10&#8243;][vc_cta h2=&#8220;KONTAKTIEREN SIE UNS!&#8220; h4=&#8220;WIR FREUEN UNS AUF IHRE ANFRAGE&#8220; shape=&#8220;square&#8220; style=&#8220;custom&#8220; add_button=&#8220;right&#8220; btn_title=&#8220;KONTAKT&#8220; btn_style=&#8220;classic&#8220; btn_color=&#8220;white&#8220; btn_size=&#8220;lg&#8220; btn_i_align=&#8220;right&#8220; btn_i_icon_fontawesome=&#8220;fa fa-arrow-circle-right&#8220; btn_add_icon=&#8220;true&#8220; custom_background=&#8220;#d0011b&#8220; btn_link=&#8220;url:https%3A%2F%2Fwp.gihmm.webofficeserver.info%2Fsupport%2F|||&#8220; custom_text=&#8220;#ffffff&#8220;][\/vc_cta][\/vc_column][\/vc_row]<\/p>\n","protected":false},"excerpt":{"rendered":"<p>[vc_row][vc_column][\/vc_column][\/vc_row][vc_row css=&#8220;.vc_custom_1556281899923{padding-top: 45px !important;padding-bottom: 15px !important;}&#8220;][vc_column width=&#8220;2\/3&#8243; offset=&#8220;vc_col-lg-offset-2 vc_col-md-offset-2 vc_col-sm-offset-2 vc_col-xs-12&#8243; el_id=&#8220;intro1&#8243;][vc_column_text css=&#8220;.vc_custom_1630924477966{margin-bottom: 30px !important;}&#8220;] AEROSOL MESS-SYSTEME GAMMA DETEKTOREN SOFTWARE ZUBEH\u00d6R L\u00d6SUNGEN [\/vc_column_text][\/vc_column][\/vc_row][vc_row el_id=&#8220;newportfolio&#8220; css=&#8220;.vc_custom_1556801491056{margin-bottom: 50px<span class=\"excerpt-hellip\"> [\u2026]<\/span><\/p>\n","protected":false},"author":6,"featured_media":0,"parent":1998,"menu_order":0,"comment_status":"closed","ping_status":"closed","template":"","meta":[],"yoast_head":"<!-- This site is optimized with the Yoast SEO plugin v19.10 - https:\/\/yoast.com\/wordpress\/plugins\/seo\/ -->\n<title>Zubeh\u00f6r f\u00fcr Radioaktivit\u00e4tsmessger\u00e4te<\/title>\n<meta name=\"description\" content=\"Als Komplettanbieter f\u00fcr Ger\u00e4te zur Messung von Radioaktivit\u00e4t bietet Gihmm auch passendes Zubeh\u00f6r wie z.B. Solarstationen, Wandschr\u00e4nke oder Datalogger.\" \/>\n<meta name=\"robots\" content=\"index, follow, max-snippet:-1, max-image-preview:large, max-video-preview:-1\" \/>\n<link rel=\"canonical\" href=\"https:\/\/wp.gihmm.webofficeserver.info\/radioaktivitaet-messen\/zubehoer\/\" \/>\n<meta property=\"og:locale\" content=\"de_DE\" \/>\n<meta property=\"og:type\" content=\"article\" \/>\n<meta property=\"og:title\" content=\"Zubeh\u00f6r f\u00fcr Radioaktivit\u00e4tsmessger\u00e4te\" \/>\n<meta property=\"og:description\" content=\"Als Komplettanbieter f\u00fcr Ger\u00e4te zur Messung von Radioaktivit\u00e4t bietet Gihmm auch passendes Zubeh\u00f6r wie z.B. Solarstationen, Wandschr\u00e4nke oder Datalogger.\" \/>\n<meta property=\"og:url\" content=\"https:\/\/wp.gihmm.webofficeserver.info\/radioaktivitaet-messen\/zubehoer\/\" \/>\n<meta property=\"og:site_name\" content=\"Gihmm\" \/>\n<meta property=\"article:modified_time\" content=\"2021-09-06T10:34:42+00:00\" \/>\n<meta name=\"twitter:card\" content=\"summary_large_image\" \/>\n<meta name=\"twitter:label1\" content=\"Gesch\u00e4tzte Lesezeit\" \/>\n\t<meta name=\"twitter:data1\" content=\"2\u00a0Minuten\" \/>\n<script type=\"application\/ld+json\" class=\"yoast-schema-graph\">{\"@context\":\"https:\/\/schema.org\",\"@graph\":[{\"@type\":\"WebPage\",\"@id\":\"https:\/\/wp.gihmm.webofficeserver.info\/radioaktivitaet-messen\/zubehoer\/\",\"url\":\"https:\/\/wp.gihmm.webofficeserver.info\/radioaktivitaet-messen\/zubehoer\/\",\"name\":\"Zubeh\u00f6r f\u00fcr Radioaktivit\u00e4tsmessger\u00e4te\",\"isPartOf\":{\"@id\":\"https:\/\/wp.gihmm.webofficeserver.info\/#website\"},\"datePublished\":\"2019-05-06T11:52:20+00:00\",\"dateModified\":\"2021-09-06T10:34:42+00:00\",\"description\":\"Als Komplettanbieter f\u00fcr Ger\u00e4te zur Messung von Radioaktivit\u00e4t bietet Gihmm auch passendes Zubeh\u00f6r wie z.B. Solarstationen, Wandschr\u00e4nke oder Datalogger.\",\"breadcrumb\":{\"@id\":\"https:\/\/wp.gihmm.webofficeserver.info\/radioaktivitaet-messen\/zubehoer\/#breadcrumb\"},\"inLanguage\":\"de\",\"potentialAction\":[{\"@type\":\"ReadAction\",\"target\":[\"https:\/\/wp.gihmm.webofficeserver.info\/radioaktivitaet-messen\/zubehoer\/\"]}]},{\"@type\":\"BreadcrumbList\",\"@id\":\"https:\/\/wp.gihmm.webofficeserver.info\/radioaktivitaet-messen\/zubehoer\/#breadcrumb\",\"itemListElement\":[{\"@type\":\"ListItem\",\"position\":1,\"name\":\"Home\",\"item\":\"https:\/\/wp.gihmm.webofficeserver.info\/\"},{\"@type\":\"ListItem\",\"position\":2,\"name\":\"Radioaktivit\u00e4t messen\",\"item\":\"https:\/\/wp.gihmm.webofficeserver.info\/radioaktivitaet-messen\/\"},{\"@type\":\"ListItem\",\"position\":3,\"name\":\"ZUBEH\u00d6R\"}]},{\"@type\":\"WebSite\",\"@id\":\"https:\/\/wp.gihmm.webofficeserver.info\/#website\",\"url\":\"https:\/\/wp.gihmm.webofficeserver.info\/\",\"name\":\"Gihmm\",\"description\":\"Face the invisibility\",\"potentialAction\":[{\"@type\":\"SearchAction\",\"target\":{\"@type\":\"EntryPoint\",\"urlTemplate\":\"https:\/\/wp.gihmm.webofficeserver.info\/?s={search_term_string}\"},\"query-input\":\"required name=search_term_string\"}],\"inLanguage\":\"de\"}]}<\/script>\n<!-- \/ Yoast SEO plugin. -->","yoast_head_json":{"title":"Zubeh\u00f6r f\u00fcr Radioaktivit\u00e4tsmessger\u00e4te","description":"Als Komplettanbieter f\u00fcr Ger\u00e4te zur Messung von Radioaktivit\u00e4t bietet Gihmm auch passendes Zubeh\u00f6r wie z.B. Solarstationen, Wandschr\u00e4nke oder Datalogger.","robots":{"index":"index","follow":"follow","max-snippet":"max-snippet:-1","max-image-preview":"max-image-preview:large","max-video-preview":"max-video-preview:-1"},"canonical":"https:\/\/wp.gihmm.webofficeserver.info\/radioaktivitaet-messen\/zubehoer\/","og_locale":"de_DE","og_type":"article","og_title":"Zubeh\u00f6r f\u00fcr Radioaktivit\u00e4tsmessger\u00e4te","og_description":"Als Komplettanbieter f\u00fcr Ger\u00e4te zur Messung von Radioaktivit\u00e4t bietet Gihmm auch passendes Zubeh\u00f6r wie z.B. Solarstationen, Wandschr\u00e4nke oder Datalogger.","og_url":"https:\/\/wp.gihmm.webofficeserver.info\/radioaktivitaet-messen\/zubehoer\/","og_site_name":"Gihmm","article_modified_time":"2021-09-06T10:34:42+00:00","twitter_card":"summary_large_image","twitter_misc":{"Gesch\u00e4tzte Lesezeit":"2\u00a0Minuten"},"schema":{"@context":"https:\/\/schema.org","@graph":[{"@type":"WebPage","@id":"https:\/\/wp.gihmm.webofficeserver.info\/radioaktivitaet-messen\/zubehoer\/","url":"https:\/\/wp.gihmm.webofficeserver.info\/radioaktivitaet-messen\/zubehoer\/","name":"Zubeh\u00f6r f\u00fcr Radioaktivit\u00e4tsmessger\u00e4te","isPartOf":{"@id":"https:\/\/wp.gihmm.webofficeserver.info\/#website"},"datePublished":"2019-05-06T11:52:20+00:00","dateModified":"2021-09-06T10:34:42+00:00","description":"Als Komplettanbieter f\u00fcr Ger\u00e4te zur Messung von Radioaktivit\u00e4t bietet Gihmm auch passendes Zubeh\u00f6r wie z.B. Solarstationen, Wandschr\u00e4nke oder Datalogger.","breadcrumb":{"@id":"https:\/\/wp.gihmm.webofficeserver.info\/radioaktivitaet-messen\/zubehoer\/#breadcrumb"},"inLanguage":"de","potentialAction":[{"@type":"ReadAction","target":["https:\/\/wp.gihmm.webofficeserver.info\/radioaktivitaet-messen\/zubehoer\/"]}]},{"@type":"BreadcrumbList","@id":"https:\/\/wp.gihmm.webofficeserver.info\/radioaktivitaet-messen\/zubehoer\/#breadcrumb","itemListElement":[{"@type":"ListItem","position":1,"name":"Home","item":"https:\/\/wp.gihmm.webofficeserver.info\/"},{"@type":"ListItem","position":2,"name":"Radioaktivit\u00e4t messen","item":"https:\/\/wp.gihmm.webofficeserver.info\/radioaktivitaet-messen\/"},{"@type":"ListItem","position":3,"name":"ZUBEH\u00d6R"}]},{"@type":"WebSite","@id":"https:\/\/wp.gihmm.webofficeserver.info\/#website","url":"https:\/\/wp.gihmm.webofficeserver.info\/","name":"Gihmm","description":"Face the invisibility","potentialAction":[{"@type":"SearchAction","target":{"@type":"EntryPoint","urlTemplate":"https:\/\/wp.gihmm.webofficeserver.info\/?s={search_term_string}"},"query-input":"required name=search_term_string"}],"inLanguage":"de"}]}},"_links":{"self":[{"href":"https:\/\/wp.gihmm.webofficeserver.info\/wordpress\/wp-json\/wp\/v2\/pages\/2085"}],"collection":[{"href":"https:\/\/wp.gihmm.webofficeserver.info\/wordpress\/wp-json\/wp\/v2\/pages"}],"about":[{"href":"https:\/\/wp.gihmm.webofficeserver.info\/wordpress\/wp-json\/wp\/v2\/types\/page"}],"author":[{"embeddable":true,"href":"https:\/\/wp.gihmm.webofficeserver.info\/wordpress\/wp-json\/wp\/v2\/users\/6"}],"replies":[{"embeddable":true,"href":"https:\/\/wp.gihmm.webofficeserver.info\/wordpress\/wp-json\/wp\/v2\/comments?post=2085"}],"version-history":[{"count":17,"href":"https:\/\/wp.gihmm.webofficeserver.info\/wordpress\/wp-json\/wp\/v2\/pages\/2085\/revisions"}],"predecessor-version":[{"id":3393,"href":"https:\/\/wp.gihmm.webofficeserver.info\/wordpress\/wp-json\/wp\/v2\/pages\/2085\/revisions\/3393"}],"up":[{"embeddable":true,"href":"https:\/\/wp.gihmm.webofficeserver.info\/wordpress\/wp-json\/wp\/v2\/pages\/1998"}],"wp:attachment":[{"href":"https:\/\/wp.gihmm.webofficeserver.info\/wordpress\/wp-json\/wp\/v2\/media?parent=2085"}],"curies":[{"name":"wp","href":"https:\/\/api.w.org\/{rel}","templated":true}]}}