{"id":2046,"date":"2019-04-28T21:00:20","date_gmt":"2019-04-28T19:00:20","guid":{"rendered":"https:\/\/wp.gihmm.webofficeserver.info\/?page_id=2046"},"modified":"2021-09-06T12:33:23","modified_gmt":"2021-09-06T10:33:23","slug":"aerosol-mess-systeme","status":"publish","type":"page","link":"https:\/\/wp.gihmm.webofficeserver.info\/radioaktivitaet-messen\/aerosol-mess-systeme\/","title":{"rendered":"AEROSOL-MESS-SYSTEME"},"content":{"rendered":"<p>[vc_row][vc_column][\/vc_column][\/vc_row][vc_row css=&#8220;.vc_custom_1556281899923{padding-top: 45px !important;padding-bottom: 15px !important;}&#8220;][vc_column width=&#8220;2\/3&#8243; offset=&#8220;vc_col-lg-offset-2 vc_col-md-offset-2 vc_col-sm-offset-2 vc_col-xs-12&#8243; el_id=&#8220;intro1&#8243;][vc_column_text css=&#8220;.vc_custom_1630924395220{margin-bottom: 30px !important;}&#8220;]<\/p>\n<ul class=\"productlist\">\n<li><a class=\"active\" href=\"https:\/\/wp.gihmm.webofficeserver.info\/radioaktivitaet-messen\/aerosol-mess-systeme\/\">AEROSOL MESS-SYSTEME<\/a><\/li>\n<li><a href=\"https:\/\/wp.gihmm.webofficeserver.info\/radioaktivitaet-messen\/gamma-detektoren\/\">GAMMA DETEKTOREN<\/a><\/li>\n<li><a href=\"https:\/\/wp.gihmm.webofficeserver.info\/radioaktivitaet-messen\/software\/\">SOFTWARE<\/a><\/li>\n<li><a href=\"https:\/\/wp.gihmm.webofficeserver.info\/radioaktivitaet-messen\/zubehoer\/\">ZUBEH\u00d6R<\/a><\/li>\n<li><a href=\"https:\/\/wp.gihmm.webofficeserver.info\/radioaktivitaet-messen\/loesungen\/\">L\u00d6SUNGEN<\/a><\/li>\n<\/ul>\n<p>[\/vc_column_text][\/vc_column][\/vc_row][vc_row el_id=&#8220;newportfolio&#8220; css=&#8220;.vc_custom_1556801491056{margin-bottom: 50px !important;}&#8220; el_class=&#8220;productdetail&#8220;][vc_column width=&#8220;1\/2&#8243; offset=&#8220;vc_col-lg-offset-2 vc_col-md-offset-2 vc_col-sm-offset-2 vc_col-xs-offset-1 vc_col-xs-10&#8243; css=&#8220;.vc_custom_1556478811787{margin-bottom: 0px !important;}&#8220;][vc_column_text css=&#8220;.vc_custom_1559566499244{margin-bottom: 30px !important;}&#8220;]<\/p>\n<h1 style=\"text-align: left;\">Aerosol Mess-Systeme<\/h1>\n<p style=\"text-align: left;\">Mit den Aerosol Messger\u00e4ten k\u00f6nnen radioaktive Partikel in der Luft identifiziert werden. Alpha, Beta &amp; Gamma Strahlung haben eine gef\u00e4hrliche Auswirkung auf den Organismus. Mit unseren\u00a0 hochwertigen und pr\u00e4zisen Aerosol Mess-Systemen k\u00f6nnen diese radioaktiven Strahlungen in der Luft gemessen werden. So k\u00f6nnen nukleare St\u00f6rf\u00e4lle in Atomkraftwerken und in der nuklearen Industrie schnellstm\u00f6glich erkannt und die Bev\u00f6lkerung gesch\u00fctzt werden.<\/p>\n<p>[\/vc_column_text][vc_masonry_grid post_type=&#8220;portfolio&#8220; max_items=&#8220;-1&#8243; orderby=&#8220;title&#8220; order=&#8220;ASC&#8220; grid_id=&#8220;vc_gid:1630924380428-7c1fd2dc-478c-2&#8243; taxonomies=&#8220;6&#8243; css=&#8220;.vc_custom_1556480231665{margin-top: 0px !important;margin-bottom: 0px !important;}&#8220;][\/vc_column][vc_column width=&#8220;1\/6&#8243; css=&#8220;.vc_custom_1556480310713{padding-top: 30px !important;}&#8220;][vc_column_text]<strong>PERS\u00d6NLICHE BERATUNG<\/strong><\/p>\n<p style=\"text-align: left;\">Da wir gro\u00dfen Wert auf eine ausf\u00fchrliche und fachlich kompetente Beratung legen, z\u00f6gern Sie bitte nicht, uns bei Fragen jeder Art zu kontaktieren.<\/p>\n<p><a class=\"redlink\" href=\"tel:+43226680216218\">+43 (0) 2266 80216 218<\/a><br \/>\n<a class=\"redlink\" href=\"&#x6d;&#97;&#105;l&#x74;&#x6f;&#58;i&#x6e;&#x66;&#111;&#64;&#x67;&#x69;&#104;m&#x6d;&#x2e;&#99;o&#x6d;\">E-MAIL SCHICKEN<\/a>[\/vc_column_text][\/vc_column][\/vc_row][vc_row el_class=&#8220;call-to-action&#8220; css=&#8220;.vc_custom_1556480183137{background-color: #d0011b !important;}&#8220;][vc_column width=&#8220;5\/6&#8243; offset=&#8220;vc_col-md-offset-2 vc_col-md-8 vc_col-sm-offset-1 vc_col-xs-offset-1 vc_col-xs-10&#8243;][vc_cta h2=&#8220;KONTAKTIEREN SIE UNS!&#8220; h4=&#8220;WIR FREUEN UNS AUF IHRE ANFRAGE&#8220; shape=&#8220;square&#8220; style=&#8220;custom&#8220; add_button=&#8220;right&#8220; btn_title=&#8220;KONTAKT&#8220; btn_style=&#8220;classic&#8220; btn_color=&#8220;white&#8220; btn_size=&#8220;lg&#8220; btn_i_align=&#8220;right&#8220; btn_i_icon_fontawesome=&#8220;fa fa-arrow-circle-right&#8220; btn_add_icon=&#8220;true&#8220; custom_background=&#8220;#d0011b&#8220; btn_link=&#8220;url:https%3A%2F%2Fwp.gihmm.webofficeserver.info%2Fsupport%2F|||&#8220; custom_text=&#8220;#ffffff&#8220;][\/vc_cta][\/vc_column][\/vc_row]<\/p>\n","protected":false},"excerpt":{"rendered":"<p>[vc_row][vc_column][\/vc_column][\/vc_row][vc_row css=&#8220;.vc_custom_1556281899923{padding-top: 45px !important;padding-bottom: 15px !important;}&#8220;][vc_column width=&#8220;2\/3&#8243; offset=&#8220;vc_col-lg-offset-2 vc_col-md-offset-2 vc_col-sm-offset-2 vc_col-xs-12&#8243; el_id=&#8220;intro1&#8243;][vc_column_text css=&#8220;.vc_custom_1630924395220{margin-bottom: 30px !important;}&#8220;] AEROSOL MESS-SYSTEME GAMMA DETEKTOREN SOFTWARE ZUBEH\u00d6R L\u00d6SUNGEN [\/vc_column_text][\/vc_column][\/vc_row][vc_row el_id=&#8220;newportfolio&#8220; css=&#8220;.vc_custom_1556801491056{margin-bottom: 50px<span class=\"excerpt-hellip\"> [\u2026]<\/span><\/p>\n","protected":false},"author":6,"featured_media":0,"parent":1998,"menu_order":0,"comment_status":"closed","ping_status":"closed","template":"","meta":[],"yoast_head":"<!-- This site is optimized with the Yoast SEO plugin v19.10 - https:\/\/yoast.com\/wordpress\/plugins\/seo\/ -->\n<title>AEROSOL-MESS-SYSTEME | Gihmm<\/title>\n<meta name=\"description\" content=\"Unsere Mess-Systeme messen alle radiaktiven Strahlungsarten in der Luft mit h\u00f6chster Pr\u00e4zession: Alpha, Beta, Gamma Strahlung - Aerosol Monitoring.\" \/>\n<meta name=\"robots\" content=\"index, follow, max-snippet:-1, max-image-preview:large, max-video-preview:-1\" \/>\n<link rel=\"canonical\" href=\"https:\/\/wp.gihmm.webofficeserver.info\/radioaktivitaet-messen\/aerosol-mess-systeme\/\" \/>\n<meta property=\"og:locale\" content=\"de_DE\" \/>\n<meta property=\"og:type\" content=\"article\" \/>\n<meta property=\"og:title\" content=\"AEROSOL-MESS-SYSTEME | Gihmm\" \/>\n<meta property=\"og:description\" content=\"Unsere Mess-Systeme messen alle radiaktiven Strahlungsarten in der Luft mit h\u00f6chster Pr\u00e4zession: Alpha, Beta, Gamma Strahlung - Aerosol Monitoring.\" \/>\n<meta property=\"og:url\" content=\"https:\/\/wp.gihmm.webofficeserver.info\/radioaktivitaet-messen\/aerosol-mess-systeme\/\" \/>\n<meta property=\"og:site_name\" content=\"Gihmm\" \/>\n<meta property=\"article:modified_time\" content=\"2021-09-06T10:33:23+00:00\" \/>\n<meta name=\"twitter:card\" content=\"summary_large_image\" \/>\n<meta name=\"twitter:label1\" content=\"Gesch\u00e4tzte Lesezeit\" \/>\n\t<meta name=\"twitter:data1\" content=\"2\u00a0Minuten\" \/>\n<script type=\"application\/ld+json\" class=\"yoast-schema-graph\">{\"@context\":\"https:\/\/schema.org\",\"@graph\":[{\"@type\":\"WebPage\",\"@id\":\"https:\/\/wp.gihmm.webofficeserver.info\/radioaktivitaet-messen\/aerosol-mess-systeme\/\",\"url\":\"https:\/\/wp.gihmm.webofficeserver.info\/radioaktivitaet-messen\/aerosol-mess-systeme\/\",\"name\":\"AEROSOL-MESS-SYSTEME | Gihmm\",\"isPartOf\":{\"@id\":\"https:\/\/wp.gihmm.webofficeserver.info\/#website\"},\"datePublished\":\"2019-04-28T19:00:20+00:00\",\"dateModified\":\"2021-09-06T10:33:23+00:00\",\"description\":\"Unsere Mess-Systeme messen alle radiaktiven Strahlungsarten in der Luft mit h\u00f6chster Pr\u00e4zession: Alpha, Beta, Gamma Strahlung - Aerosol Monitoring.\",\"breadcrumb\":{\"@id\":\"https:\/\/wp.gihmm.webofficeserver.info\/radioaktivitaet-messen\/aerosol-mess-systeme\/#breadcrumb\"},\"inLanguage\":\"de\",\"potentialAction\":[{\"@type\":\"ReadAction\",\"target\":[\"https:\/\/wp.gihmm.webofficeserver.info\/radioaktivitaet-messen\/aerosol-mess-systeme\/\"]}]},{\"@type\":\"BreadcrumbList\",\"@id\":\"https:\/\/wp.gihmm.webofficeserver.info\/radioaktivitaet-messen\/aerosol-mess-systeme\/#breadcrumb\",\"itemListElement\":[{\"@type\":\"ListItem\",\"position\":1,\"name\":\"Home\",\"item\":\"https:\/\/wp.gihmm.webofficeserver.info\/\"},{\"@type\":\"ListItem\",\"position\":2,\"name\":\"Radioaktivit\u00e4t messen\",\"item\":\"https:\/\/wp.gihmm.webofficeserver.info\/radioaktivitaet-messen\/\"},{\"@type\":\"ListItem\",\"position\":3,\"name\":\"AEROSOL-MESS-SYSTEME\"}]},{\"@type\":\"WebSite\",\"@id\":\"https:\/\/wp.gihmm.webofficeserver.info\/#website\",\"url\":\"https:\/\/wp.gihmm.webofficeserver.info\/\",\"name\":\"Gihmm\",\"description\":\"Face the invisibility\",\"potentialAction\":[{\"@type\":\"SearchAction\",\"target\":{\"@type\":\"EntryPoint\",\"urlTemplate\":\"https:\/\/wp.gihmm.webofficeserver.info\/?s={search_term_string}\"},\"query-input\":\"required name=search_term_string\"}],\"inLanguage\":\"de\"}]}<\/script>\n<!-- \/ Yoast SEO plugin. -->","yoast_head_json":{"title":"AEROSOL-MESS-SYSTEME | Gihmm","description":"Unsere Mess-Systeme messen alle radiaktiven Strahlungsarten in der Luft mit h\u00f6chster Pr\u00e4zession: Alpha, Beta, Gamma Strahlung - Aerosol Monitoring.","robots":{"index":"index","follow":"follow","max-snippet":"max-snippet:-1","max-image-preview":"max-image-preview:large","max-video-preview":"max-video-preview:-1"},"canonical":"https:\/\/wp.gihmm.webofficeserver.info\/radioaktivitaet-messen\/aerosol-mess-systeme\/","og_locale":"de_DE","og_type":"article","og_title":"AEROSOL-MESS-SYSTEME | Gihmm","og_description":"Unsere Mess-Systeme messen alle radiaktiven Strahlungsarten in der Luft mit h\u00f6chster Pr\u00e4zession: Alpha, Beta, Gamma Strahlung - Aerosol Monitoring.","og_url":"https:\/\/wp.gihmm.webofficeserver.info\/radioaktivitaet-messen\/aerosol-mess-systeme\/","og_site_name":"Gihmm","article_modified_time":"2021-09-06T10:33:23+00:00","twitter_card":"summary_large_image","twitter_misc":{"Gesch\u00e4tzte Lesezeit":"2\u00a0Minuten"},"schema":{"@context":"https:\/\/schema.org","@graph":[{"@type":"WebPage","@id":"https:\/\/wp.gihmm.webofficeserver.info\/radioaktivitaet-messen\/aerosol-mess-systeme\/","url":"https:\/\/wp.gihmm.webofficeserver.info\/radioaktivitaet-messen\/aerosol-mess-systeme\/","name":"AEROSOL-MESS-SYSTEME | Gihmm","isPartOf":{"@id":"https:\/\/wp.gihmm.webofficeserver.info\/#website"},"datePublished":"2019-04-28T19:00:20+00:00","dateModified":"2021-09-06T10:33:23+00:00","description":"Unsere Mess-Systeme messen alle radiaktiven Strahlungsarten in der Luft mit h\u00f6chster Pr\u00e4zession: Alpha, Beta, Gamma Strahlung - Aerosol Monitoring.","breadcrumb":{"@id":"https:\/\/wp.gihmm.webofficeserver.info\/radioaktivitaet-messen\/aerosol-mess-systeme\/#breadcrumb"},"inLanguage":"de","potentialAction":[{"@type":"ReadAction","target":["https:\/\/wp.gihmm.webofficeserver.info\/radioaktivitaet-messen\/aerosol-mess-systeme\/"]}]},{"@type":"BreadcrumbList","@id":"https:\/\/wp.gihmm.webofficeserver.info\/radioaktivitaet-messen\/aerosol-mess-systeme\/#breadcrumb","itemListElement":[{"@type":"ListItem","position":1,"name":"Home","item":"https:\/\/wp.gihmm.webofficeserver.info\/"},{"@type":"ListItem","position":2,"name":"Radioaktivit\u00e4t messen","item":"https:\/\/wp.gihmm.webofficeserver.info\/radioaktivitaet-messen\/"},{"@type":"ListItem","position":3,"name":"AEROSOL-MESS-SYSTEME"}]},{"@type":"WebSite","@id":"https:\/\/wp.gihmm.webofficeserver.info\/#website","url":"https:\/\/wp.gihmm.webofficeserver.info\/","name":"Gihmm","description":"Face the invisibility","potentialAction":[{"@type":"SearchAction","target":{"@type":"EntryPoint","urlTemplate":"https:\/\/wp.gihmm.webofficeserver.info\/?s={search_term_string}"},"query-input":"required name=search_term_string"}],"inLanguage":"de"}]}},"_links":{"self":[{"href":"https:\/\/wp.gihmm.webofficeserver.info\/wordpress\/wp-json\/wp\/v2\/pages\/2046"}],"collection":[{"href":"https:\/\/wp.gihmm.webofficeserver.info\/wordpress\/wp-json\/wp\/v2\/pages"}],"about":[{"href":"https:\/\/wp.gihmm.webofficeserver.info\/wordpress\/wp-json\/wp\/v2\/types\/page"}],"author":[{"embeddable":true,"href":"https:\/\/wp.gihmm.webofficeserver.info\/wordpress\/wp-json\/wp\/v2\/users\/6"}],"replies":[{"embeddable":true,"href":"https:\/\/wp.gihmm.webofficeserver.info\/wordpress\/wp-json\/wp\/v2\/comments?post=2046"}],"version-history":[{"count":44,"href":"https:\/\/wp.gihmm.webofficeserver.info\/wordpress\/wp-json\/wp\/v2\/pages\/2046\/revisions"}],"predecessor-version":[{"id":3390,"href":"https:\/\/wp.gihmm.webofficeserver.info\/wordpress\/wp-json\/wp\/v2\/pages\/2046\/revisions\/3390"}],"up":[{"embeddable":true,"href":"https:\/\/wp.gihmm.webofficeserver.info\/wordpress\/wp-json\/wp\/v2\/pages\/1998"}],"wp:attachment":[{"href":"https:\/\/wp.gihmm.webofficeserver.info\/wordpress\/wp-json\/wp\/v2\/media?parent=2046"}],"curies":[{"name":"wp","href":"https:\/\/api.w.org\/{rel}","templated":true}]}}