{"id":1998,"date":"2019-04-25T08:49:54","date_gmt":"2019-04-25T06:49:54","guid":{"rendered":"https:\/\/wp.gihmm.webofficeserver.info\/?page_id=1998"},"modified":"2021-09-06T12:35:26","modified_gmt":"2021-09-06T10:35:26","slug":"radioaktivitaet-messen","status":"publish","type":"page","link":"https:\/\/wp.gihmm.webofficeserver.info\/radioaktivitaet-messen\/","title":{"rendered":"Radioaktivit\u00e4t messen"},"content":{"rendered":"<p>[vc_row][vc_column]<link href=\"\/\/Open+Sans:600\" rel=\"stylesheet\" property=\"stylesheet\" type=\"text\/css\" media=\"all\">\n<div id=\"rev_slider_10_1_wrapper\" class=\"rev_slider_wrapper fullwidthbanner-container\" data-source=\"gallery\" style=\"margin:0px auto;background:transparent;padding:0px;margin-top:0px;margin-bottom:0px;\">\n<!-- START REVOLUTION SLIDER 5.4.1 fullwidth mode -->\n\t<div id=\"rev_slider_10_1\" class=\"rev_slider fullwidthabanner\" style=\"display:none;\" data-version=\"5.4.1\">\n<ul>\t<!-- SLIDE  -->\n\t<li data-index=\"rs-23\" data-transition=\"fade,slideleft\" data-slotamount=\"default,default\" data-hideafterloop=\"0\" data-hideslideonmobile=\"off\"  data-easein=\"default,default\" data-easeout=\"default,default\" data-masterspeed=\"default,default\"  data-rotate=\"0,0\"  data-saveperformance=\"off\"  data-title=\"Slide\" data-param1=\"\" data-param2=\"\" data-param3=\"\" data-param4=\"\" data-param5=\"\" data-param6=\"\" data-param7=\"\" data-param8=\"\" data-param9=\"\" data-param10=\"\" data-description=\"\">\n\t\t<!-- MAIN IMAGE -->\n\t\t<img src=\"https:\/\/wp.gihmm.webofficeserver.info\/wp-content\/uploads\/2019\/05\/Gihmm_Radioaktivita\u0308t_Headerbild.jpg\"  alt=\"\" title=\"Gihmm_Radioaktivita\u0308t_Headerbild\"  width=\"2000\" height=\"509\" data-bgposition=\"center center\" data-bgfit=\"cover\" data-bgrepeat=\"no-repeat\" class=\"rev-slidebg\" data-no-retina>\n\t\t<!-- LAYERS -->\n\n\t\t<!-- LAYER NR. 1 -->\n\t\t<div class=\"tp-caption   tp-resizeme  text-center\" \n\t\t\t id=\"slide-23-layer-2\" \n\t\t\t data-x=\"center\" data-hoffset=\"\" \n\t\t\t data-y=\"center\" data-voffset=\"30\" \n\t\t\t\t\t\tdata-width=\"['954']\"\n\t\t\tdata-height=\"['auto']\"\n \n\t\t\tdata-type=\"text\" \n\t\t\tdata-responsive_offset=\"on\" \n\n\t\t\tdata-frames='[{\"delay\":10,\"speed\":300,\"frame\":\"0\",\"from\":\"opacity:0;\",\"to\":\"o:1;\",\"ease\":\"Power3.easeInOut\"},{\"delay\":\"wait\",\"speed\":300,\"frame\":\"999\",\"to\":\"opacity:0;\",\"ease\":\"Power3.easeInOut\"}]'\n\t\t\tdata-textAlign=\"['inherit','inherit','inherit','inherit']\"\n\t\t\tdata-paddingtop=\"[0,0,0,0]\"\n\t\t\tdata-paddingright=\"[0,0,0,0]\"\n\t\t\tdata-paddingbottom=\"[0,0,0,0]\"\n\t\t\tdata-paddingleft=\"[0,0,0,0]\"\n\n\t\t\tstyle=\"z-index: 6; min-width: 954px; max-width: 954px; white-space: normal; font-size: 30px; line-height: 48px; font-weight: 600; color: #000000; letter-spacing: 0px;font-family:Open Sans;\"><center><i><\/i><\/center> <\/div>\n\t<\/li>\n<\/ul>\n<div class=\"tp-bannertimer tp-bottom\" style=\"visibility: hidden !important;\"><\/div>\t<\/div>\n<script>var htmlDiv = document.getElementById(\"rs-plugin-settings-inline-css\"); var htmlDivCss=\"\";\r\n\t\t\t\tif(htmlDiv) {\r\n\t\t\t\t\thtmlDiv.innerHTML = htmlDiv.innerHTML + htmlDivCss;\r\n\t\t\t\t}else{\r\n\t\t\t\t\tvar htmlDiv = document.createElement(\"div\");\r\n\t\t\t\t\thtmlDiv.innerHTML = \"<style>\" + htmlDivCss + \"<\/style>\";\r\n\t\t\t\t\tdocument.getElementsByTagName(\"head\")[0].appendChild(htmlDiv.childNodes[0]);\r\n\t\t\t\t}\r\n\t\t\t<\/script>\n\t\t<script type=\"text\/javascript\">\r\n\t\t\t\t\t\t\/******************************************\r\n\t\t\t\t-\tPREPARE PLACEHOLDER FOR SLIDER\t-\r\n\t\t\t******************************************\/\r\n\r\n\t\t\tvar setREVStartSize=function(){\r\n\t\t\t\ttry{var e=new Object,i=jQuery(window).width(),t=9999,r=0,n=0,l=0,f=0,s=0,h=0;\r\n\t\t\t\t\te.c = jQuery('#rev_slider_10_1');\r\n\t\t\t\t\te.gridwidth = [1240];\r\n\t\t\t\t\te.gridheight = [400];\r\n\t\t\t\t\t\t\t\r\n\t\t\t\t\te.sliderLayout = \"fullwidth\";\r\n\t\t\t\t\tif(e.responsiveLevels&&(jQuery.each(e.responsiveLevels,function(e,f){f>i&&(t=r=f,l=e),i>f&&f>r&&(r=f,n=e)}),t>r&&(l=n)),f=e.gridheight[l]||e.gridheight[0]||e.gridheight,s=e.gridwidth[l]||e.gridwidth[0]||e.gridwidth,h=i\/s,h=h>1?1:h,f=Math.round(h*f),\"fullscreen\"==e.sliderLayout){var u=(e.c.width(),jQuery(window).height());if(void 0!=e.fullScreenOffsetContainer){var c=e.fullScreenOffsetContainer.split(\",\");if (c) jQuery.each(c,function(e,i){u=jQuery(i).length>0?u-jQuery(i).outerHeight(!0):u}),e.fullScreenOffset.split(\"%\").length>1&&void 0!=e.fullScreenOffset&&e.fullScreenOffset.length>0?u-=jQuery(window).height()*parseInt(e.fullScreenOffset,0)\/100:void 0!=e.fullScreenOffset&&e.fullScreenOffset.length>0&&(u-=parseInt(e.fullScreenOffset,0))}f=u}else void 0!=e.minHeight&&f<e.minHeight&&(f=e.minHeight);e.c.closest(\".rev_slider_wrapper\").css({height:f})\r\n\t\t\t\t\t\r\n\t\t\t\t}catch(d){console.log(\"Failure at Presize of Slider:\"+d)}\r\n\t\t\t};\r\n\t\t\t\r\n\t\t\tsetREVStartSize();\r\n\t\t\t\r\n\t\t\t\t\t\tvar tpj=jQuery;\r\n\t\t\t\r\n\t\t\tvar revapi10;\r\n\t\t\ttpj(document).ready(function() {\n\t\t\t\tif(tpj(\"#rev_slider_10_1\").revolution == undefined){\n\t\t\t\t\trevslider_showDoubleJqueryError(\"#rev_slider_10_1\");\n\t\t\t\t}else{\n\t\t\t\t\trevapi10 = tpj(\"#rev_slider_10_1\").show().revolution({\n\t\t\t\t\t\tsliderType:\"standard\",\njsFileLocation:\"\/\/wp.gihmm.webofficeserver.info\/wp-content\/plugins\/revslider\/public\/assets\/js\/\",\n\t\t\t\t\t\tsliderLayout:\"fullwidth\",\n\t\t\t\t\t\tdottedOverlay:\"none\",\n\t\t\t\t\t\tdelay:9000,\n\t\t\t\t\t\tnavigation: {\n\t\t\t\t\t\t\tkeyboardNavigation:\"on\",\n\t\t\t\t\t\t\tkeyboard_direction: \"horizontal\",\n\t\t\t\t\t\t\tmouseScrollNavigation:\"off\",\n \t\t\t\t\t\t\tmouseScrollReverse:\"default\",\n\t\t\t\t\t\t\tonHoverStop:\"off\",\n\t\t\t\t\t\t\ttouch:{\n\t\t\t\t\t\t\t\ttouchenabled:\"on\",\n\t\t\t\t\t\t\t\ttouchOnDesktop:\"on\",\n\t\t\t\t\t\t\t\tswipe_threshold: 75,\n\t\t\t\t\t\t\t\tswipe_min_touches: 1,\n\t\t\t\t\t\t\t\tswipe_direction: \"horizontal\",\n\t\t\t\t\t\t\t\tdrag_block_vertical: false\n\t\t\t\t\t\t\t}\n\t\t\t\t\t\t},\n\t\t\t\t\t\tvisibilityLevels:[1240,1024,778,480],\n\t\t\t\t\t\tgridwidth:1240,\n\t\t\t\t\t\tgridheight:400,\n\t\t\t\t\t\tlazyType:\"none\",\n\t\t\t\t\t\tshadow:0,\n\t\t\t\t\t\tspinner:\"spinner0\",\n\t\t\t\t\t\tstopLoop:\"off\",\n\t\t\t\t\t\tstopAfterLoops:-1,\n\t\t\t\t\t\tstopAtSlide:-1,\n\t\t\t\t\t\tshuffle:\"off\",\n\t\t\t\t\t\tautoHeight:\"off\",\n\t\t\t\t\t\tdisableProgressBar:\"on\",\n\t\t\t\t\t\thideThumbsOnMobile:\"off\",\n\t\t\t\t\t\thideSliderAtLimit:0,\n\t\t\t\t\t\thideCaptionAtLimit:0,\n\t\t\t\t\t\thideAllCaptionAtLilmit:0,\n\t\t\t\t\t\tdebugMode:false,\n\t\t\t\t\t\tfallbacks: {\n\t\t\t\t\t\t\tsimplifyAll:\"off\",\n\t\t\t\t\t\t\tnextSlideOnWindowFocus:\"off\",\n\t\t\t\t\t\t\tdisableFocusListener:false,\n\t\t\t\t\t\t}\n\t\t\t\t\t});\n\t\t\t\t}\n\t\t\t});\t\/*ready*\/\n\t\t<\/script>\r\n\t\t<\/div><!-- END REVOLUTION SLIDER -->[\/vc_column][\/vc_row][vc_row css=&#8220;.vc_custom_1556281899923{padding-top: 45px !important;padding-bottom: 15px !important;}&#8220;][vc_column width=&#8220;2\/3&#8243; offset=&#8220;vc_col-lg-offset-2 vc_col-md-offset-2 vc_col-sm-offset-2 vc_col-xs-12&#8243; el_id=&#8220;intro1&#8243;][vc_column_text css=&#8220;.vc_custom_1630924522942{margin-bottom: 30px !important;}&#8220;]<\/p>\n<ul class=\"productlist\">\n<li><a class=\"\" href=\"https:\/\/wp.gihmm.webofficeserver.info\/radioaktivitaet-messen\/aerosol-mess-systeme\/\">AEROSOL MESS-SYSTEME<\/a><\/li>\n<li><a href=\"https:\/\/wp.gihmm.webofficeserver.info\/radioaktivitaet-messen\/gamma-detektoren\/\">GAMMA DETEKTOREN<\/a><\/li>\n<li><a href=\"https:\/\/wp.gihmm.webofficeserver.info\/radioaktivitaet-messen\/software\/\">SOFTWARE<\/a><\/li>\n<li><a href=\"https:\/\/wp.gihmm.webofficeserver.info\/radioaktivitaet-messen\/zubehoer\/\">ZUBEH\u00d6R<\/a><\/li>\n<li><a href=\"https:\/\/wp.gihmm.webofficeserver.info\/radioaktivitaet-messen\/loesungen\/\">L\u00d6SUNGEN<\/a><\/li>\n<\/ul>\n<p>[\/vc_column_text][\/vc_column][\/vc_row][vc_row css=&#8220;.vc_custom_1556048497728{padding-top: 50px !important;padding-bottom: 50px !important;background-color: #f1f1f1 !important;}&#8220;][vc_column width=&#8220;2\/3&#8243; offset=&#8220;vc_col-lg-offset-2 vc_col-md-offset-2 vc_col-sm-offset-2 vc_col-xs-12&#8243;][vc_custom_heading text=&#8220;RADIOAKTIVIT\u00c4T MESSEN<br \/>\n&#8220; font_container=&#8220;tag:h1|text_align:center&#8220; use_theme_fonts=&#8220;yes&#8220; css=&#8220;.vc_custom_1556175532728{margin-top: 10px !important;margin-bottom: 50px !important;border-top-width: 0px !important;border-bottom-width: 0px !important;padding-top: 0px !important;padding-bottom: 0px !important;}&#8220;][vc_column_text css=&#8220;.vc_custom_1559667850676{margin-bottom: 30px !important;}&#8220;]<\/p>\n<p style=\"text-align: center;\">Unsere Messsysteme decken ganzheitlich alle radioaktiven Strahlungsarten ab:<\/p>\n<h2 style=\"text-align: center;\"><span style=\"color: #d0011b;\">Alpha-, Beta- und Gamma-Strahlung<\/span><\/h2>\n<p>[\/vc_column_text][vc_column_text css=&#8220;.vc_custom_1559667885967{margin-top: 40px !important;margin-bottom: 30px !important;padding-right: 180px !important;padding-left: 180px !important;}&#8220; el_class=&#8220;mobileinit&#8220;]<img decoding=\"async\" loading=\"lazy\" class=\"noborder notresponsive wp-image-2328 size-full aligncenter\" src=\"https:\/\/wp.gihmm.webofficeserver.info\/wp-content\/uploads\/2019\/06\/Gihmm_Icon_Radioaktivitaet.png\" alt=\"\" width=\"386\" height=\"97\" srcset=\"https:\/\/wp.gihmm.webofficeserver.info\/wp-content\/uploads\/2019\/06\/Gihmm_Icon_Radioaktivitaet.png 386w, https:\/\/wp.gihmm.webofficeserver.info\/wp-content\/uploads\/2019\/06\/Gihmm_Icon_Radioaktivitaet-300x75.png 300w, https:\/\/wp.gihmm.webofficeserver.info\/wp-content\/uploads\/2019\/06\/Gihmm_Icon_Radioaktivitaet-260x65.png 260w, https:\/\/wp.gihmm.webofficeserver.info\/wp-content\/uploads\/2019\/06\/Gihmm_Icon_Radioaktivitaet-50x13.png 50w, https:\/\/wp.gihmm.webofficeserver.info\/wp-content\/uploads\/2019\/06\/Gihmm_Icon_Radioaktivitaet-150x38.png 150w\" sizes=\"(max-width: 386px) 100vw, 386px\" \/>[\/vc_column_text][\/vc_column][\/vc_row][vc_row css=&#8220;.vc_custom_1556278434528{padding-top: 50px !important;background-color: #ffffff !important;}&#8220; el_class=&#8220;biggap&#8220;][vc_column width=&#8220;2\/3&#8243; offset=&#8220;vc_col-lg-offset-2 vc_col-md-offset-2 vc_col-sm-offset-2 vc_col-xs-12&#8243;][vc_row_inner equal_height=&#8220;yes&#8220; gap=&#8220;35&#8243;][vc_column_inner el_class=&#8220;redbox&#8220; width=&#8220;1\/2&#8243; css=&#8220;.vc_custom_1556177313560{padding-top: 65px !important;padding-right: 50px !important;padding-bottom: 65px !important;padding-left: 50px !important;background-color: #d0011b !important;}&#8220;][vc_column_text css=&#8220;.vc_custom_1556176220290{margin-bottom: 65px !important;}&#8220;]<\/p>\n<h2 style=\"text-align: center;\">AEROSOL MESS-SYSTEME<\/h2>\n<p>[\/vc_column_text][vc_column_text css=&#8220;.vc_custom_1556176235496{margin-bottom: 65px !important;}&#8220;]<\/p>\n<p style=\"text-align: center;\">Aerosol Monitoring erm\u00f6glicht die Messung von radioaktiven Partikeln in der Luft in Form von Alpha, Beta und Gamma Strahlung.<\/p>\n<p>[\/vc_column_text][vc_column_text css=&#8220;.vc_custom_1556177466357{margin-bottom: 65px !important;}&#8220;]<img decoding=\"async\" loading=\"lazy\" class=\"alignnone size-full wp-image-2010 aligncenter\" src=\"https:\/\/wp.gihmm.webofficeserver.info\/wp-content\/uploads\/2019\/04\/abc-rot.png\" alt=\"\" width=\"322\" height=\"87\" srcset=\"https:\/\/wp.gihmm.webofficeserver.info\/wp-content\/uploads\/2019\/04\/abc-rot.png 322w, https:\/\/wp.gihmm.webofficeserver.info\/wp-content\/uploads\/2019\/04\/abc-rot-300x81.png 300w, https:\/\/wp.gihmm.webofficeserver.info\/wp-content\/uploads\/2019\/04\/abc-rot-260x70.png 260w, https:\/\/wp.gihmm.webofficeserver.info\/wp-content\/uploads\/2019\/04\/abc-rot-50x14.png 50w, https:\/\/wp.gihmm.webofficeserver.info\/wp-content\/uploads\/2019\/04\/abc-rot-150x41.png 150w\" sizes=\"(max-width: 322px) 100vw, 322px\" \/>[\/vc_column_text][vc_btn title=&#8220;Zu den Produkten&#8220; shape=&#8220;square&#8220; color=&#8220;white&#8220; link=&#8220;url:https%3A%2F%2Fwp.gihmm.webofficeserver.info%2Fradioaktivitaet-messen%2Faerosol-mess-systeme%2F|title:AEROSOL-MESS-SYSTEME||&#8220; el_class=&#8220;whitbtn&#8220;][\/vc_column_inner][vc_column_inner el_class=&#8220;redbox&#8220; width=&#8220;1\/2&#8243; css=&#8220;.vc_custom_1556177285112{padding-top: 65px !important;padding-right: 50px !important;padding-bottom: 65px !important;padding-left: 50px !important;background-color: #d0011b !important;}&#8220;][vc_column_text css=&#8220;.vc_custom_1556176353225{margin-bottom: 65px !important;}&#8220;]<\/p>\n<h2 style=\"text-align: center;\">GAMMA DETEKTOREN<\/h2>\n<p>[\/vc_column_text][vc_column_text css=&#8220;.vc_custom_1558942806986{margin-bottom: 65px !important;}&#8220;]<\/p>\n<p style=\"text-align: center;\">Gamma Detektoren messen Radioaktivit\u00e4t in Form von Gamma Strahlung, die auf den menschlichen K\u00f6rper einwirkt.<\/p>\n<p>[\/vc_column_text][vc_column_text css=&#8220;.vc_custom_1556176346803{margin-bottom: 65px !important;}&#8220;]<img decoding=\"async\" loading=\"lazy\" class=\"alignnone size-full wp-image-2012 aligncenter\" src=\"https:\/\/wp.gihmm.webofficeserver.info\/wp-content\/uploads\/2019\/04\/gamma-rot.png\" alt=\"\" width=\"91\" height=\"87\" srcset=\"https:\/\/wp.gihmm.webofficeserver.info\/wp-content\/uploads\/2019\/04\/gamma-rot.png 91w, https:\/\/wp.gihmm.webofficeserver.info\/wp-content\/uploads\/2019\/04\/gamma-rot-50x48.png 50w, https:\/\/wp.gihmm.webofficeserver.info\/wp-content\/uploads\/2019\/04\/gamma-rot-78x75.png 78w\" sizes=\"(max-width: 91px) 100vw, 91px\" \/>[\/vc_column_text][vc_btn title=&#8220;Zu den Produkten&#8220; shape=&#8220;square&#8220; color=&#8220;white&#8220; link=&#8220;url:https%3A%2F%2Fwp.gihmm.webofficeserver.info%2Fradioaktivitaet-messen%2Fgamma-detektoren%2F|title:GAMMA%20DETEKTOREN||&#8220; el_class=&#8220;whitbtn&#8220;][\/vc_column_inner][\/vc_row_inner][\/vc_column][\/vc_row][vc_row el_id=&#8220;intro2&#8243; css=&#8220;.vc_custom_1556278393546{padding-bottom: 20px !important;}&#8220;][vc_column width=&#8220;2\/3&#8243; offset=&#8220;vc_col-lg-offset-2 vc_col-lg-8 vc_col-md-offset-2 vc_col-md-8 vc_col-sm-offset-2 vc_col-xs-12&#8243;][vc_row_inner][vc_column_inner offset=&#8220;vc_col-lg-4 vc_col-md-4 vc_col-xs-12&#8243;][vc_column_text css=&#8220;.vc_custom_1556278528178{margin-bottom: 25px !important;}&#8220;]<\/p>\n<h2 style=\"text-align: center;\">Ma\u00dfgeschneiderte<br \/>\nProduktion<\/h2>\n<p>[\/vc_column_text][vc_column_text]<\/p>\n<p style=\"text-align: center;\">Wir sind auf die Entwicklung und Produktion von kundenspezifischen L\u00f6sungen spezialisiert. Unsere Kunden profitieren vom langj\u00e4hrigen Know How unserer Techniker: Entwicklung, Produktion, Installation, Service &amp; Kalibrierung von Radioaktivit\u00e4ts-Messger\u00e4ten aus einer Hand.<\/p>\n<p>[\/vc_column_text][vc_column_text el_class=&#8220;mobileonly&#8220;]<\/p>\n<p style=\"text-align: center;\"><a class=\"redbtn3\" href=\"\/support\/\">Technische<br \/>\nBeratung<\/a><\/p>\n<p>[\/vc_column_text][\/vc_column_inner][vc_column_inner offset=&#8220;vc_col-lg-4 vc_col-md-4 vc_col-xs-12&#8243;][vc_column_text css=&#8220;.vc_custom_1556278533533{margin-bottom: 25px !important;}&#8220;]<\/p>\n<h2 style=\"text-align: center;\">Abgestimmte<br \/>\nSoftwarel\u00f6sungen<\/h2>\n<p>[\/vc_column_text][vc_column_text]<\/p>\n<p style=\"text-align: center;\">Individuelle Softwarel\u00f6sungen \u2013 als Client-Server-L\u00f6sung oder als Cloud-Dienst \u2013 mit umfangreichen Funktionen zur jeweiligen Verarbeitung und Speicherung der Daten bieten eine Vielf\u00e4ltigkeit in der Benutzeradministration.<\/p>\n<p>[\/vc_column_text][vc_column_text el_class=&#8220;mobileonly&#8220;]<\/p>\n<p style=\"text-align: center; line-height: 47px;\"><a class=\"redbtn3\" href=\"https:\/\/wp.gihmm.webofficeserver.info\/radioaktivitaet-messen\/software\/\">Softwarel\u00f6sungen<\/a><\/p>\n<p>[\/vc_column_text][\/vc_column_inner][vc_column_inner offset=&#8220;vc_col-lg-4 vc_col-md-4 vc_col-xs-12&#8243;][vc_column_text css=&#8220;.vc_custom_1556278539409{margin-bottom: 25px !important;}&#8220;]<\/p>\n<h2 style=\"text-align: center;\">Service und<br \/>\npers\u00f6nliche Beratung<\/h2>\n<p>[\/vc_column_text][vc_column_text]<\/p>\n<p style=\"text-align: center;\">Unser Serviceteam bietet professionelle Wartung der Radioaktivit\u00e4tsmessger\u00e4te und gew\u00e4hrleistet damit einen st\u00f6rungsfreien und zuverl\u00e4ssigen Betrieb Ihrer Messger\u00e4te.<\/p>\n<p>[\/vc_column_text][vc_column_text el_class=&#8220;mobileonly&#8220;]<\/p>\n<p style=\"text-align: center;\"><a class=\"redbtn3\" href=\"https:\/\/wp.gihmm.webofficeserver.info\/support\/\">Pers\u00f6nliche<br \/>\nBeratung<\/a><\/p>\n<p>[\/vc_column_text][\/vc_column_inner][\/vc_row_inner][vc_row_inner el_class=&#8220;desktoponly&#8220; css=&#8220;.vc_custom_1566285238173{margin-top: 40px !important;}&#8220;][vc_column_inner offset=&#8220;vc_col-lg-4 vc_col-md-6 vc_col-xs-12&#8243; css=&#8220;.vc_custom_1556279209313{margin-top: -20px !important;}&#8220;][vc_column_text]<\/p>\n<p style=\"text-align: center;\"><a class=\"redbtn3\" href=\"\/support\/\">Technische<br \/>\nBeratung<\/a><\/p>\n<p>[\/vc_column_text][\/vc_column_inner][vc_column_inner offset=&#8220;vc_col-lg-4 vc_col-md-6 vc_col-xs-12&#8243; css=&#8220;.vc_custom_1556279214081{margin-top: -20px !important;}&#8220;][vc_column_text]<\/p>\n<p style=\"text-align: center; line-height: 47px;\"><a class=\"redbtn3\" href=\"https:\/\/wp.gihmm.webofficeserver.info\/radioaktivitaet-messen\/software\/\">Softwarel\u00f6sungen<\/a><\/p>\n<p>[\/vc_column_text][\/vc_column_inner][vc_column_inner offset=&#8220;vc_col-lg-4 vc_col-md-6 vc_col-xs-12&#8243; css=&#8220;.vc_custom_1556279221698{margin-top: -20px !important;}&#8220;][vc_column_text]<\/p>\n<p style=\"text-align: center;\"><a class=\"redbtn3\" href=\"https:\/\/wp.gihmm.webofficeserver.info\/support\/\">Pers\u00f6nliche<br \/>\nBeratung<\/a><\/p>\n<p>[\/vc_column_text][\/vc_column_inner][\/vc_row_inner][\/vc_column][\/vc_row][vc_row el_class=&#8220;call-to-action&#8220; css=&#8220;.vc_custom_1494944009560{background-color: #d0011b !important;}&#8220;][vc_column width=&#8220;5\/6&#8243; offset=&#8220;vc_col-md-offset-2 vc_col-md-8 vc_col-sm-offset-1 vc_col-xs-offset-1 vc_col-xs-10&#8243;][vc_cta h2=&#8220;KONTAKTIEREN SIE UNS!&#8220; h4=&#8220;WIR FREUEN UNS AUF IHRE ANFRAGE&#8220; shape=&#8220;square&#8220; style=&#8220;custom&#8220; add_button=&#8220;right&#8220; btn_title=&#8220;KONTAKT&#8220; btn_style=&#8220;classic&#8220; btn_color=&#8220;white&#8220; btn_size=&#8220;lg&#8220; btn_i_align=&#8220;right&#8220; btn_i_icon_fontawesome=&#8220;fa fa-arrow-circle-right&#8220; btn_add_icon=&#8220;true&#8220; custom_background=&#8220;#d0011b&#8220; btn_link=&#8220;url:https%3A%2F%2Fwp.gihmm.webofficeserver.info%2Fsupport%2F|title:SUPPORT%20UND%20KONTAKT||&#8220; custom_text=&#8220;#ffffff&#8220;][\/vc_cta][\/vc_column][\/vc_row]<\/p>\n","protected":false},"excerpt":{"rendered":"<p>[vc_row][vc_column][\/vc_column][\/vc_row][vc_row css=&#8220;.vc_custom_1556281899923{padding-top: 45px !important;padding-bottom: 15px !important;}&#8220;][vc_column width=&#8220;2\/3&#8243; offset=&#8220;vc_col-lg-offset-2 vc_col-md-offset-2 vc_col-sm-offset-2 vc_col-xs-12&#8243; el_id=&#8220;intro1&#8243;][vc_column_text css=&#8220;.vc_custom_1630924522942{margin-bottom: 30px !important;}&#8220;] AEROSOL MESS-SYSTEME GAMMA DETEKTOREN SOFTWARE ZUBEH\u00d6R L\u00d6SUNGEN [\/vc_column_text][\/vc_column][\/vc_row][vc_row css=&#8220;.vc_custom_1556048497728{padding-top: 50px !important;padding-bottom:<span class=\"excerpt-hellip\"> [\u2026]<\/span><\/p>\n","protected":false},"author":6,"featured_media":0,"parent":0,"menu_order":0,"comment_status":"closed","ping_status":"closed","template":"","meta":[],"yoast_head":"<!-- This site is optimized with the Yoast SEO plugin v19.10 - https:\/\/yoast.com\/wordpress\/plugins\/seo\/ -->\n<title>Radioaktivit\u00e4ts-Messung: Aerosol Messger\u00e4te, Gamma Detektoren<\/title>\n<meta name=\"description\" content=\"Messsysteme f\u00fcr radioaktiven Strahlungen: Alpha- Beta-, Gamma-Strahlung. Aerosol Monitoring f\u00fcr radioaktive Partikeln in der Luft. Gamma Detektoren. \u25ba Gihmm\" \/>\n<meta name=\"robots\" content=\"index, follow, max-snippet:-1, max-image-preview:large, max-video-preview:-1\" \/>\n<link rel=\"canonical\" href=\"https:\/\/wp.gihmm.webofficeserver.info\/radioaktivitaet-messen\/\" \/>\n<meta property=\"og:locale\" content=\"de_DE\" \/>\n<meta property=\"og:type\" content=\"article\" \/>\n<meta property=\"og:title\" content=\"Radioaktivit\u00e4ts-Messung: Aerosol Messger\u00e4te, Gamma Detektoren\" \/>\n<meta property=\"og:description\" content=\"Messsysteme f\u00fcr radioaktiven Strahlungen: Alpha- Beta-, Gamma-Strahlung. Aerosol Monitoring f\u00fcr radioaktive Partikeln in der Luft. Gamma Detektoren. \u25ba Gihmm\" \/>\n<meta property=\"og:url\" content=\"https:\/\/wp.gihmm.webofficeserver.info\/radioaktivitaet-messen\/\" \/>\n<meta property=\"og:site_name\" content=\"Gihmm\" \/>\n<meta property=\"article:modified_time\" content=\"2021-09-06T10:35:26+00:00\" \/>\n<meta property=\"og:image\" content=\"https:\/\/wp.gihmm.webofficeserver.info\/wp-content\/uploads\/2019\/06\/Gihmm_Icon_Radioaktivitaet.png\" \/>\n<meta name=\"twitter:card\" content=\"summary_large_image\" \/>\n<meta name=\"twitter:label1\" content=\"Gesch\u00e4tzte Lesezeit\" \/>\n\t<meta name=\"twitter:data1\" content=\"5\u00a0Minuten\" \/>\n<script type=\"application\/ld+json\" class=\"yoast-schema-graph\">{\"@context\":\"https:\/\/schema.org\",\"@graph\":[{\"@type\":\"WebPage\",\"@id\":\"https:\/\/wp.gihmm.webofficeserver.info\/radioaktivitaet-messen\/\",\"url\":\"https:\/\/wp.gihmm.webofficeserver.info\/radioaktivitaet-messen\/\",\"name\":\"Radioaktivit\u00e4ts-Messung: Aerosol Messger\u00e4te, Gamma Detektoren\",\"isPartOf\":{\"@id\":\"https:\/\/wp.gihmm.webofficeserver.info\/#website\"},\"datePublished\":\"2019-04-25T06:49:54+00:00\",\"dateModified\":\"2021-09-06T10:35:26+00:00\",\"description\":\"Messsysteme f\u00fcr radioaktiven Strahlungen: Alpha- Beta-, Gamma-Strahlung. Aerosol Monitoring f\u00fcr radioaktive Partikeln in der Luft. Gamma Detektoren. \u25ba Gihmm\",\"breadcrumb\":{\"@id\":\"https:\/\/wp.gihmm.webofficeserver.info\/radioaktivitaet-messen\/#breadcrumb\"},\"inLanguage\":\"de\",\"potentialAction\":[{\"@type\":\"ReadAction\",\"target\":[\"https:\/\/wp.gihmm.webofficeserver.info\/radioaktivitaet-messen\/\"]}]},{\"@type\":\"BreadcrumbList\",\"@id\":\"https:\/\/wp.gihmm.webofficeserver.info\/radioaktivitaet-messen\/#breadcrumb\",\"itemListElement\":[{\"@type\":\"ListItem\",\"position\":1,\"name\":\"Home\",\"item\":\"https:\/\/wp.gihmm.webofficeserver.info\/\"},{\"@type\":\"ListItem\",\"position\":2,\"name\":\"Radioaktivit\u00e4t messen\"}]},{\"@type\":\"WebSite\",\"@id\":\"https:\/\/wp.gihmm.webofficeserver.info\/#website\",\"url\":\"https:\/\/wp.gihmm.webofficeserver.info\/\",\"name\":\"Gihmm\",\"description\":\"Face the invisibility\",\"potentialAction\":[{\"@type\":\"SearchAction\",\"target\":{\"@type\":\"EntryPoint\",\"urlTemplate\":\"https:\/\/wp.gihmm.webofficeserver.info\/?s={search_term_string}\"},\"query-input\":\"required name=search_term_string\"}],\"inLanguage\":\"de\"}]}<\/script>\n<!-- \/ Yoast SEO plugin. -->","yoast_head_json":{"title":"Radioaktivit\u00e4ts-Messung: Aerosol Messger\u00e4te, Gamma Detektoren","description":"Messsysteme f\u00fcr radioaktiven Strahlungen: Alpha- Beta-, Gamma-Strahlung. Aerosol Monitoring f\u00fcr radioaktive Partikeln in der Luft. Gamma Detektoren. \u25ba Gihmm","robots":{"index":"index","follow":"follow","max-snippet":"max-snippet:-1","max-image-preview":"max-image-preview:large","max-video-preview":"max-video-preview:-1"},"canonical":"https:\/\/wp.gihmm.webofficeserver.info\/radioaktivitaet-messen\/","og_locale":"de_DE","og_type":"article","og_title":"Radioaktivit\u00e4ts-Messung: Aerosol Messger\u00e4te, Gamma Detektoren","og_description":"Messsysteme f\u00fcr radioaktiven Strahlungen: Alpha- Beta-, Gamma-Strahlung. Aerosol Monitoring f\u00fcr radioaktive Partikeln in der Luft. Gamma Detektoren. \u25ba Gihmm","og_url":"https:\/\/wp.gihmm.webofficeserver.info\/radioaktivitaet-messen\/","og_site_name":"Gihmm","article_modified_time":"2021-09-06T10:35:26+00:00","og_image":[{"url":"https:\/\/wp.gihmm.webofficeserver.info\/wp-content\/uploads\/2019\/06\/Gihmm_Icon_Radioaktivitaet.png"}],"twitter_card":"summary_large_image","twitter_misc":{"Gesch\u00e4tzte Lesezeit":"5\u00a0Minuten"},"schema":{"@context":"https:\/\/schema.org","@graph":[{"@type":"WebPage","@id":"https:\/\/wp.gihmm.webofficeserver.info\/radioaktivitaet-messen\/","url":"https:\/\/wp.gihmm.webofficeserver.info\/radioaktivitaet-messen\/","name":"Radioaktivit\u00e4ts-Messung: Aerosol Messger\u00e4te, Gamma Detektoren","isPartOf":{"@id":"https:\/\/wp.gihmm.webofficeserver.info\/#website"},"datePublished":"2019-04-25T06:49:54+00:00","dateModified":"2021-09-06T10:35:26+00:00","description":"Messsysteme f\u00fcr radioaktiven Strahlungen: Alpha- Beta-, Gamma-Strahlung. Aerosol Monitoring f\u00fcr radioaktive Partikeln in der Luft. Gamma Detektoren. \u25ba Gihmm","breadcrumb":{"@id":"https:\/\/wp.gihmm.webofficeserver.info\/radioaktivitaet-messen\/#breadcrumb"},"inLanguage":"de","potentialAction":[{"@type":"ReadAction","target":["https:\/\/wp.gihmm.webofficeserver.info\/radioaktivitaet-messen\/"]}]},{"@type":"BreadcrumbList","@id":"https:\/\/wp.gihmm.webofficeserver.info\/radioaktivitaet-messen\/#breadcrumb","itemListElement":[{"@type":"ListItem","position":1,"name":"Home","item":"https:\/\/wp.gihmm.webofficeserver.info\/"},{"@type":"ListItem","position":2,"name":"Radioaktivit\u00e4t messen"}]},{"@type":"WebSite","@id":"https:\/\/wp.gihmm.webofficeserver.info\/#website","url":"https:\/\/wp.gihmm.webofficeserver.info\/","name":"Gihmm","description":"Face the invisibility","potentialAction":[{"@type":"SearchAction","target":{"@type":"EntryPoint","urlTemplate":"https:\/\/wp.gihmm.webofficeserver.info\/?s={search_term_string}"},"query-input":"required name=search_term_string"}],"inLanguage":"de"}]}},"_links":{"self":[{"href":"https:\/\/wp.gihmm.webofficeserver.info\/wordpress\/wp-json\/wp\/v2\/pages\/1998"}],"collection":[{"href":"https:\/\/wp.gihmm.webofficeserver.info\/wordpress\/wp-json\/wp\/v2\/pages"}],"about":[{"href":"https:\/\/wp.gihmm.webofficeserver.info\/wordpress\/wp-json\/wp\/v2\/types\/page"}],"author":[{"embeddable":true,"href":"https:\/\/wp.gihmm.webofficeserver.info\/wordpress\/wp-json\/wp\/v2\/users\/6"}],"replies":[{"embeddable":true,"href":"https:\/\/wp.gihmm.webofficeserver.info\/wordpress\/wp-json\/wp\/v2\/comments?post=1998"}],"version-history":[{"count":68,"href":"https:\/\/wp.gihmm.webofficeserver.info\/wordpress\/wp-json\/wp\/v2\/pages\/1998\/revisions"}],"predecessor-version":[{"id":3394,"href":"https:\/\/wp.gihmm.webofficeserver.info\/wordpress\/wp-json\/wp\/v2\/pages\/1998\/revisions\/3394"}],"wp:attachment":[{"href":"https:\/\/wp.gihmm.webofficeserver.info\/wordpress\/wp-json\/wp\/v2\/media?parent=1998"}],"curies":[{"name":"wp","href":"https:\/\/api.w.org\/{rel}","templated":true}]}}